{"id":1862,"date":"2023-07-08T07:17:28","date_gmt":"2023-07-08T13:17:28","guid":{"rendered":"http:\/\/lenceria69.com\/hn\/?post_type=product&#038;p=1862"},"modified":"2024-08-19T16:18:55","modified_gmt":"2024-08-19T22:18:55","slug":"pureinstinctperfume","status":"publish","type":"product","link":"https:\/\/lenceria69.com\/hn\/producto\/pureinstinctperfume\/","title":{"rendered":"Pure Instinct Perfume &#8211; Perfume de Feromonas para Dama"},"content":{"rendered":"<p>Pure Instinct for Her es un perfume de feromonas que se mezcla con la qu\u00edmica de tu cuerpo para intensificar el atractivo sexual y atraer al sexo opuesto.<\/p>\n<p>Caracter\u00edsticas:<br \/>\n&#8211; Para ella<br \/>\n&#8211; Perfume con infusi\u00f3n de feromonas<br \/>\n&#8211; Aplicaci\u00f3n de niebla<br \/>\n&#8211; Crea un aroma \u00fanico.<\/p>\n","protected":false},"excerpt":{"rendered":"<p>Pure Instinct for Her es un perfume de feromonas que se mezcla con la qu\u00edmica de tu cuerpo para intensificar el atractivo sexual y atraer al sexo opuesto. Caracter\u00edsticas: &#8211; Para ella &#8211; Perfume con infusi\u00f3n de feromonas &#8211; Aplicaci\u00f3n de niebla &#8211; Crea un aroma \u00fanico.<\/p>\n","protected":false},"featured_media":1000001343,"comment_status":"open","ping_status":"closed","template":"","meta":{"_kad_post_transparent":"default","_kad_post_title":"","_kad_post_layout":"default","_kad_post_sidebar_id":"","_kad_post_content_style":"default","_kad_post_vertical_padding":"default","_kad_post_feature":"","_kad_post_feature_position":"","_kad_post_header":false,"_kad_post_footer":false,"_joinchat":[]},"product_brand":[],"product_cat":[68,38],"product_tag":[],"class_list":{"0":"post-1862","1":"product","2":"type-product","3":"status-publish","4":"has-post-thumbnail","6":"product_cat-cosmeticos","7":"product_cat-lubricantes","9":"first","10":"outofstock","11":"shipping-taxable","12":"product-type-variable","13":"entry","14":"content-bg","15":"loop-entry"},"_links":{"self":[{"href":"https:\/\/lenceria69.com\/hn\/wp-json\/wp\/v2\/product\/1862","targetHints":{"allow":["GET"]}}],"collection":[{"href":"https:\/\/lenceria69.com\/hn\/wp-json\/wp\/v2\/product"}],"about":[{"href":"https:\/\/lenceria69.com\/hn\/wp-json\/wp\/v2\/types\/product"}],"replies":[{"embeddable":true,"href":"https:\/\/lenceria69.com\/hn\/wp-json\/wp\/v2\/comments?post=1862"}],"version-history":[{"count":1,"href":"https:\/\/lenceria69.com\/hn\/wp-json\/wp\/v2\/product\/1862\/revisions"}],"predecessor-version":[{"id":5844,"href":"https:\/\/lenceria69.com\/hn\/wp-json\/wp\/v2\/product\/1862\/revisions\/5844"}],"wp:featuredmedia":[{"embeddable":true,"href":"https:\/\/lenceria69.com\/hn\/wp-json\/"}],"wp:attachment":[{"href":"https:\/\/lenceria69.com\/hn\/wp-json\/wp\/v2\/media?parent=1862"}],"wp:term":[{"taxonomy":"product_brand","embeddable":true,"href":"https:\/\/lenceria69.com\/hn\/wp-json\/wp\/v2\/product_brand?post=1862"},{"taxonomy":"product_cat","embeddable":true,"href":"https:\/\/lenceria69.com\/hn\/wp-json\/wp\/v2\/product_cat?post=1862"},{"taxonomy":"product_tag","embeddable":true,"href":"https:\/\/lenceria69.com\/hn\/wp-json\/wp\/v2\/product_tag?post=1862"}],"curies":[{"name":"wp","href":"https:\/\/api.w.org\/{rel}","templated":true}]}}