{"id":1723,"date":"2025-08-27T08:00:15","date_gmt":"2025-08-27T14:00:15","guid":{"rendered":"http:\/\/lenceria69.com\/hn\/?post_type=product&#038;p=1723"},"modified":"2025-10-06T16:03:09","modified_gmt":"2025-10-06T22:03:09","slug":"lhn014","status":"publish","type":"product","link":"https:\/\/lenceria69.com\/hn\/producto\/lhn014\/","title":{"rendered":"Sensual Conjunto Dos Piezas"},"content":{"rendered":"<p>Aqu\u00ed tenemos el conjunto que estabas esperando para que tu pareja no te quite los ojos de encima, un sensual Conjunto de dos piezas con detalles de encaje semitraslucido que deja volar a la imaginaci\u00f3n, har\u00e1 que tu pareja solo tenga ojos para ti y para nadie m\u00e1s.<\/p>\n","protected":false},"excerpt":{"rendered":"<p>LHN-014<\/p>\n","protected":false},"featured_media":1000001219,"comment_status":"open","ping_status":"closed","template":"","meta":{"_kad_post_transparent":"default","_kad_post_title":"","_kad_post_layout":"default","_kad_post_sidebar_id":"","_kad_post_content_style":"default","_kad_post_vertical_padding":"default","_kad_post_feature":"","_kad_post_feature_position":"","_kad_post_header":false,"_kad_post_footer":false,"_joinchat":[]},"product_brand":[],"product_cat":[32,37],"product_tag":[],"class_list":{"0":"post-1723","1":"product","2":"type-product","3":"status-publish","4":"has-post-thumbnail","6":"product_cat-lenceria","7":"product_cat-unitalla","9":"first","10":"outofstock","11":"shipping-taxable","12":"purchasable","13":"product-type-simple","14":"entry","15":"content-bg","16":"loop-entry"},"_links":{"self":[{"href":"https:\/\/lenceria69.com\/hn\/wp-json\/wp\/v2\/product\/1723","targetHints":{"allow":["GET"]}}],"collection":[{"href":"https:\/\/lenceria69.com\/hn\/wp-json\/wp\/v2\/product"}],"about":[{"href":"https:\/\/lenceria69.com\/hn\/wp-json\/wp\/v2\/types\/product"}],"replies":[{"embeddable":true,"href":"https:\/\/lenceria69.com\/hn\/wp-json\/wp\/v2\/comments?post=1723"}],"version-history":[{"count":3,"href":"https:\/\/lenceria69.com\/hn\/wp-json\/wp\/v2\/product\/1723\/revisions"}],"predecessor-version":[{"id":11340,"href":"https:\/\/lenceria69.com\/hn\/wp-json\/wp\/v2\/product\/1723\/revisions\/11340"}],"wp:featuredmedia":[{"embeddable":true,"href":"https:\/\/lenceria69.com\/hn\/wp-json\/"}],"wp:attachment":[{"href":"https:\/\/lenceria69.com\/hn\/wp-json\/wp\/v2\/media?parent=1723"}],"wp:term":[{"taxonomy":"product_brand","embeddable":true,"href":"https:\/\/lenceria69.com\/hn\/wp-json\/wp\/v2\/product_brand?post=1723"},{"taxonomy":"product_cat","embeddable":true,"href":"https:\/\/lenceria69.com\/hn\/wp-json\/wp\/v2\/product_cat?post=1723"},{"taxonomy":"product_tag","embeddable":true,"href":"https:\/\/lenceria69.com\/hn\/wp-json\/wp\/v2\/product_tag?post=1723"}],"curies":[{"name":"wp","href":"https:\/\/api.w.org\/{rel}","templated":true}]}}