{"id":1458,"date":"2023-06-16T14:05:53","date_gmt":"2023-06-16T20:05:53","guid":{"rendered":"http:\/\/lenceria69.com\/hn\/?post_type=product&#038;p=1458"},"modified":"2024-09-30T12:40:56","modified_gmt":"2024-09-30T18:40:56","slug":"liquidvforwomenfoil","status":"publish","type":"product","link":"https:\/\/lenceria69.com\/hn\/producto\/liquidvforwomenfoil\/","title":{"rendered":"Liquid V for Woman &#8211; Sensibilizante para Mujer"},"content":{"rendered":"<p>Esto es incre\u00edble; Todo lo que se necesita es una gota de esta f\u00f3rmula m\u00e1gica en la parte superior del cl\u00edtoris. Inmediatamente comienza a actuar aumentando el flujo sangu\u00edneo a uno de los lugares m\u00e1s sensibles del cuerpo de una mujer. Liquid V no se detiene ah\u00ed, tambi\u00e9n produce una c\u00e1lida sensaci\u00f3n de hormigueo que encanta a las mujeres; Logra el cl\u00edmax definitivo con Liquid V y te preguntar\u00e1s c\u00f3mo te fue sin \u00e9l.<\/p>\n","protected":false},"excerpt":{"rendered":"<p>Esto es incre\u00edble; Todo lo que se necesita es una gota de esta f\u00f3rmula m\u00e1gica en la parte superior del cl\u00edtoris. Inmediatamente comienza a actuar aumentando el flujo sangu\u00edneo a uno de los lugares m\u00e1s sensibles del cuerpo de una mujer. Liquid V no se detiene ah\u00ed, tambi\u00e9n produce una c\u00e1lida sensaci\u00f3n de hormigueo que&#8230;<\/p>\n","protected":false},"featured_media":1000001035,"comment_status":"open","ping_status":"closed","template":"","meta":{"_kad_post_transparent":"default","_kad_post_title":"","_kad_post_layout":"default","_kad_post_sidebar_id":"","_kad_post_content_style":"default","_kad_post_vertical_padding":"default","_kad_post_feature":"","_kad_post_feature_position":"","_kad_post_header":false,"_kad_post_footer":false,"_joinchat":[]},"product_brand":[],"product_cat":[22],"product_tag":[],"class_list":{"0":"post-1458","1":"product","2":"type-product","3":"status-publish","4":"has-post-thumbnail","6":"product_cat-suplementos","8":"first","9":"outofstock","10":"shipping-taxable","11":"product-type-variable","12":"entry","13":"content-bg","14":"loop-entry"},"_links":{"self":[{"href":"https:\/\/lenceria69.com\/hn\/wp-json\/wp\/v2\/product\/1458","targetHints":{"allow":["GET"]}}],"collection":[{"href":"https:\/\/lenceria69.com\/hn\/wp-json\/wp\/v2\/product"}],"about":[{"href":"https:\/\/lenceria69.com\/hn\/wp-json\/wp\/v2\/types\/product"}],"replies":[{"embeddable":true,"href":"https:\/\/lenceria69.com\/hn\/wp-json\/wp\/v2\/comments?post=1458"}],"version-history":[{"count":1,"href":"https:\/\/lenceria69.com\/hn\/wp-json\/wp\/v2\/product\/1458\/revisions"}],"predecessor-version":[{"id":4310,"href":"https:\/\/lenceria69.com\/hn\/wp-json\/wp\/v2\/product\/1458\/revisions\/4310"}],"wp:featuredmedia":[{"embeddable":true,"href":"https:\/\/lenceria69.com\/hn\/wp-json\/"}],"wp:attachment":[{"href":"https:\/\/lenceria69.com\/hn\/wp-json\/wp\/v2\/media?parent=1458"}],"wp:term":[{"taxonomy":"product_brand","embeddable":true,"href":"https:\/\/lenceria69.com\/hn\/wp-json\/wp\/v2\/product_brand?post=1458"},{"taxonomy":"product_cat","embeddable":true,"href":"https:\/\/lenceria69.com\/hn\/wp-json\/wp\/v2\/product_cat?post=1458"},{"taxonomy":"product_tag","embeddable":true,"href":"https:\/\/lenceria69.com\/hn\/wp-json\/wp\/v2\/product_tag?post=1458"}],"curies":[{"name":"wp","href":"https:\/\/api.w.org\/{rel}","templated":true}]}}