{"id":14073,"date":"2026-04-19T15:00:57","date_gmt":"2026-04-19T21:00:57","guid":{"rendered":"https:\/\/lenceria69.com\/hn\/?post_type=product&#038;p=14073"},"modified":"2026-04-19T19:38:49","modified_gmt":"2026-04-20T01:38:49","slug":"se1600-00-2","status":"publish","type":"product","link":"https:\/\/lenceria69.com\/hn\/producto\/se1600-00-2\/","title":{"rendered":"Funda P\/Pene Texturizada: Senso Clear"},"content":{"rendered":"<p>Intensifica y prolonga tu placer y rendimiento org\u00e1smico con la extensi\u00f3n Senso. Esta funda estimuladora texturizada est\u00e1 dise\u00f1ada para intensificar la seducci\u00f3n sensual y brindar una satisfacci\u00f3n sexual excepcional. Suave y s\u00faper el\u00e1stica, se desliza sobre el pene erecto para potenciar el \u00e9xtasis mutuo y prolongar cada orgasmo.<\/p>\n<p>La extensi\u00f3n Senso transparente est\u00e1 fabricada con TPR suave, s\u00faper el\u00e1stico e inodoro, no poroso y f\u00e1cil de limpiar. Su dise\u00f1o contorneado y texturizado cuenta con n\u00f3dulos estimulantes y una cabeza firme para una estimulaci\u00f3n m\u00e1xima. Este potenciador ofrece un ajuste c\u00f3modo, aumenta la longitud y el grosor del pene, y proporciona un cl\u00edmax \u00edntimo y placentero. Incluye un sobre de lubricante de alta calidad.<\/p>\n<p>Ideal tanto para principiantes como para usuarios experimentados, la extensi\u00f3n Senso con lubricante es perfecta para prolongar la exploraci\u00f3n er\u00f3tica y la intimidad. Sus protuberancias y estimuladores texturizados brindan sensaciones intensas para un encuentro inolvidable en cada ocasi\u00f3n. Esta extensi\u00f3n es f\u00e1cil de usar y ofrece una excelente manera de aumentar el placer y la diversi\u00f3n. Antes y despu\u00e9s de cada uso, limpie la funda de extensi\u00f3n con un limpiador de juguetes en aerosol o con agua tibia y jab\u00f3n.<\/p>\n<p>Dimensiones:<br \/>\nLargo: 14 cm (5,5 pulgadas)<br \/>\nAncho: 3,75 cm (1,5 pulgadas)<\/p>\n","protected":false},"excerpt":{"rendered":"<p>Intensifica y prolonga tu placer y rendimiento org\u00e1smico con la extensi\u00f3n Senso. Esta funda estimuladora texturizada est\u00e1 dise\u00f1ada para intensificar la seducci\u00f3n sensual y brindar una satisfacci\u00f3n sexual excepcional. Suave y s\u00faper el\u00e1stica, se desliza sobre el pene erecto para potenciar el \u00e9xtasis mutuo y prolongar cada orgasmo. La extensi\u00f3n Senso transparente est\u00e1 fabricada con&#8230;<\/p>\n","protected":false},"featured_media":14076,"comment_status":"open","ping_status":"closed","template":"","meta":{"_kad_post_transparent":"default","_kad_post_title":"","_kad_post_layout":"default","_kad_post_sidebar_id":"","_kad_post_content_style":"default","_kad_post_vertical_padding":"default","_kad_post_feature":"","_kad_post_feature_position":"","_kad_post_header":false,"_kad_post_footer":false,"_joinchat":[]},"product_brand":[],"product_cat":[25,24],"product_tag":[],"class_list":{"0":"post-14073","1":"product","2":"type-product","3":"status-publish","4":"has-post-thumbnail","6":"product_cat-dildos","7":"product_cat-juguetes-sexuales","9":"first","10":"instock","11":"shipping-taxable","12":"purchasable","13":"product-type-simple","14":"entry","15":"content-bg","16":"loop-entry"},"_links":{"self":[{"href":"https:\/\/lenceria69.com\/hn\/wp-json\/wp\/v2\/product\/14073","targetHints":{"allow":["GET"]}}],"collection":[{"href":"https:\/\/lenceria69.com\/hn\/wp-json\/wp\/v2\/product"}],"about":[{"href":"https:\/\/lenceria69.com\/hn\/wp-json\/wp\/v2\/types\/product"}],"replies":[{"embeddable":true,"href":"https:\/\/lenceria69.com\/hn\/wp-json\/wp\/v2\/comments?post=14073"}],"version-history":[{"count":2,"href":"https:\/\/lenceria69.com\/hn\/wp-json\/wp\/v2\/product\/14073\/revisions"}],"predecessor-version":[{"id":14078,"href":"https:\/\/lenceria69.com\/hn\/wp-json\/wp\/v2\/product\/14073\/revisions\/14078"}],"wp:featuredmedia":[{"embeddable":true,"href":"https:\/\/lenceria69.com\/hn\/wp-json\/wp\/v2\/media\/14076"}],"wp:attachment":[{"href":"https:\/\/lenceria69.com\/hn\/wp-json\/wp\/v2\/media?parent=14073"}],"wp:term":[{"taxonomy":"product_brand","embeddable":true,"href":"https:\/\/lenceria69.com\/hn\/wp-json\/wp\/v2\/product_brand?post=14073"},{"taxonomy":"product_cat","embeddable":true,"href":"https:\/\/lenceria69.com\/hn\/wp-json\/wp\/v2\/product_cat?post=14073"},{"taxonomy":"product_tag","embeddable":true,"href":"https:\/\/lenceria69.com\/hn\/wp-json\/wp\/v2\/product_tag?post=14073"}],"curies":[{"name":"wp","href":"https:\/\/api.w.org\/{rel}","templated":true}]}}