{"id":14052,"date":"2026-04-19T15:15:32","date_gmt":"2026-04-19T21:15:32","guid":{"rendered":"https:\/\/lenceria69.com\/hn\/?post_type=product&#038;p=14052"},"modified":"2026-04-19T18:04:12","modified_gmt":"2026-04-20T00:04:12","slug":"cg3102-00","status":"publish","type":"product","link":"https:\/\/lenceria69.com\/hn\/producto\/cg3102-00\/","title":{"rendered":"Potenciador Femenino: Pink PussyCat 2oz"},"content":{"rendered":"<p>Haz que tu gatita ronronee. Intensifica las sensaciones y el deseo, \u00a1convi\u00e9rtete en el amante que siempre quisiste ser!<br \/>\n\u00a1Potencia tu lubricaci\u00f3n natural! \u00a1Orgasmos m\u00e1s potentes, mayor frecuencia y sensaciones! \u00a1Tendr\u00e1s m\u00e1s ganas de sexo que nunca!<\/p>\n<p>Toma el control: \u00a1durar\u00e1s y durar\u00e1s! Mejora garantizada, sin receta. Desarrollado y dise\u00f1ado por m\u00e9dicos.<\/p>\n<p>Caracter\u00edsticas<br \/>\n&#8211; Orgasmo intenso<br \/>\n&#8211; M\u00e1xima excitaci\u00f3n<br \/>\n&#8211; Acci\u00f3n r\u00e1pida y duradera<br \/>\n&#8211; Mejor lubricaci\u00f3n vaginal<\/p>\n<p>Volumen 2oz<\/p>\n","protected":false},"excerpt":{"rendered":"<p>Haz que tu gatita ronronee. Intensifica las sensaciones y el deseo, \u00a1convi\u00e9rtete en el amante que siempre quisiste ser! \u00a1Potencia tu lubricaci\u00f3n natural! \u00a1Orgasmos m\u00e1s potentes, mayor frecuencia y sensaciones! \u00a1Tendr\u00e1s m\u00e1s ganas de sexo que nunca! Toma el control: \u00a1durar\u00e1s y durar\u00e1s! Mejora garantizada, sin receta. Desarrollado y dise\u00f1ado por m\u00e9dicos. Caracter\u00edsticas &#8211; Orgasmo&#8230;<\/p>\n","protected":false},"featured_media":14055,"comment_status":"open","ping_status":"closed","template":"","meta":{"_kad_post_transparent":"default","_kad_post_title":"","_kad_post_layout":"default","_kad_post_sidebar_id":"","_kad_post_content_style":"default","_kad_post_vertical_padding":"default","_kad_post_feature":"","_kad_post_feature_position":"","_kad_post_header":false,"_kad_post_footer":false,"_joinchat":[]},"product_brand":[],"product_cat":[22],"product_tag":[],"class_list":{"0":"post-14052","1":"product","2":"type-product","3":"status-publish","4":"has-post-thumbnail","6":"product_cat-suplementos","8":"first","9":"instock","10":"shipping-taxable","11":"purchasable","12":"product-type-simple","13":"entry","14":"content-bg","15":"loop-entry"},"_links":{"self":[{"href":"https:\/\/lenceria69.com\/hn\/wp-json\/wp\/v2\/product\/14052","targetHints":{"allow":["GET"]}}],"collection":[{"href":"https:\/\/lenceria69.com\/hn\/wp-json\/wp\/v2\/product"}],"about":[{"href":"https:\/\/lenceria69.com\/hn\/wp-json\/wp\/v2\/types\/product"}],"replies":[{"embeddable":true,"href":"https:\/\/lenceria69.com\/hn\/wp-json\/wp\/v2\/comments?post=14052"}],"version-history":[{"count":2,"href":"https:\/\/lenceria69.com\/hn\/wp-json\/wp\/v2\/product\/14052\/revisions"}],"predecessor-version":[{"id":14057,"href":"https:\/\/lenceria69.com\/hn\/wp-json\/wp\/v2\/product\/14052\/revisions\/14057"}],"wp:featuredmedia":[{"embeddable":true,"href":"https:\/\/lenceria69.com\/hn\/wp-json\/wp\/v2\/media\/14055"}],"wp:attachment":[{"href":"https:\/\/lenceria69.com\/hn\/wp-json\/wp\/v2\/media?parent=14052"}],"wp:term":[{"taxonomy":"product_brand","embeddable":true,"href":"https:\/\/lenceria69.com\/hn\/wp-json\/wp\/v2\/product_brand?post=14052"},{"taxonomy":"product_cat","embeddable":true,"href":"https:\/\/lenceria69.com\/hn\/wp-json\/wp\/v2\/product_cat?post=14052"},{"taxonomy":"product_tag","embeddable":true,"href":"https:\/\/lenceria69.com\/hn\/wp-json\/wp\/v2\/product_tag?post=14052"}],"curies":[{"name":"wp","href":"https:\/\/api.w.org\/{rel}","templated":true}]}}