{"id":14002,"date":"2026-04-06T13:27:47","date_gmt":"2026-04-06T19:27:47","guid":{"rendered":"https:\/\/lenceria69.com\/hn\/?post_type=product&#038;p=14002"},"modified":"2026-04-06T13:30:02","modified_gmt":"2026-04-06T19:30:02","slug":"lh3033-31","status":"publish","type":"product","link":"https:\/\/lenceria69.com\/hn\/producto\/lh3033-31\/","title":{"rendered":"\u00abCapri\u00bb Conjunto de lenceria estilo Mucama"},"content":{"rendered":"<p>\u00bfLista para sentirte m\u00e1s segura, elegante y c\u00f3moda? Nos complace presentarte nuestra exclusiva colecci\u00f3n de lencer\u00eda \u00edntima para dama, dise\u00f1ada especialmente para resaltar tu belleza natural y brindarte la m\u00e1xima comodidad.<\/p>\n<p>sabemos que lo que llevas puesto debajo de la ropa tiene un poder \u00fanico. Es el primer paso hacia sentirte incre\u00edblemente bien, y por eso, nos hemos asegurado de crear una colecci\u00f3n de lencer\u00eda que no solo te har\u00e1 sentir fabulosa, sino tambi\u00e9n libre, sensual y c\u00f3moda.<\/p>\n<p>\u00bfQu\u00e9 hace \u00fanica a nuestra lencer\u00eda?<\/p>\n<p>Materiales Premium: Desde sedosos encajes hasta suaves algodones, cada pieza de nuestra colecci\u00f3n est\u00e1 confeccionada con materiales que acarician tu piel, proporcionando suavidad y frescura durante todo el d\u00eda.<\/p>\n<p>Dise\u00f1os Elegantes: Olv\u00eddate de lo convencional. Nuestra colecci\u00f3n ofrece desde modelos cl\u00e1sicos y sofisticados hasta las \u00faltimas tendencias en lencer\u00eda, con detalles que realzan tu silueta y se adaptan a tu estilo \u00fanico.<\/p>\n<p>Ajuste Perfecto: Cada prenda est\u00e1 dise\u00f1ada para abrazar tu cuerpo de manera perfecta, realzando tus curvas de forma natural. Con una amplia gama de tallas y estilos, te garantizamos que encontrar\u00e1s la lencer\u00eda que te har\u00e1 sentir incre\u00edble.<\/p>\n<p>Detalles Cuidadosos: Desde delicados bordados hasta encajes exclusivos, cada pieza est\u00e1 cuidadosamente dise\u00f1ada con toques especiales que no solo son visualmente atractivos, sino tambi\u00e9n pensados para ofrecerte una experiencia de uso c\u00f3moda y sublime.<\/p>\n<p>Porque la verdadera elegancia comienza desde adentro y estamos comprometidos a ofrecerte lencer\u00eda que no solo te haga sentir espectacular, sino que tambi\u00e9n eleve tu confianza y te permita disfrutar de tu feminidad en su m\u00e1xima expresi\u00f3n.\u00bb<\/p>\n","protected":false},"excerpt":{"rendered":"<p>\u00bfLista para sentirte m\u00e1s segura, elegante y c\u00f3moda? Nos complace presentarte nuestra exclusiva colecci\u00f3n de lencer\u00eda \u00edntima para dama, dise\u00f1ada especialmente para resaltar tu belleza natural y brindarte la m\u00e1xima comodidad. sabemos que lo que llevas puesto debajo de la ropa tiene un poder \u00fanico. Es el primer paso hacia sentirte incre\u00edblemente bien, y por&#8230;<\/p>\n","protected":false},"featured_media":14003,"comment_status":"open","ping_status":"closed","template":"","meta":{"_kad_post_transparent":"default","_kad_post_title":"","_kad_post_layout":"default","_kad_post_sidebar_id":"","_kad_post_content_style":"default","_kad_post_vertical_padding":"default","_kad_post_feature":"","_kad_post_feature_position":"","_kad_post_header":false,"_kad_post_footer":false,"_joinchat":[]},"product_brand":[],"product_cat":[32,37],"product_tag":[],"class_list":{"0":"post-14002","1":"product","2":"type-product","3":"status-publish","4":"has-post-thumbnail","6":"product_cat-lenceria","7":"product_cat-unitalla","9":"first","10":"instock","11":"shipping-taxable","12":"purchasable","13":"product-type-simple","14":"entry","15":"content-bg","16":"loop-entry"},"_links":{"self":[{"href":"https:\/\/lenceria69.com\/hn\/wp-json\/wp\/v2\/product\/14002","targetHints":{"allow":["GET"]}}],"collection":[{"href":"https:\/\/lenceria69.com\/hn\/wp-json\/wp\/v2\/product"}],"about":[{"href":"https:\/\/lenceria69.com\/hn\/wp-json\/wp\/v2\/types\/product"}],"replies":[{"embeddable":true,"href":"https:\/\/lenceria69.com\/hn\/wp-json\/wp\/v2\/comments?post=14002"}],"version-history":[{"count":2,"href":"https:\/\/lenceria69.com\/hn\/wp-json\/wp\/v2\/product\/14002\/revisions"}],"predecessor-version":[{"id":14005,"href":"https:\/\/lenceria69.com\/hn\/wp-json\/wp\/v2\/product\/14002\/revisions\/14005"}],"wp:featuredmedia":[{"embeddable":true,"href":"https:\/\/lenceria69.com\/hn\/wp-json\/wp\/v2\/media\/14003"}],"wp:attachment":[{"href":"https:\/\/lenceria69.com\/hn\/wp-json\/wp\/v2\/media?parent=14002"}],"wp:term":[{"taxonomy":"product_brand","embeddable":true,"href":"https:\/\/lenceria69.com\/hn\/wp-json\/wp\/v2\/product_brand?post=14002"},{"taxonomy":"product_cat","embeddable":true,"href":"https:\/\/lenceria69.com\/hn\/wp-json\/wp\/v2\/product_cat?post=14002"},{"taxonomy":"product_tag","embeddable":true,"href":"https:\/\/lenceria69.com\/hn\/wp-json\/wp\/v2\/product_tag?post=14002"}],"curies":[{"name":"wp","href":"https:\/\/api.w.org\/{rel}","templated":true}]}}