{"id":1388,"date":"2025-05-31T16:00:21","date_gmt":"2025-05-31T22:00:21","guid":{"rendered":"http:\/\/lenceria69.com\/hn\/?post_type=product&#038;p=1388"},"modified":"2025-11-03T07:56:49","modified_gmt":"2025-11-03T13:56:49","slug":"pd2674-11","status":"publish","type":"product","link":"https:\/\/lenceria69.com\/hn\/producto\/pd2674-11\/","title":{"rendered":"Vibrador Bala + Control Remoto: Neon LuvTouch"},"content":{"rendered":"<p>Aqu\u00ed hay un control remoto que les encantar\u00e1 a usted y a su pareja.<\/p>\n<p>Esta bala de control remoto Luv Touch\u00ae inal\u00e1mbrica e impermeable es lo suficientemente discreta como para llevarla a cualquier parte y lo suficientemente potente como para brindarle vibraciones incre\u00edbles. Bromea con tu amante desde el otro lado de la habitaci\u00f3n y sintoniza con una satisfacci\u00f3n completamente nueva.<\/p>\n<p>Caracter\u00edsticas:<br \/>\n&#8211; Material: pl\u00e1stico ABS seguro sin ftalatos.<br \/>\n&#8211; La bala inal\u00e1mbrica e impermeable es lo suficientemente discreta como para llevarla a cualquier lugar y lo suficientemente potente como para brindarle vibraciones incre\u00edbles.<br \/>\n&#8211; No m\u00e1s cables desordenados &#8211; m\u00e1s control con menos desorden.<br \/>\n&#8211; La poderosa bala es completamente resistente al agua para divertirse dentro y fuera del agua (el control remoto no es resistente al agua).<br \/>\n&#8211; El control remoto funciona a una distancia de hasta 25 pies: gran variedad de posibilidades.<br \/>\n&#8211; Basado en energ\u00eda: el vibrador de bala requiere 2 bater\u00edas AAA incluidas, y el control remoto es recargable por medio de USB<\/p>\n<p>Dimensiones:<br \/>\n&#8211; La bala mide 3.25 in (8,25 cms)<br \/>\n&#8211; circunferencia de 4 in (10,10 cms)<br \/>\n&#8211; Di\u00e1metro: 1.25 in (3,175 cms)<\/p>\n","protected":false},"excerpt":{"rendered":"<p>PD2674-11<\/p>\n","protected":false},"featured_media":1000001421,"comment_status":"open","ping_status":"closed","template":"","meta":{"_kad_post_transparent":"default","_kad_post_title":"","_kad_post_layout":"default","_kad_post_sidebar_id":"","_kad_post_content_style":"default","_kad_post_vertical_padding":"default","_kad_post_feature":"","_kad_post_feature_position":"","_kad_post_header":false,"_kad_post_footer":false,"_joinchat":[]},"product_brand":[],"product_cat":[28,24],"product_tag":[],"class_list":{"0":"post-1388","1":"product","2":"type-product","3":"status-publish","4":"has-post-thumbnail","6":"product_cat-juguetebateria","7":"product_cat-juguetes-sexuales","9":"first","10":"outofstock","11":"shipping-taxable","12":"product-type-variable","13":"entry","14":"content-bg","15":"loop-entry"},"_links":{"self":[{"href":"https:\/\/lenceria69.com\/hn\/wp-json\/wp\/v2\/product\/1388","targetHints":{"allow":["GET"]}}],"collection":[{"href":"https:\/\/lenceria69.com\/hn\/wp-json\/wp\/v2\/product"}],"about":[{"href":"https:\/\/lenceria69.com\/hn\/wp-json\/wp\/v2\/types\/product"}],"replies":[{"embeddable":true,"href":"https:\/\/lenceria69.com\/hn\/wp-json\/wp\/v2\/comments?post=1388"}],"version-history":[{"count":6,"href":"https:\/\/lenceria69.com\/hn\/wp-json\/wp\/v2\/product\/1388\/revisions"}],"predecessor-version":[{"id":10603,"href":"https:\/\/lenceria69.com\/hn\/wp-json\/wp\/v2\/product\/1388\/revisions\/10603"}],"wp:featuredmedia":[{"embeddable":true,"href":"https:\/\/lenceria69.com\/hn\/wp-json\/"}],"wp:attachment":[{"href":"https:\/\/lenceria69.com\/hn\/wp-json\/wp\/v2\/media?parent=1388"}],"wp:term":[{"taxonomy":"product_brand","embeddable":true,"href":"https:\/\/lenceria69.com\/hn\/wp-json\/wp\/v2\/product_brand?post=1388"},{"taxonomy":"product_cat","embeddable":true,"href":"https:\/\/lenceria69.com\/hn\/wp-json\/wp\/v2\/product_cat?post=1388"},{"taxonomy":"product_tag","embeddable":true,"href":"https:\/\/lenceria69.com\/hn\/wp-json\/wp\/v2\/product_tag?post=1388"}],"curies":[{"name":"wp","href":"https:\/\/api.w.org\/{rel}","templated":true}]}}