{"id":1379,"date":"2026-02-26T00:15:48","date_gmt":"2026-02-26T06:15:48","guid":{"rendered":"http:\/\/lenceria69.com\/hn\/?post_type=product&#038;p=1379"},"modified":"2026-04-07T11:38:52","modified_gmt":"2026-04-07T17:38:52","slug":"pd5622-21","status":"publish","type":"product","link":"https:\/\/lenceria69.com\/hn\/producto\/pd5622-21\/","title":{"rendered":"King Cock 7\u2033 \u2013 Dildo con Cinturon de Arn\u00e9s"},"content":{"rendered":"<p>Cuando desee que su primer arn\u00e9s se vea y se sienta como uno real, \u00a1el arn\u00e9s King Cock Strap-On es justo lo que ha estado buscando!<br \/>\nCada vena, cada eje y cada cabeza est\u00e1 cuidadosamente elaborado a mano con exquisito detalle para brindarle la experiencia m\u00e1s realista jam\u00e1s imaginada. La amplia base con ventosa encaja perfectamente en el arn\u00e9s para un ajuste seguro e incluso se puede usar sin el arn\u00e9s* \u00a1P\u00e9galo a cualquier superficie lisa y plana para divertirte golpeando la pared!<\/p>\n<p>El arn\u00e9s de vinilo resistente mantiene todo en su lugar incluso cuando la acci\u00f3n se intensifica. El dise\u00f1o ajustado se adapta a los contornos de tu cuerpo y se vuelve a\u00fan m\u00e1s suave y ajustado con cada uso. Con una correa de tanga completamente ajustable y correas para la cintura, se ajusta c\u00f3modamente a cinturas de hasta 52&#8243;. Las hebillas de metal del cintur\u00f3n aseguran que no se suelte durante la diversi\u00f3n, mientras que las correas de velcro mantienen la junta t\u00f3rica firmemente en su lugar.<\/p>\n<p>Caracter\u00edsticas:<br \/>\n&#8211; Materiales: PVC<br \/>\n&#8211; Base de succi\u00f3n<br \/>\n&#8211; Superficie texturizada<\/p>\n<p>Dimensiones:<br \/>\n&#8211; Longitud: 7.5 in (19,05 cms)<br \/>\n&#8211; Longitud insertable: 6.75 in (17,14 cms)<br \/>\n&#8211; Circunferencia: 4,75&#8243; en el punto m\u00e1s grande (12,06 cms)<br \/>\n&#8211; Ancho: 1.4&#8243; en el punto m\u00e1s grande (3,55 cms)<\/p>\n","protected":false},"excerpt":{"rendered":"<p>Cuando desee que su primer arn\u00e9s se vea y se sienta como uno real, \u00a1el arn\u00e9s King Cock Strap-On es justo lo que ha estado buscando! Cada vena, cada eje y cada cabeza est\u00e1 cuidadosamente elaborado a mano con exquisito detalle para brindarle la experiencia m\u00e1s realista jam\u00e1s imaginada. La amplia base con ventosa encaja&#8230;<\/p>\n","protected":false},"featured_media":1000001428,"comment_status":"open","ping_status":"closed","template":"","meta":{"_kad_post_transparent":"default","_kad_post_title":"","_kad_post_layout":"default","_kad_post_sidebar_id":"","_kad_post_content_style":"default","_kad_post_vertical_padding":"default","_kad_post_feature":"","_kad_post_feature_position":"","_kad_post_header":false,"_kad_post_footer":false,"_joinchat":[]},"product_brand":[],"product_cat":[25,27,24],"product_tag":[174],"class_list":{"0":"post-1379","1":"product","2":"type-product","3":"status-publish","4":"has-post-thumbnail","6":"product_cat-dildos","7":"product_cat-juguetebondage","8":"product_cat-juguetes-sexuales","9":"product_tag-arnesplus","11":"first","12":"instock","13":"shipping-taxable","14":"purchasable","15":"product-type-variable","16":"has-default-attributes","17":"entry","18":"content-bg","19":"loop-entry"},"_links":{"self":[{"href":"https:\/\/lenceria69.com\/hn\/wp-json\/wp\/v2\/product\/1379","targetHints":{"allow":["GET"]}}],"collection":[{"href":"https:\/\/lenceria69.com\/hn\/wp-json\/wp\/v2\/product"}],"about":[{"href":"https:\/\/lenceria69.com\/hn\/wp-json\/wp\/v2\/types\/product"}],"replies":[{"embeddable":true,"href":"https:\/\/lenceria69.com\/hn\/wp-json\/wp\/v2\/comments?post=1379"}],"version-history":[{"count":2,"href":"https:\/\/lenceria69.com\/hn\/wp-json\/wp\/v2\/product\/1379\/revisions"}],"predecessor-version":[{"id":12060,"href":"https:\/\/lenceria69.com\/hn\/wp-json\/wp\/v2\/product\/1379\/revisions\/12060"}],"wp:featuredmedia":[{"embeddable":true,"href":"https:\/\/lenceria69.com\/hn\/wp-json\/"}],"wp:attachment":[{"href":"https:\/\/lenceria69.com\/hn\/wp-json\/wp\/v2\/media?parent=1379"}],"wp:term":[{"taxonomy":"product_brand","embeddable":true,"href":"https:\/\/lenceria69.com\/hn\/wp-json\/wp\/v2\/product_brand?post=1379"},{"taxonomy":"product_cat","embeddable":true,"href":"https:\/\/lenceria69.com\/hn\/wp-json\/wp\/v2\/product_cat?post=1379"},{"taxonomy":"product_tag","embeddable":true,"href":"https:\/\/lenceria69.com\/hn\/wp-json\/wp\/v2\/product_tag?post=1379"}],"curies":[{"name":"wp","href":"https:\/\/api.w.org\/{rel}","templated":true}]}}