{"id":1370,"date":"2023-06-14T16:51:46","date_gmt":"2023-06-14T22:51:46","guid":{"rendered":"http:\/\/lenceria69.com\/hn\/?post_type=product&#038;p=1370"},"modified":"2024-10-01T16:44:51","modified_gmt":"2024-10-01T22:44:51","slug":"kingcock7uncut","status":"publish","type":"product","link":"https:\/\/lenceria69.com\/hn\/producto\/kingcock7uncut\/","title":{"rendered":"King Cock 7&#8243; &#8211; Dildo con Prepucio Retraible"},"content":{"rendered":"<p>\u00a1No todas las pollas sin cortar son iguales!<br \/>\n\u00a1Este King Cock cumple tus fantas\u00edas con un prepucio m\u00f3vil realista que se desliza hacia atr\u00e1s como una verdadera polla sin cortar! Usando nuestra f\u00f3rmula patentada Slide-Skin de doble densidad, \u00a1hemos creado el primer consolador sin cortar sin l\u00e1tex con prepucio retr\u00e1ctil!<br \/>\nAl igual que todos los King Cocks, la nueva serie Uncut presenta la misma atenci\u00f3n artesanal a los detalles que hacen de estos consoladores los penes m\u00e1s realistas del mundo. El eje flexible y el prepucio est\u00e1n exquisitamente hechos a mano para proporcionar sensaciones incre\u00edblemente estimulantes. La potente base con ventosa se adhiere a casi cualquier superficie plana y hace que todos los arneses de consoladores sean compatibles.<\/p>\n<p>Dimensiones<br \/>\nLargo: 8 in (20,32 cms)<br \/>\nLongitud insertable: 7 in (17,78 cms)<br \/>\nCircunferencia: 5.9&#8243; en el punto m\u00e1s grande (14,98 cms)<br \/>\nAncho: 1.75&#8243; en el punto m\u00e1s grande (4,44 cms)<\/p>\n","protected":false},"excerpt":{"rendered":"<p>\u00a1No todas las pollas sin cortar son iguales! \u00a1Este King Cock cumple tus fantas\u00edas con un prepucio m\u00f3vil realista que se desliza hacia atr\u00e1s como una verdadera polla sin cortar! Usando nuestra f\u00f3rmula patentada Slide-Skin de doble densidad, \u00a1hemos creado el primer consolador sin cortar sin l\u00e1tex con prepucio retr\u00e1ctil! Al igual que todos los&#8230;<\/p>\n","protected":false},"featured_media":1000001433,"comment_status":"open","ping_status":"closed","template":"","meta":{"_kad_post_transparent":"default","_kad_post_title":"","_kad_post_layout":"default","_kad_post_sidebar_id":"","_kad_post_content_style":"default","_kad_post_vertical_padding":"default","_kad_post_feature":"","_kad_post_feature_position":"","_kad_post_header":false,"_kad_post_footer":false,"_joinchat":[]},"product_brand":[],"product_cat":[25,29,24],"product_tag":[],"class_list":{"0":"post-1370","1":"product","2":"type-product","3":"status-publish","4":"has-post-thumbnail","6":"product_cat-dildos","7":"product_cat-juguetesventosa","8":"product_cat-juguetes-sexuales","10":"first","11":"outofstock","12":"shipping-taxable","13":"product-type-variable","14":"entry","15":"content-bg","16":"loop-entry"},"_links":{"self":[{"href":"https:\/\/lenceria69.com\/hn\/wp-json\/wp\/v2\/product\/1370","targetHints":{"allow":["GET"]}}],"collection":[{"href":"https:\/\/lenceria69.com\/hn\/wp-json\/wp\/v2\/product"}],"about":[{"href":"https:\/\/lenceria69.com\/hn\/wp-json\/wp\/v2\/types\/product"}],"replies":[{"embeddable":true,"href":"https:\/\/lenceria69.com\/hn\/wp-json\/wp\/v2\/comments?post=1370"}],"version-history":[{"count":1,"href":"https:\/\/lenceria69.com\/hn\/wp-json\/wp\/v2\/product\/1370\/revisions"}],"predecessor-version":[{"id":4322,"href":"https:\/\/lenceria69.com\/hn\/wp-json\/wp\/v2\/product\/1370\/revisions\/4322"}],"wp:featuredmedia":[{"embeddable":true,"href":"https:\/\/lenceria69.com\/hn\/wp-json\/"}],"wp:attachment":[{"href":"https:\/\/lenceria69.com\/hn\/wp-json\/wp\/v2\/media?parent=1370"}],"wp:term":[{"taxonomy":"product_brand","embeddable":true,"href":"https:\/\/lenceria69.com\/hn\/wp-json\/wp\/v2\/product_brand?post=1370"},{"taxonomy":"product_cat","embeddable":true,"href":"https:\/\/lenceria69.com\/hn\/wp-json\/wp\/v2\/product_cat?post=1370"},{"taxonomy":"product_tag","embeddable":true,"href":"https:\/\/lenceria69.com\/hn\/wp-json\/wp\/v2\/product_tag?post=1370"}],"curies":[{"name":"wp","href":"https:\/\/api.w.org\/{rel}","templated":true}]}}