{"id":13611,"date":"2026-02-19T22:00:41","date_gmt":"2026-02-20T04:00:41","guid":{"rendered":"https:\/\/lenceria69.com\/hn\/?post_type=product&#038;p=13611"},"modified":"2026-02-19T23:21:31","modified_gmt":"2026-02-20T05:21:31","slug":"se0883-70-3","status":"publish","type":"product","link":"https:\/\/lenceria69.com\/hn\/producto\/se0883-70-3\/","title":{"rendered":"Masturbador para Hombre: The French Maid"},"content":{"rendered":"<p>Disfruta de emocionantes sue\u00f1os h\u00famedos con el suculento masturbador The French Maid de Cheap Thrills.<\/p>\n<p>Su dise\u00f1o de extremo cerrado proporciona una succi\u00f3n superior, mientras que la c\u00e1mara con textura \u00fanica y el material PureSkin ultrasuave y el\u00e1stico te brindan una sensaci\u00f3n realista.<\/p>\n<p>Caracter\u00edsticas<br \/>\n&#8211; Hecho de TPE<br \/>\n&#8211; Multitextura<br \/>\n&#8211; Extremo cerrado<br \/>\n&#8211; Succi\u00f3n superior<\/p>\n<p>Dimensiones:<br \/>\nLargo: 14 cm<br \/>\nAncho: 7,6 cm<br \/>\nCircunferencia: 24,1 cm<\/p>\n","protected":false},"excerpt":{"rendered":"<p>Disfruta de emocionantes sue\u00f1os h\u00famedos con el suculento masturbador The French Maid de Cheap Thrills. Su dise\u00f1o de extremo cerrado proporciona una succi\u00f3n superior, mientras que la c\u00e1mara con textura \u00fanica y el material PureSkin ultrasuave y el\u00e1stico te brindan una sensaci\u00f3n realista. Caracter\u00edsticas &#8211; Hecho de TPE &#8211; Multitextura &#8211; Extremo cerrado &#8211; Succi\u00f3n&#8230;<\/p>\n","protected":false},"featured_media":13612,"comment_status":"open","ping_status":"closed","template":"","meta":{"_kad_post_transparent":"default","_kad_post_title":"","_kad_post_layout":"default","_kad_post_sidebar_id":"","_kad_post_content_style":"default","_kad_post_vertical_padding":"default","_kad_post_feature":"","_kad_post_feature_position":"","_kad_post_header":false,"_kad_post_footer":false,"_joinchat":[]},"product_brand":[],"product_cat":[24,30],"product_tag":[],"class_list":{"0":"post-13611","1":"product","2":"type-product","3":"status-publish","4":"has-post-thumbnail","6":"product_cat-juguetes-sexuales","7":"product_cat-juguetes_para_ellos","9":"first","10":"instock","11":"shipping-taxable","12":"purchasable","13":"product-type-variable","14":"has-default-attributes","15":"entry","16":"content-bg","17":"loop-entry"},"_links":{"self":[{"href":"https:\/\/lenceria69.com\/hn\/wp-json\/wp\/v2\/product\/13611","targetHints":{"allow":["GET"]}}],"collection":[{"href":"https:\/\/lenceria69.com\/hn\/wp-json\/wp\/v2\/product"}],"about":[{"href":"https:\/\/lenceria69.com\/hn\/wp-json\/wp\/v2\/types\/product"}],"replies":[{"embeddable":true,"href":"https:\/\/lenceria69.com\/hn\/wp-json\/wp\/v2\/comments?post=13611"}],"version-history":[{"count":2,"href":"https:\/\/lenceria69.com\/hn\/wp-json\/wp\/v2\/product\/13611\/revisions"}],"predecessor-version":[{"id":13615,"href":"https:\/\/lenceria69.com\/hn\/wp-json\/wp\/v2\/product\/13611\/revisions\/13615"}],"wp:featuredmedia":[{"embeddable":true,"href":"https:\/\/lenceria69.com\/hn\/wp-json\/wp\/v2\/media\/13612"}],"wp:attachment":[{"href":"https:\/\/lenceria69.com\/hn\/wp-json\/wp\/v2\/media?parent=13611"}],"wp:term":[{"taxonomy":"product_brand","embeddable":true,"href":"https:\/\/lenceria69.com\/hn\/wp-json\/wp\/v2\/product_brand?post=13611"},{"taxonomy":"product_cat","embeddable":true,"href":"https:\/\/lenceria69.com\/hn\/wp-json\/wp\/v2\/product_cat?post=13611"},{"taxonomy":"product_tag","embeddable":true,"href":"https:\/\/lenceria69.com\/hn\/wp-json\/wp\/v2\/product_tag?post=13611"}],"curies":[{"name":"wp","href":"https:\/\/api.w.org\/{rel}","templated":true}]}}