{"id":13601,"date":"2026-02-19T22:22:33","date_gmt":"2026-02-20T04:22:33","guid":{"rendered":"https:\/\/lenceria69.com\/hn\/?post_type=product&#038;p=13601"},"modified":"2026-04-05T10:12:38","modified_gmt":"2026-04-05T16:12:38","slug":"fws2","status":"publish","type":"product","link":"https:\/\/lenceria69.com\/hn\/producto\/fws2\/","title":{"rendered":"Lubricante Anal de Silicona: Fuck Water 2oz"},"content":{"rendered":"<p>Apto para l\u00e1tex, de larga duraci\u00f3n, nunca pegajoso y se mantiene resbaladizo. Primero lo comprar\u00e1s por el nombre, luego lo volver\u00e1s a comprar porque te gust\u00f3.<\/p>\n<p>Ingredientes: Dimeticona, Ciclopentasiloxano, Ciclotetrasiloxano, Dimeticonol.<\/p>\n<p>Caracter\u00edsticas<br \/>\n&#8211; Lubricante a base de silicona<\/p>\n","protected":false},"excerpt":{"rendered":"<p>Apto para l\u00e1tex, de larga duraci\u00f3n, nunca pegajoso y se mantiene resbaladizo. Primero lo comprar\u00e1s por el nombre, luego lo volver\u00e1s a comprar porque te gust\u00f3. Ingredientes: Dimeticona, Ciclopentasiloxano, Ciclotetrasiloxano, Dimeticonol. Caracter\u00edsticas &#8211; Lubricante a base de silicona<\/p>\n","protected":false},"featured_media":13602,"comment_status":"open","ping_status":"closed","template":"","meta":{"_kad_post_transparent":"default","_kad_post_title":"","_kad_post_layout":"default","_kad_post_sidebar_id":"","_kad_post_content_style":"default","_kad_post_vertical_padding":"default","_kad_post_feature":"","_kad_post_feature_position":"","_kad_post_header":false,"_kad_post_footer":false,"_kad_post_classname":"","_joinchat":[]},"product_brand":[],"product_cat":[38,39],"product_tag":[],"class_list":{"0":"post-13601","1":"product","2":"type-product","3":"status-publish","4":"has-post-thumbnail","6":"product_cat-lubricantes","7":"product_cat-anales","9":"first","10":"instock","11":"shipping-taxable","12":"purchasable","13":"product-type-variable","14":"has-default-attributes","15":"entry","16":"content-bg","17":"loop-entry"},"_links":{"self":[{"href":"https:\/\/lenceria69.com\/hn\/wp-json\/wp\/v2\/product\/13601","targetHints":{"allow":["GET"]}}],"collection":[{"href":"https:\/\/lenceria69.com\/hn\/wp-json\/wp\/v2\/product"}],"about":[{"href":"https:\/\/lenceria69.com\/hn\/wp-json\/wp\/v2\/types\/product"}],"replies":[{"embeddable":true,"href":"https:\/\/lenceria69.com\/hn\/wp-json\/wp\/v2\/comments?post=13601"}],"version-history":[{"count":1,"href":"https:\/\/lenceria69.com\/hn\/wp-json\/wp\/v2\/product\/13601\/revisions"}],"predecessor-version":[{"id":13604,"href":"https:\/\/lenceria69.com\/hn\/wp-json\/wp\/v2\/product\/13601\/revisions\/13604"}],"wp:featuredmedia":[{"embeddable":true,"href":"https:\/\/lenceria69.com\/hn\/wp-json\/wp\/v2\/media\/13602"}],"wp:attachment":[{"href":"https:\/\/lenceria69.com\/hn\/wp-json\/wp\/v2\/media?parent=13601"}],"wp:term":[{"taxonomy":"product_brand","embeddable":true,"href":"https:\/\/lenceria69.com\/hn\/wp-json\/wp\/v2\/product_brand?post=13601"},{"taxonomy":"product_cat","embeddable":true,"href":"https:\/\/lenceria69.com\/hn\/wp-json\/wp\/v2\/product_cat?post=13601"},{"taxonomy":"product_tag","embeddable":true,"href":"https:\/\/lenceria69.com\/hn\/wp-json\/wp\/v2\/product_tag?post=13601"}],"curies":[{"name":"wp","href":"https:\/\/api.w.org\/{rel}","templated":true}]}}