{"id":13594,"date":"2026-02-19T22:00:10","date_gmt":"2026-02-20T04:00:10","guid":{"rendered":"https:\/\/lenceria69.com\/hn\/?post_type=product&#038;p=13594"},"modified":"2026-03-27T15:18:45","modified_gmt":"2026-03-27T21:18:45","slug":"bn06433","status":"publish","type":"product","link":"https:\/\/lenceria69.com\/hn\/producto\/bn06433\/","title":{"rendered":"Masturbador para Hombre: EnLust Alyssa"},"content":{"rendered":"<p>Alyssa es la compa\u00f1era de inteligencia artificial de tus sue\u00f1os, lista para hacer realidad tus fantas\u00edas m\u00e1s \u00e9picas. Fabricado a mano con precisi\u00f3n con material ultrasuave X5 Plus, este lujoso masturbador masculino est\u00e1 dise\u00f1ado para brindar una suavidad suprema que llevar\u00e1 tu experiencia sexual a nuevas dimensiones.<\/p>\n<p>Alyssa cuenta con un interior c\u00f3modo y ajustado, acanalado para unas sensaciones mejoradas y con extremos abiertos para adaptarse a todos los tama\u00f1os, permiti\u00e9ndote sumergirte por completo en tu fantas\u00eda er\u00f3tica.<\/p>\n<p>Tambi\u00e9n est\u00e1 dise\u00f1ado a medida con 5 sensuales perlas de placer que te masajear\u00e1n por todas partes, brind\u00e1ndote una euforia que te dejar\u00e1 completamente satisfecho despu\u00e9s de cada uso. Es seguro con lubricante de silicona, a base de agua o h\u00edbrido para una experiencia a\u00fan m\u00e1s suave y sedosa, y es f\u00e1cil de limpiar.<\/p>\n<p>Caracter\u00edsticas<br \/>\n&#8211; Hecho de TPE<br \/>\n&#8211; Canal estrecho y Orber<br \/>\n&#8211; 5 perlas de placer<br \/>\n&#8211; Dise\u00f1o de extremos abiertos<\/p>\n","protected":false},"excerpt":{"rendered":"<p>Alyssa es la compa\u00f1era de inteligencia artificial de tus sue\u00f1os, lista para hacer realidad tus fantas\u00edas m\u00e1s \u00e9picas. Fabricado a mano con precisi\u00f3n con material ultrasuave X5 Plus, este lujoso masturbador masculino est\u00e1 dise\u00f1ado para brindar una suavidad suprema que llevar\u00e1 tu experiencia sexual a nuevas dimensiones. Alyssa cuenta con un interior c\u00f3modo y ajustado,&#8230;<\/p>\n","protected":false},"featured_media":13595,"comment_status":"open","ping_status":"closed","template":"","meta":{"_kad_post_transparent":"default","_kad_post_title":"","_kad_post_layout":"default","_kad_post_sidebar_id":"","_kad_post_content_style":"default","_kad_post_vertical_padding":"default","_kad_post_feature":"","_kad_post_feature_position":"","_kad_post_header":false,"_kad_post_footer":false,"_joinchat":[]},"product_brand":[],"product_cat":[24,30],"product_tag":[],"class_list":{"0":"post-13594","1":"product","2":"type-product","3":"status-publish","4":"has-post-thumbnail","6":"product_cat-juguetes-sexuales","7":"product_cat-juguetes_para_ellos","9":"first","10":"instock","11":"shipping-taxable","12":"purchasable","13":"product-type-variable","14":"has-default-attributes","15":"entry","16":"content-bg","17":"loop-entry"},"_links":{"self":[{"href":"https:\/\/lenceria69.com\/hn\/wp-json\/wp\/v2\/product\/13594","targetHints":{"allow":["GET"]}}],"collection":[{"href":"https:\/\/lenceria69.com\/hn\/wp-json\/wp\/v2\/product"}],"about":[{"href":"https:\/\/lenceria69.com\/hn\/wp-json\/wp\/v2\/types\/product"}],"replies":[{"embeddable":true,"href":"https:\/\/lenceria69.com\/hn\/wp-json\/wp\/v2\/comments?post=13594"}],"version-history":[{"count":2,"href":"https:\/\/lenceria69.com\/hn\/wp-json\/wp\/v2\/product\/13594\/revisions"}],"predecessor-version":[{"id":13598,"href":"https:\/\/lenceria69.com\/hn\/wp-json\/wp\/v2\/product\/13594\/revisions\/13598"}],"wp:featuredmedia":[{"embeddable":true,"href":"https:\/\/lenceria69.com\/hn\/wp-json\/wp\/v2\/media\/13595"}],"wp:attachment":[{"href":"https:\/\/lenceria69.com\/hn\/wp-json\/wp\/v2\/media?parent=13594"}],"wp:term":[{"taxonomy":"product_brand","embeddable":true,"href":"https:\/\/lenceria69.com\/hn\/wp-json\/wp\/v2\/product_brand?post=13594"},{"taxonomy":"product_cat","embeddable":true,"href":"https:\/\/lenceria69.com\/hn\/wp-json\/wp\/v2\/product_cat?post=13594"},{"taxonomy":"product_tag","embeddable":true,"href":"https:\/\/lenceria69.com\/hn\/wp-json\/wp\/v2\/product_tag?post=13594"}],"curies":[{"name":"wp","href":"https:\/\/api.w.org\/{rel}","templated":true}]}}