{"id":1355,"date":"2026-02-26T00:15:10","date_gmt":"2026-02-26T06:15:10","guid":{"rendered":"http:\/\/lenceria69.com\/hn\/?post_type=product&#038;p=1355"},"modified":"2026-04-06T17:11:02","modified_gmt":"2026-04-06T23:11:02","slug":"pd550921","status":"publish","type":"product","link":"https:\/\/lenceria69.com\/hn\/producto\/pd550921\/","title":{"rendered":"King Cock 10&#8243; &#8211; Dildo con Bolas"},"content":{"rendered":"<p>\u00bfQuieres que tu primer consolador se vea y se sienta como el semental duro como una roca con el que siempre has fantaseado? \u00a1Deja de so\u00f1ar y baja con el Rey!<br \/>\nCada vena, cada eje y cada cabeza est\u00e1 cuidadosamente elaborado a mano con exquisito detalle para brindarle la experiencia m\u00e1s realista jam\u00e1s imaginada. La potente base con ventosa se adhiere a casi cualquier superficie plana y hace que todos los arneses de consoladores sean compatibles.<\/p>\n<p>Caracter\u00edsticas:<br \/>\n&#8211; Materiales: PVC<br \/>\n&#8211; Caracter\u00edsticas especiales: sin ftalatos.<br \/>\n&#8211; Base de succi\u00f3n<br \/>\n&#8211; Superficie texturizada<\/p>\n<p>Dimensiones:<br \/>\n&#8211; Longitud: 10.5 in (26,67 cms)<br \/>\n&#8211; Longitud insertable: 7.75 in (19,68 cms)<br \/>\n&#8211; Circunferencia: 6.75&#8243; en el punto m\u00e1s grande (17,14 cms)<br \/>\n&#8211; Ancho: 2&#8243; en el punto m\u00e1s grande (5,08 cms)<\/p>\n","protected":false},"excerpt":{"rendered":"<p>\u00bfQuieres que tu primer consolador se vea y se sienta como el semental duro como una roca con el que siempre has fantaseado? \u00a1Deja de so\u00f1ar y baja con el Rey! Cada vena, cada eje y cada cabeza est\u00e1 cuidadosamente elaborado a mano con exquisito detalle para brindarle la experiencia m\u00e1s realista jam\u00e1s imaginada. La&#8230;<\/p>\n","protected":false},"featured_media":13638,"comment_status":"open","ping_status":"closed","template":"","meta":{"_kad_post_transparent":"default","_kad_post_title":"","_kad_post_layout":"default","_kad_post_sidebar_id":"","_kad_post_content_style":"default","_kad_post_vertical_padding":"default","_kad_post_feature":"","_kad_post_feature_position":"","_kad_post_header":false,"_kad_post_footer":false,"_joinchat":[]},"product_brand":[],"product_cat":[25,29,24],"product_tag":[],"class_list":{"0":"post-1355","1":"product","2":"type-product","3":"status-publish","4":"has-post-thumbnail","6":"product_cat-dildos","7":"product_cat-juguetesventosa","8":"product_cat-juguetes-sexuales","10":"first","11":"instock","12":"shipping-taxable","13":"purchasable","14":"product-type-variable","15":"entry","16":"content-bg","17":"loop-entry"},"_links":{"self":[{"href":"https:\/\/lenceria69.com\/hn\/wp-json\/wp\/v2\/product\/1355","targetHints":{"allow":["GET"]}}],"collection":[{"href":"https:\/\/lenceria69.com\/hn\/wp-json\/wp\/v2\/product"}],"about":[{"href":"https:\/\/lenceria69.com\/hn\/wp-json\/wp\/v2\/types\/product"}],"replies":[{"embeddable":true,"href":"https:\/\/lenceria69.com\/hn\/wp-json\/wp\/v2\/comments?post=1355"}],"version-history":[{"count":2,"href":"https:\/\/lenceria69.com\/hn\/wp-json\/wp\/v2\/product\/1355\/revisions"}],"predecessor-version":[{"id":6549,"href":"https:\/\/lenceria69.com\/hn\/wp-json\/wp\/v2\/product\/1355\/revisions\/6549"}],"wp:featuredmedia":[{"embeddable":true,"href":"https:\/\/lenceria69.com\/hn\/wp-json\/wp\/v2\/media\/13638"}],"wp:attachment":[{"href":"https:\/\/lenceria69.com\/hn\/wp-json\/wp\/v2\/media?parent=1355"}],"wp:term":[{"taxonomy":"product_brand","embeddable":true,"href":"https:\/\/lenceria69.com\/hn\/wp-json\/wp\/v2\/product_brand?post=1355"},{"taxonomy":"product_cat","embeddable":true,"href":"https:\/\/lenceria69.com\/hn\/wp-json\/wp\/v2\/product_cat?post=1355"},{"taxonomy":"product_tag","embeddable":true,"href":"https:\/\/lenceria69.com\/hn\/wp-json\/wp\/v2\/product_tag?post=1355"}],"curies":[{"name":"wp","href":"https:\/\/api.w.org\/{rel}","templated":true}]}}