{"id":1344,"date":"2023-06-14T15:31:47","date_gmt":"2023-06-14T21:31:47","guid":{"rendered":"http:\/\/lenceria69.com\/hn\/?post_type=product&#038;p=1344"},"modified":"2025-12-06T16:29:37","modified_gmt":"2025-12-06T22:29:37","slug":"pd4412-23","status":"publish","type":"product","link":"https:\/\/lenceria69.com\/hn\/producto\/pd4412-23\/","title":{"rendered":"Fetish Fantasy Ball Gag &#8211; Mordaza para Principiantes"},"content":{"rendered":"<p>Explora una nueva forma de comunicarte sin decir una palabra. El nuevo Beginner&#8217;s Ball Gag de Fetish le dar\u00e1 control a tu pareja y no podr\u00e1s decir una palabra.<\/p>\n<p>Avent\u00farate en un nuevo mundo de sumisi\u00f3n. Coloc\u00f3 la mordaza de goma firme en mi boca y apret\u00f3 la correa de la cabeza, indic\u00e1ndome que no dijera una palabra. Mis dientes se hundieron en la mordaza mientras la baba goteaba por la comisura de mi boca. \u201a<\/p>\n<p>\u00abRespira por la nariz\u00bb, orden\u00f3, mientras sus labios besaban suavemente mi cuello y sus manos acariciaban mis pechos. \u00abTe har\u00e9 saber cu\u00e1ndo y con qu\u00e9 frecuencia puedes hablar, pero hasta entonces, \u00a1no quiero escuchar ni p\u00edo!<\/p>\n<p>Caracter\u00edsticas:<br \/>\nMateriales: Mordaza de bola: PVC<br \/>\nMateriales: Correa: Nailon<br \/>\nDimensiones:<br \/>\n&#8211; Medidas de la bola Di\u00e1metro de la bola: 2\u00bb (5 cm)<\/p>\n<p>Precauci\u00f3n: Cuando use una mordaza de bola por primera vez, revise cada 15 minutos para ver si le duele la mand\u00edbula. Se pueden producir lesiones si se dejan puestos durante largos per\u00edodos de tiempo.<\/p>\n","protected":false},"excerpt":{"rendered":"<p>PD4412-23<\/p>\n","protected":false},"featured_media":1000001463,"comment_status":"open","ping_status":"closed","template":"","meta":{"_kad_post_transparent":"default","_kad_post_title":"","_kad_post_layout":"default","_kad_post_sidebar_id":"","_kad_post_content_style":"default","_kad_post_vertical_padding":"default","_kad_post_feature":"","_kad_post_feature_position":"","_kad_post_header":false,"_kad_post_footer":false,"_joinchat":[]},"product_brand":[],"product_cat":[27,24],"product_tag":[],"class_list":{"0":"post-1344","1":"product","2":"type-product","3":"status-publish","4":"has-post-thumbnail","6":"product_cat-juguetebondage","7":"product_cat-juguetes-sexuales","9":"first","10":"outofstock","11":"shipping-taxable","12":"product-type-variable","13":"entry","14":"content-bg","15":"loop-entry"},"_links":{"self":[{"href":"https:\/\/lenceria69.com\/hn\/wp-json\/wp\/v2\/product\/1344","targetHints":{"allow":["GET"]}}],"collection":[{"href":"https:\/\/lenceria69.com\/hn\/wp-json\/wp\/v2\/product"}],"about":[{"href":"https:\/\/lenceria69.com\/hn\/wp-json\/wp\/v2\/types\/product"}],"replies":[{"embeddable":true,"href":"https:\/\/lenceria69.com\/hn\/wp-json\/wp\/v2\/comments?post=1344"}],"version-history":[{"count":2,"href":"https:\/\/lenceria69.com\/hn\/wp-json\/wp\/v2\/product\/1344\/revisions"}],"predecessor-version":[{"id":10618,"href":"https:\/\/lenceria69.com\/hn\/wp-json\/wp\/v2\/product\/1344\/revisions\/10618"}],"wp:featuredmedia":[{"embeddable":true,"href":"https:\/\/lenceria69.com\/hn\/wp-json\/"}],"wp:attachment":[{"href":"https:\/\/lenceria69.com\/hn\/wp-json\/wp\/v2\/media?parent=1344"}],"wp:term":[{"taxonomy":"product_brand","embeddable":true,"href":"https:\/\/lenceria69.com\/hn\/wp-json\/wp\/v2\/product_brand?post=1344"},{"taxonomy":"product_cat","embeddable":true,"href":"https:\/\/lenceria69.com\/hn\/wp-json\/wp\/v2\/product_cat?post=1344"},{"taxonomy":"product_tag","embeddable":true,"href":"https:\/\/lenceria69.com\/hn\/wp-json\/wp\/v2\/product_tag?post=1344"}],"curies":[{"name":"wp","href":"https:\/\/api.w.org\/{rel}","templated":true}]}}