{"id":13355,"date":"2026-01-28T16:00:48","date_gmt":"2026-01-28T22:00:48","guid":{"rendered":"https:\/\/lenceria69.com\/hn\/?post_type=product&#038;p=13355"},"modified":"2026-05-11T11:28:33","modified_gmt":"2026-05-11T17:28:33","slug":"ss697-57","status":"publish","type":"product","link":"https:\/\/lenceria69.com\/hn\/producto\/ss697-57\/","title":{"rendered":"Everlaster Harness: Arnes para Bondage"},"content":{"rendered":"<p>El arn\u00e9s Stud (el dildo se vende por separado) est\u00e1 fabricado con correas gruesas y resistentes que evitan que se mueva y se ajustan perfectamente para evitar rozaduras.<\/p>\n<p>Su comodidad y durabilidad garantizan que tanto t\u00fa como tu pareja puedan disfrutar de la penetraci\u00f3n tanto como deseen. Recomendamos el arn\u00e9s Everlaster a nuestros veteranos heridos que han perdido la capacidad de tener sexo con penetraci\u00f3n.<\/p>\n<p>Contenido de la caja<br \/>\n&#8211; Arn\u00e9s<br \/>\n&#8211; Pene hueco<\/p>\n<p>(Este producto no incluye dildo)<\/p>\n","protected":false},"excerpt":{"rendered":"<p>SS697-57<\/p>\n","protected":false},"featured_media":13356,"comment_status":"open","ping_status":"closed","template":"","meta":{"_kad_post_transparent":"default","_kad_post_title":"","_kad_post_layout":"default","_kad_post_sidebar_id":"","_kad_post_content_style":"default","_kad_post_vertical_padding":"default","_kad_post_feature":"","_kad_post_feature_position":"","_kad_post_header":false,"_kad_post_footer":false,"_joinchat":[]},"product_brand":[],"product_cat":[24,27],"product_tag":[],"class_list":{"0":"post-13355","1":"product","2":"type-product","3":"status-publish","4":"has-post-thumbnail","6":"product_cat-juguetes-sexuales","7":"product_cat-juguetebondage","9":"first","10":"instock","11":"shipping-taxable","12":"purchasable","13":"product-type-simple","14":"entry","15":"content-bg","16":"loop-entry"},"_links":{"self":[{"href":"https:\/\/lenceria69.com\/hn\/wp-json\/wp\/v2\/product\/13355","targetHints":{"allow":["GET"]}}],"collection":[{"href":"https:\/\/lenceria69.com\/hn\/wp-json\/wp\/v2\/product"}],"about":[{"href":"https:\/\/lenceria69.com\/hn\/wp-json\/wp\/v2\/types\/product"}],"replies":[{"embeddable":true,"href":"https:\/\/lenceria69.com\/hn\/wp-json\/wp\/v2\/comments?post=13355"}],"version-history":[{"count":3,"href":"https:\/\/lenceria69.com\/hn\/wp-json\/wp\/v2\/product\/13355\/revisions"}],"predecessor-version":[{"id":13360,"href":"https:\/\/lenceria69.com\/hn\/wp-json\/wp\/v2\/product\/13355\/revisions\/13360"}],"wp:featuredmedia":[{"embeddable":true,"href":"https:\/\/lenceria69.com\/hn\/wp-json\/wp\/v2\/media\/13356"}],"wp:attachment":[{"href":"https:\/\/lenceria69.com\/hn\/wp-json\/wp\/v2\/media?parent=13355"}],"wp:term":[{"taxonomy":"product_brand","embeddable":true,"href":"https:\/\/lenceria69.com\/hn\/wp-json\/wp\/v2\/product_brand?post=13355"},{"taxonomy":"product_cat","embeddable":true,"href":"https:\/\/lenceria69.com\/hn\/wp-json\/wp\/v2\/product_cat?post=13355"},{"taxonomy":"product_tag","embeddable":true,"href":"https:\/\/lenceria69.com\/hn\/wp-json\/wp\/v2\/product_tag?post=13355"}],"curies":[{"name":"wp","href":"https:\/\/api.w.org\/{rel}","templated":true}]}}