{"id":13341,"date":"2026-01-28T16:00:59","date_gmt":"2026-01-28T22:00:59","guid":{"rendered":"https:\/\/lenceria69.com\/hn\/?post_type=product&#038;p=13341"},"modified":"2026-04-18T11:35:29","modified_gmt":"2026-04-18T17:35:29","slug":"nubtnu11pk","status":"publish","type":"product","link":"https:\/\/lenceria69.com\/hn\/producto\/nubtnu11pk\/","title":{"rendered":"Sensuelle Mini Rabbit: Dildo Vibrador Recargable"},"content":{"rendered":"<p>Dale un nuevo impulso a tus pasos con la sensual calidez de nuestro seductor Nubii Jolie Mini Rabbit.<\/p>\n<p>Con una adorable figura, este mini vibrador bala conejo de doble motor de Nu Sensuelle ofrece tres irresistibles velocidades y cuatro satisfactorios patrones de vibraci\u00f3n para unas sensaciones de lujo.<\/p>\n<p>Activa la funci\u00f3n de calentamiento con control independiente y alcanza nuevas cotas de \u00e9xtasis rindi\u00e9ndote al seductor encanto de Jolie.<\/p>\n<p>Los peque\u00f1os vibradores vaginales y de punto G del conejo son el compa\u00f1ero de viaje ideal que, sin duda, te proporcionar\u00e1 un placer intenso dondequiera que est\u00e9s.<\/p>\n<p>Caracter\u00edsticas:<br \/>\nMaterial: Silicona segura para el cuerpo<br \/>\nTama\u00f1o: 3 x 15 cm<br \/>\nVelocidad + Pulsaciones: 3 velocidades + 4 pulsaciones<br \/>\nTipo de carga: Puerto de carga USB de precisi\u00f3n<br \/>\nTiempo de carga: Carga completa en aproximadamente 2 horas<br \/>\nTiempo de uso: 40-60 minutos<br \/>\nInterfaz: 1 bot\u00f3n<br \/>\nTIPO DE BATER\u00cdA: Iones de litio<\/p>\n","protected":false},"excerpt":{"rendered":"<p>Dale un nuevo impulso a tus pasos con la sensual calidez de nuestro seductor Nubii Jolie Mini Rabbit. Con una adorable figura, este mini vibrador bala conejo de doble motor de Nu Sensuelle ofrece tres irresistibles velocidades y cuatro satisfactorios patrones de vibraci\u00f3n para unas sensaciones de lujo. Activa la funci\u00f3n de calentamiento con control&#8230;<\/p>\n","protected":false},"featured_media":13343,"comment_status":"open","ping_status":"closed","template":"","meta":{"_kad_post_transparent":"default","_kad_post_title":"","_kad_post_layout":"default","_kad_post_sidebar_id":"","_kad_post_content_style":"default","_kad_post_vertical_padding":"default","_kad_post_feature":"","_kad_post_feature_position":"","_kad_post_header":false,"_kad_post_footer":false,"_joinchat":[]},"product_brand":[],"product_cat":[24,31],"product_tag":[],"class_list":{"0":"post-13341","1":"product","2":"type-product","3":"status-publish","4":"has-post-thumbnail","6":"product_cat-juguetes-sexuales","7":"product_cat-jugueterecargable","9":"first","10":"instock","11":"shipping-taxable","12":"purchasable","13":"product-type-variable","14":"entry","15":"content-bg","16":"loop-entry"},"_links":{"self":[{"href":"https:\/\/lenceria69.com\/hn\/wp-json\/wp\/v2\/product\/13341","targetHints":{"allow":["GET"]}}],"collection":[{"href":"https:\/\/lenceria69.com\/hn\/wp-json\/wp\/v2\/product"}],"about":[{"href":"https:\/\/lenceria69.com\/hn\/wp-json\/wp\/v2\/types\/product"}],"replies":[{"embeddable":true,"href":"https:\/\/lenceria69.com\/hn\/wp-json\/wp\/v2\/comments?post=13341"}],"version-history":[{"count":1,"href":"https:\/\/lenceria69.com\/hn\/wp-json\/wp\/v2\/product\/13341\/revisions"}],"predecessor-version":[{"id":13344,"href":"https:\/\/lenceria69.com\/hn\/wp-json\/wp\/v2\/product\/13341\/revisions\/13344"}],"wp:featuredmedia":[{"embeddable":true,"href":"https:\/\/lenceria69.com\/hn\/wp-json\/wp\/v2\/media\/13343"}],"wp:attachment":[{"href":"https:\/\/lenceria69.com\/hn\/wp-json\/wp\/v2\/media?parent=13341"}],"wp:term":[{"taxonomy":"product_brand","embeddable":true,"href":"https:\/\/lenceria69.com\/hn\/wp-json\/wp\/v2\/product_brand?post=13341"},{"taxonomy":"product_cat","embeddable":true,"href":"https:\/\/lenceria69.com\/hn\/wp-json\/wp\/v2\/product_cat?post=13341"},{"taxonomy":"product_tag","embeddable":true,"href":"https:\/\/lenceria69.com\/hn\/wp-json\/wp\/v2\/product_tag?post=13341"}],"curies":[{"name":"wp","href":"https:\/\/api.w.org\/{rel}","templated":true}]}}