{"id":13336,"date":"2026-01-28T16:00:18","date_gmt":"2026-01-28T22:00:18","guid":{"rendered":"https:\/\/lenceria69.com\/hn\/?post_type=product&#038;p=13336"},"modified":"2026-05-11T11:31:28","modified_gmt":"2026-05-11T17:31:28","slug":"nsn0287-08","status":"publish","type":"product","link":"https:\/\/lenceria69.com\/hn\/producto\/nsn0287-08\/","title":{"rendered":"Techno Prism Teal &#8211; Plug Anal + APP"},"content":{"rendered":"<p>Ilumina tus sensaciones con Prism de Techno, un sofisticado plug anal giratorio y vibratorio. Dise\u00f1ado para ser vers\u00e1til, Prism se puede controlar con una aplicaci\u00f3n descargable o usar de forma independiente.<\/p>\n<p>Fabricado con silicona premium segura para el cuerpo, este plug ofrece 16 emocionantes funciones, es recargable y resistente al agua. Compatible con todos los lubricantes, Prism proporciona un placer estimulante y se integra a la perfecci\u00f3n en tu rutina.<\/p>\n<p>Para un toque de alta tecnolog\u00eda a tu placer, escanea el c\u00f3digo QR de la caja para acceder a la aplicaci\u00f3n y mejorar tu experiencia.<\/p>\n<p>Caracter\u00edsticas:<br \/>\n&#8211; 16 emocionantes funciones giratorias<br \/>\n&#8211; Uso manual o controlado por la aplicaci\u00f3n<br \/>\n&#8211; Silicona premium segura para el cuerpo<br \/>\n&#8211; Recargable y resistente al agua<br \/>\n&#8211; Compatible con todos los lubricantes<\/p>\n<p>Dimensiones:<br \/>\n&#8211; Largo: 10,8 cm<br \/>\n&#8211; Largo insertable: 8,5 cm<br \/>\n&#8211; Di\u00e1metro: 3,4 cm<\/p>\n","protected":false},"excerpt":{"rendered":"<p>NSN0287-08<\/p>\n","protected":false},"featured_media":13337,"comment_status":"open","ping_status":"closed","template":"","meta":{"_kad_post_transparent":"default","_kad_post_title":"","_kad_post_layout":"default","_kad_post_sidebar_id":"","_kad_post_content_style":"default","_kad_post_vertical_padding":"default","_kad_post_feature":"","_kad_post_feature_position":"","_kad_post_header":false,"_kad_post_footer":false,"_joinchat":[]},"product_brand":[],"product_cat":[24,27,31],"product_tag":[],"class_list":{"0":"post-13336","1":"product","2":"type-product","3":"status-publish","4":"has-post-thumbnail","6":"product_cat-juguetes-sexuales","7":"product_cat-juguetebondage","8":"product_cat-jugueterecargable","10":"first","11":"instock","12":"shipping-taxable","13":"purchasable","14":"product-type-simple","15":"entry","16":"content-bg","17":"loop-entry"},"_links":{"self":[{"href":"https:\/\/lenceria69.com\/hn\/wp-json\/wp\/v2\/product\/13336","targetHints":{"allow":["GET"]}}],"collection":[{"href":"https:\/\/lenceria69.com\/hn\/wp-json\/wp\/v2\/product"}],"about":[{"href":"https:\/\/lenceria69.com\/hn\/wp-json\/wp\/v2\/types\/product"}],"replies":[{"embeddable":true,"href":"https:\/\/lenceria69.com\/hn\/wp-json\/wp\/v2\/comments?post=13336"}],"version-history":[{"count":2,"href":"https:\/\/lenceria69.com\/hn\/wp-json\/wp\/v2\/product\/13336\/revisions"}],"predecessor-version":[{"id":13340,"href":"https:\/\/lenceria69.com\/hn\/wp-json\/wp\/v2\/product\/13336\/revisions\/13340"}],"wp:featuredmedia":[{"embeddable":true,"href":"https:\/\/lenceria69.com\/hn\/wp-json\/wp\/v2\/media\/13337"}],"wp:attachment":[{"href":"https:\/\/lenceria69.com\/hn\/wp-json\/wp\/v2\/media?parent=13336"}],"wp:term":[{"taxonomy":"product_brand","embeddable":true,"href":"https:\/\/lenceria69.com\/hn\/wp-json\/wp\/v2\/product_brand?post=13336"},{"taxonomy":"product_cat","embeddable":true,"href":"https:\/\/lenceria69.com\/hn\/wp-json\/wp\/v2\/product_cat?post=13336"},{"taxonomy":"product_tag","embeddable":true,"href":"https:\/\/lenceria69.com\/hn\/wp-json\/wp\/v2\/product_tag?post=13336"}],"curies":[{"name":"wp","href":"https:\/\/api.w.org\/{rel}","templated":true}]}}