{"id":13331,"date":"2026-01-28T16:00:21","date_gmt":"2026-01-28T22:00:21","guid":{"rendered":"https:\/\/lenceria69.com\/hn\/?post_type=product&#038;p=13331"},"modified":"2026-04-28T14:19:52","modified_gmt":"2026-04-28T20:19:52","slug":"lel0247","status":"publish","type":"product","link":"https:\/\/lenceria69.com\/hn\/producto\/lel0247\/","title":{"rendered":"Lelo Originals Kaya &#8211; Dildo Vibrador + APP"},"content":{"rendered":"<p>KAYA\u2122 Originals de LELO es un vibrador conejito de doble acci\u00f3n de la nueva serie LELO Originals. Est\u00e1 dise\u00f1ado para proporcionar orgasmos mixtos estimulando simult\u00e1neamente el punto G y el cl\u00edtoris. Tiene un dise\u00f1o elegante y ergon\u00f3mico, y una bater\u00eda de larga duraci\u00f3n. KAYA\u2122 puede ser la opci\u00f3n ideal para quienes buscan un producto de placer vers\u00e1til e intenso.<\/p>\n<p>Los originales KAYA\u2122 brindan placer al estimular tanto el cl\u00edtoris como el punto G simult\u00e1neamente.<\/p>\n<p>CUATRO PODEROSOS AJUSTES DE PLACER<br \/>\nKAYA\u2122 Originals tiene cuatro modos de vibraci\u00f3n diferentes con intensidad variable, desde un zumbido tentador hasta un pulso satisfactorio.<\/p>\n<p>CUATRO AJUSTES EXCLUSIVOS EN LA APP.<br \/>\nAdem\u00e1s de los cuatro modos b\u00e1sicos disponibles sin la app, puedes desbloquear cuatro modos adicionales en la app. Estos consisten en dos modos normales y dos modos avanzados: Acabar conmigo y Fuera de control.<\/p>\n<p>RECARGABLE POR USB Y RESISTENTE AL AGUA SEG\u00daN EL EST\u00c1NDAR IPX7.<br \/>\nTambi\u00e9n se puede usar en la ba\u00f1era y la ducha.<\/p>\n<p>BATER\u00cdA DE LARGA DURACI\u00d3N<br \/>\nKAYA\u2122 Originals tiene una bater\u00eda de larga duraci\u00f3n para poder usarse durante muchas horas.<\/p>\n<p>Los LELO Originals incluyen un bloqueo de aplicaci\u00f3n que debes desbloquear desde la app. Esto garantiza que tu dispositivo sea aut\u00e9ntico, est\u00e9 actualizado y sea seguro. Una vez desbloqueado, puedes elegir si quieres usar la app. Carga tus LELO Originals durante dos horas antes del primer uso. Incluso si quieres usar el juguete sin la app, tendr\u00e1s que desbloquearlo a trav\u00e9s de la app LELO\u2122 la primera vez.<\/p>\n<p>Material: Silicona segura para el cuerpo, pl\u00e1stico ABS<br \/>\nTama\u00f1o: 194 x 64 x 37 mm<br \/>\nLongitud insertable: 120 mm<br \/>\nPeso: 123 g<br \/>\nBater\u00eda: Iones de litio 200 mAh<\/p>\n<p>Caracteristicas:<br \/>\nCarga: Hasta 2 horas a 5 V 200 mA<br \/>\nTiempo de uso: Hasta 2 horas<br \/>\nEn espera: Al menos 90 d\u00edas<br \/>\nInterfaz: 3 botones y 2 luces LED<\/p>\n","protected":false},"excerpt":{"rendered":"<p>KAYA\u2122 Originals de LELO es un vibrador conejito de doble acci\u00f3n de la nueva serie LELO Originals. Est\u00e1 dise\u00f1ado para proporcionar orgasmos mixtos estimulando simult\u00e1neamente el punto G y el cl\u00edtoris. Tiene un dise\u00f1o elegante y ergon\u00f3mico, y una bater\u00eda de larga duraci\u00f3n. KAYA\u2122 puede ser la opci\u00f3n ideal para quienes buscan un producto de&#8230;<\/p>\n","protected":false},"featured_media":13332,"comment_status":"open","ping_status":"closed","template":"","meta":{"_kad_post_transparent":"default","_kad_post_title":"","_kad_post_layout":"default","_kad_post_sidebar_id":"","_kad_post_content_style":"default","_kad_post_vertical_padding":"default","_kad_post_feature":"","_kad_post_feature_position":"","_kad_post_header":false,"_kad_post_footer":false,"_joinchat":[]},"product_brand":[],"product_cat":[24,31],"product_tag":[],"class_list":{"0":"post-13331","1":"product","2":"type-product","3":"status-publish","4":"has-post-thumbnail","6":"product_cat-juguetes-sexuales","7":"product_cat-jugueterecargable","9":"first","10":"instock","11":"shipping-taxable","12":"purchasable","13":"product-type-variable","14":"entry","15":"content-bg","16":"loop-entry"},"_links":{"self":[{"href":"https:\/\/lenceria69.com\/hn\/wp-json\/wp\/v2\/product\/13331","targetHints":{"allow":["GET"]}}],"collection":[{"href":"https:\/\/lenceria69.com\/hn\/wp-json\/wp\/v2\/product"}],"about":[{"href":"https:\/\/lenceria69.com\/hn\/wp-json\/wp\/v2\/types\/product"}],"replies":[{"embeddable":true,"href":"https:\/\/lenceria69.com\/hn\/wp-json\/wp\/v2\/comments?post=13331"}],"version-history":[{"count":2,"href":"https:\/\/lenceria69.com\/hn\/wp-json\/wp\/v2\/product\/13331\/revisions"}],"predecessor-version":[{"id":13335,"href":"https:\/\/lenceria69.com\/hn\/wp-json\/wp\/v2\/product\/13331\/revisions\/13335"}],"wp:featuredmedia":[{"embeddable":true,"href":"https:\/\/lenceria69.com\/hn\/wp-json\/wp\/v2\/media\/13332"}],"wp:attachment":[{"href":"https:\/\/lenceria69.com\/hn\/wp-json\/wp\/v2\/media?parent=13331"}],"wp:term":[{"taxonomy":"product_brand","embeddable":true,"href":"https:\/\/lenceria69.com\/hn\/wp-json\/wp\/v2\/product_brand?post=13331"},{"taxonomy":"product_cat","embeddable":true,"href":"https:\/\/lenceria69.com\/hn\/wp-json\/wp\/v2\/product_cat?post=13331"},{"taxonomy":"product_tag","embeddable":true,"href":"https:\/\/lenceria69.com\/hn\/wp-json\/wp\/v2\/product_tag?post=13331"}],"curies":[{"name":"wp","href":"https:\/\/api.w.org\/{rel}","templated":true}]}}