{"id":1331,"date":"2025-10-18T08:00:58","date_gmt":"2025-10-18T14:00:58","guid":{"rendered":"http:\/\/lenceria69.com\/hn\/?post_type=product&#038;p=1331"},"modified":"2026-03-19T09:16:13","modified_gmt":"2026-03-19T15:16:13","slug":"pd4027-23","status":"publish","type":"product","link":"https:\/\/lenceria69.com\/hn\/producto\/pd4027-23\/","title":{"rendered":"Fetish Fantasy Remote Panty: Pantaleta P\/Dama + Vibrador"},"content":{"rendered":"<p>\u00bfPuede guardar un secreto? \u00a1Escondida discretamente dentro de esta sexy tanga de talle bajo hay una micro-bala oculta dise\u00f1ada para sacudir tu mundo! La cintura suave y el\u00e1stica es tan c\u00f3moda que te olvidar\u00e1s de que est\u00e1s usando bragas, hasta que enciendas el microestimulador secreto. Con solo presionar un bot\u00f3n, el motor silencioso cobra vida y proporciona estimulaci\u00f3n directa donde m\u00e1s lo desea. Elija entre 20 patrones de pulsaci\u00f3n y pase de un aleteo a un latido al instante.<\/p>\n<p>El control remoto inal\u00e1mbrico le permite a su pareja controlar las vibraciones desde la habitaci\u00f3n contigua o al otro lado de la mesa de la cena, lo que le brinda un elemento completamente nuevo de sorpresa en su pr\u00f3xima cita. \u00a1Lo mejor de todo es que nadie sabr\u00e1 nunca por qu\u00e9 sonr\u00edes tanto!<\/p>\n<p>Bater\u00eda: AAA<\/p>\n","protected":false},"excerpt":{"rendered":"<p>PD4027-23<\/p>\n","protected":false},"featured_media":10176,"comment_status":"open","ping_status":"closed","template":"","meta":{"_kad_post_transparent":"default","_kad_post_title":"","_kad_post_layout":"default","_kad_post_sidebar_id":"","_kad_post_content_style":"default","_kad_post_vertical_padding":"default","_kad_post_feature":"","_kad_post_feature_position":"","_kad_post_header":false,"_kad_post_footer":false,"_joinchat":[]},"product_brand":[],"product_cat":[28,24],"product_tag":[],"class_list":{"0":"post-1331","1":"product","2":"type-product","3":"status-publish","4":"has-post-thumbnail","6":"product_cat-juguetebateria","7":"product_cat-juguetes-sexuales","9":"first","10":"outofstock","11":"shipping-taxable","12":"product-type-variable","13":"entry","14":"content-bg","15":"loop-entry"},"_links":{"self":[{"href":"https:\/\/lenceria69.com\/hn\/wp-json\/wp\/v2\/product\/1331","targetHints":{"allow":["GET"]}}],"collection":[{"href":"https:\/\/lenceria69.com\/hn\/wp-json\/wp\/v2\/product"}],"about":[{"href":"https:\/\/lenceria69.com\/hn\/wp-json\/wp\/v2\/types\/product"}],"replies":[{"embeddable":true,"href":"https:\/\/lenceria69.com\/hn\/wp-json\/wp\/v2\/comments?post=1331"}],"version-history":[{"count":4,"href":"https:\/\/lenceria69.com\/hn\/wp-json\/wp\/v2\/product\/1331\/revisions"}],"predecessor-version":[{"id":12137,"href":"https:\/\/lenceria69.com\/hn\/wp-json\/wp\/v2\/product\/1331\/revisions\/12137"}],"wp:featuredmedia":[{"embeddable":true,"href":"https:\/\/lenceria69.com\/hn\/wp-json\/wp\/v2\/media\/10176"}],"wp:attachment":[{"href":"https:\/\/lenceria69.com\/hn\/wp-json\/wp\/v2\/media?parent=1331"}],"wp:term":[{"taxonomy":"product_brand","embeddable":true,"href":"https:\/\/lenceria69.com\/hn\/wp-json\/wp\/v2\/product_brand?post=1331"},{"taxonomy":"product_cat","embeddable":true,"href":"https:\/\/lenceria69.com\/hn\/wp-json\/wp\/v2\/product_cat?post=1331"},{"taxonomy":"product_tag","embeddable":true,"href":"https:\/\/lenceria69.com\/hn\/wp-json\/wp\/v2\/product_tag?post=1331"}],"curies":[{"name":"wp","href":"https:\/\/api.w.org\/{rel}","templated":true}]}}