{"id":13239,"date":"2026-01-18T21:19:04","date_gmt":"2026-01-19T03:19:04","guid":{"rendered":"https:\/\/lenceria69.com\/hn\/?post_type=product&#038;p=13239"},"modified":"2026-05-11T11:26:41","modified_gmt":"2026-05-11T17:26:41","slug":"sa4058191","status":"publish","type":"product","link":"https:\/\/lenceria69.com\/hn\/producto\/sa4058191\/","title":{"rendered":"Satisfyer Pro 2: Succionador de Clitoris"},"content":{"rendered":"<p>Tu cl\u00edtoris se llenar\u00e1 de placer como nunca antes. \u00a1El Satisfyer Pro 2 Generaci\u00f3n 3 ya est\u00e1 aqu\u00ed! Con nuestra innovadora Tecnolog\u00eda Liquid Air, la nueva generaci\u00f3n de este cl\u00e1sico Satisfyer imita la sensualidad del agua palpitante.<\/p>\n<p>Gracias a sus dos motores, ahora tambi\u00e9n puedes disfrutar de 12 programas de vibraci\u00f3n. La revoluci\u00f3n m\u00e1s impresionante, sin embargo, reside en nuestra innovadora Tecnolog\u00eda Liquid Air: la tapa adicional, con su fina y suave membrana de silicona, crea intensas ondas que imitan la sensualidad del agua palpitante.<\/p>\n<p>El Pro 2 Generaci\u00f3n 3 inunda tu cuerpo con estas ondas de placer, creando una sensaci\u00f3n especialmente natural y permitiendo orgasmos cristalinos como nunca antes hab\u00edas experimentado.<\/p>\n<p>Caracter\u00edsticas<br \/>\n&#8211; Fabricado en silicona y ABS<br \/>\n&#8211; Tecnolog\u00eda Liquid Air<br \/>\n&#8211; Pulso de aire<br \/>\n&#8211; 11 ondas de presi\u00f3n<br \/>\n&#8211; 2 motores<br \/>\n&#8211; Recargable por USB<\/p>\n<p>Contenido de la caja<br \/>\n&#8211; Vibrador<br \/>\n&#8211; Cable de carga USB<br \/>\n&#8211; 2 tapas<\/p>\n","protected":false},"excerpt":{"rendered":"<p>Tu cl\u00edtoris se llenar\u00e1 de placer como nunca antes. \u00a1El Satisfyer Pro 2 Generaci\u00f3n 3 ya est\u00e1 aqu\u00ed! Con nuestra innovadora Tecnolog\u00eda Liquid Air, la nueva generaci\u00f3n de este cl\u00e1sico Satisfyer imita la sensualidad del agua palpitante. Gracias a sus dos motores, ahora tambi\u00e9n puedes disfrutar de 12 programas de vibraci\u00f3n. La revoluci\u00f3n m\u00e1s impresionante,&#8230;<\/p>\n","protected":false},"featured_media":13240,"comment_status":"open","ping_status":"closed","template":"","meta":{"_kad_post_transparent":"default","_kad_post_title":"","_kad_post_layout":"default","_kad_post_sidebar_id":"","_kad_post_content_style":"default","_kad_post_vertical_padding":"default","_kad_post_feature":"","_kad_post_feature_position":"","_kad_post_header":false,"_kad_post_footer":false,"_joinchat":[]},"product_brand":[],"product_cat":[24,31],"product_tag":[],"class_list":{"0":"post-13239","1":"product","2":"type-product","3":"status-publish","4":"has-post-thumbnail","6":"product_cat-juguetes-sexuales","7":"product_cat-jugueterecargable","9":"first","10":"instock","11":"shipping-taxable","12":"purchasable","13":"product-type-simple","14":"entry","15":"content-bg","16":"loop-entry"},"_links":{"self":[{"href":"https:\/\/lenceria69.com\/hn\/wp-json\/wp\/v2\/product\/13239","targetHints":{"allow":["GET"]}}],"collection":[{"href":"https:\/\/lenceria69.com\/hn\/wp-json\/wp\/v2\/product"}],"about":[{"href":"https:\/\/lenceria69.com\/hn\/wp-json\/wp\/v2\/types\/product"}],"replies":[{"embeddable":true,"href":"https:\/\/lenceria69.com\/hn\/wp-json\/wp\/v2\/comments?post=13239"}],"version-history":[{"count":2,"href":"https:\/\/lenceria69.com\/hn\/wp-json\/wp\/v2\/product\/13239\/revisions"}],"predecessor-version":[{"id":13244,"href":"https:\/\/lenceria69.com\/hn\/wp-json\/wp\/v2\/product\/13239\/revisions\/13244"}],"wp:featuredmedia":[{"embeddable":true,"href":"https:\/\/lenceria69.com\/hn\/wp-json\/wp\/v2\/media\/13240"}],"wp:attachment":[{"href":"https:\/\/lenceria69.com\/hn\/wp-json\/wp\/v2\/media?parent=13239"}],"wp:term":[{"taxonomy":"product_brand","embeddable":true,"href":"https:\/\/lenceria69.com\/hn\/wp-json\/wp\/v2\/product_brand?post=13239"},{"taxonomy":"product_cat","embeddable":true,"href":"https:\/\/lenceria69.com\/hn\/wp-json\/wp\/v2\/product_cat?post=13239"},{"taxonomy":"product_tag","embeddable":true,"href":"https:\/\/lenceria69.com\/hn\/wp-json\/wp\/v2\/product_tag?post=13239"}],"curies":[{"name":"wp","href":"https:\/\/api.w.org\/{rel}","templated":true}]}}