{"id":12936,"date":"2025-12-22T18:08:51","date_gmt":"2025-12-23T00:08:51","guid":{"rendered":"https:\/\/lenceria69.com\/hn\/?post_type=product&#038;p=12936"},"modified":"2026-04-05T10:12:38","modified_gmt":"2026-04-05T16:12:38","slug":"rd439-21","status":"publish","type":"product","link":"https:\/\/lenceria69.com\/hn\/producto\/rd439-21\/","title":{"rendered":"Masturbador para Hombre: PDX Slippery Slit"},"content":{"rendered":"<p>\u00a1Has llegado al lugar indicado, porque este masturbador est\u00e1 empapado de excitaci\u00f3n! Prep\u00e1rate para una sesi\u00f3n de masturbaci\u00f3n inolvidable metiendo tu pene hasta el fondo del masturbador Wet Pussies Slippery Slit.<\/p>\n<p>Es autolubricante, lo que significa que con solo un poco de agua, \u00a1este Slippery Slit se convierte en una zona de placer org\u00e1smica y h\u00fameda! Fabricado con el galardonado material Fanta Flesh y dise\u00f1ado con detalles superrealistas, \u00a1puedes estar seguro de que este masturbador autolubricante se ve y se siente MEJOR que uno real!<\/p>\n<p>\u00a1As\u00ed que deja de so\u00f1ar con co\u00f1os empapado y empieza a correrte en uno hoy mismo!<\/p>\n<p>Caracter\u00edsticas<br \/>\n-Hecho de TPR<br \/>\n&#8211; Autolubricante<br \/>\n&#8211; Realista<br \/>\n&#8211; T\u00fanel de Placer<\/p>\n<p>Dentro de la caja<br \/>\n&#8211; Masturbador<\/p>\n<p>Dimensiones:<br \/>\n&#8211; Longitud del t\u00fanel: 12 cm \/ 4,7&#8243;<br \/>\n&#8211; Longitud total: 14,6 cm \/ 5,75&#8243;<br \/>\n&#8211; Ancho total: 7,5 cm \/ 3&#8243;<\/p>\n","protected":false},"excerpt":{"rendered":"<p>\u00a1Has llegado al lugar indicado, porque este masturbador est\u00e1 empapado de excitaci\u00f3n! Prep\u00e1rate para una sesi\u00f3n de masturbaci\u00f3n inolvidable metiendo tu pene hasta el fondo del masturbador Wet Pussies Slippery Slit. Es autolubricante, lo que significa que con solo un poco de agua, \u00a1este Slippery Slit se convierte en una zona de placer org\u00e1smica y&#8230;<\/p>\n","protected":false},"featured_media":12938,"comment_status":"open","ping_status":"closed","template":"","meta":{"_kad_post_transparent":"default","_kad_post_title":"","_kad_post_layout":"default","_kad_post_sidebar_id":"","_kad_post_content_style":"default","_kad_post_vertical_padding":"default","_kad_post_feature":"","_kad_post_feature_position":"","_kad_post_header":false,"_kad_post_footer":false,"_joinchat":[]},"product_brand":[],"product_cat":[24,30],"product_tag":[],"class_list":{"0":"post-12936","1":"product","2":"type-product","3":"status-publish","4":"has-post-thumbnail","6":"product_cat-juguetes-sexuales","7":"product_cat-juguetes_para_ellos","9":"first","10":"instock","11":"shipping-taxable","12":"purchasable","13":"product-type-variable","14":"entry","15":"content-bg","16":"loop-entry"},"_links":{"self":[{"href":"https:\/\/lenceria69.com\/hn\/wp-json\/wp\/v2\/product\/12936","targetHints":{"allow":["GET"]}}],"collection":[{"href":"https:\/\/lenceria69.com\/hn\/wp-json\/wp\/v2\/product"}],"about":[{"href":"https:\/\/lenceria69.com\/hn\/wp-json\/wp\/v2\/types\/product"}],"replies":[{"embeddable":true,"href":"https:\/\/lenceria69.com\/hn\/wp-json\/wp\/v2\/comments?post=12936"}],"version-history":[{"count":3,"href":"https:\/\/lenceria69.com\/hn\/wp-json\/wp\/v2\/product\/12936\/revisions"}],"predecessor-version":[{"id":13184,"href":"https:\/\/lenceria69.com\/hn\/wp-json\/wp\/v2\/product\/12936\/revisions\/13184"}],"wp:featuredmedia":[{"embeddable":true,"href":"https:\/\/lenceria69.com\/hn\/wp-json\/wp\/v2\/media\/12938"}],"wp:attachment":[{"href":"https:\/\/lenceria69.com\/hn\/wp-json\/wp\/v2\/media?parent=12936"}],"wp:term":[{"taxonomy":"product_brand","embeddable":true,"href":"https:\/\/lenceria69.com\/hn\/wp-json\/wp\/v2\/product_brand?post=12936"},{"taxonomy":"product_cat","embeddable":true,"href":"https:\/\/lenceria69.com\/hn\/wp-json\/wp\/v2\/product_cat?post=12936"},{"taxonomy":"product_tag","embeddable":true,"href":"https:\/\/lenceria69.com\/hn\/wp-json\/wp\/v2\/product_tag?post=12936"}],"curies":[{"name":"wp","href":"https:\/\/api.w.org\/{rel}","templated":true}]}}