{"id":12915,"date":"2025-12-22T17:35:24","date_gmt":"2025-12-22T23:35:24","guid":{"rendered":"https:\/\/lenceria69.com\/hn\/?post_type=product&#038;p=12915"},"modified":"2026-03-11T17:03:40","modified_gmt":"2026-03-11T23:03:40","slug":"rd627-29","status":"publish","type":"product","link":"https:\/\/lenceria69.com\/hn\/producto\/rd627-29\/","title":{"rendered":"Masturbador para Hombre: PDX FuckFlask Private"},"content":{"rendered":"<p>\u00a1Aqu\u00ed tienes una trampa para la sed que te mantendr\u00e1 hidratado! Sum\u00e9rgete y ll\u00e9nala: el discreto masturbador Fuck Flask te mantendr\u00e1 fresco en cualquier momento y lugar.<\/p>\n<p>Dise\u00f1ado para imitar la apariencia de una botella de agua moderna y reutilizable, este dispositivo de hidrataci\u00f3n a demanda est\u00e1 dise\u00f1ado pensando en tu privacidad y se integrar\u00e1 f\u00e1cilmente en casi cualquier entorno, sin dejar rastro de sospecha.<\/p>\n<p>Ya sea en la mesita de noche, debajo de la cama, en una maleta o en el maletero del coche, el Fuck Flask es el masturbador discreto que tanto anhelabas.<\/p>\n<p>Caracter\u00edsticas<br \/>\n&#8211; Tapa abatible<br \/>\n&#8211; Discreto<br \/>\n&#8211; Realista<br \/>\n&#8211; Texturizado<\/p>\n<p>Dimensiones:<br \/>\n&#8211; Ancho del producto: 8,3 cm (3,3 pulg.)<br \/>\n&#8211; Altura del producto: 23,8 cm (9,4 pulg.)<br \/>\n&#8211; Profundidad de penetraci\u00f3n: 17,8 cm (7 pulg.)<\/p>\n","protected":false},"excerpt":{"rendered":"<p>\u00a1Aqu\u00ed tienes una trampa para la sed que te mantendr\u00e1 hidratado! Sum\u00e9rgete y ll\u00e9nala: el discreto masturbador Fuck Flask te mantendr\u00e1 fresco en cualquier momento y lugar. Dise\u00f1ado para imitar la apariencia de una botella de agua moderna y reutilizable, este dispositivo de hidrataci\u00f3n a demanda est\u00e1 dise\u00f1ado pensando en tu privacidad y se integrar\u00e1&#8230;<\/p>\n","protected":false},"featured_media":12917,"comment_status":"open","ping_status":"closed","template":"","meta":{"_kad_post_transparent":"default","_kad_post_title":"","_kad_post_layout":"default","_kad_post_sidebar_id":"","_kad_post_content_style":"default","_kad_post_vertical_padding":"default","_kad_post_feature":"","_kad_post_feature_position":"","_kad_post_header":false,"_kad_post_footer":false,"_joinchat":[]},"product_brand":[],"product_cat":[24,30],"product_tag":[],"class_list":{"0":"post-12915","1":"product","2":"type-product","3":"status-publish","4":"has-post-thumbnail","6":"product_cat-juguetes-sexuales","7":"product_cat-juguetes_para_ellos","9":"first","10":"instock","11":"shipping-taxable","12":"purchasable","13":"product-type-variable","14":"entry","15":"content-bg","16":"loop-entry"},"_links":{"self":[{"href":"https:\/\/lenceria69.com\/hn\/wp-json\/wp\/v2\/product\/12915","targetHints":{"allow":["GET"]}}],"collection":[{"href":"https:\/\/lenceria69.com\/hn\/wp-json\/wp\/v2\/product"}],"about":[{"href":"https:\/\/lenceria69.com\/hn\/wp-json\/wp\/v2\/types\/product"}],"replies":[{"embeddable":true,"href":"https:\/\/lenceria69.com\/hn\/wp-json\/wp\/v2\/comments?post=12915"}],"version-history":[{"count":3,"href":"https:\/\/lenceria69.com\/hn\/wp-json\/wp\/v2\/product\/12915\/revisions"}],"predecessor-version":[{"id":13188,"href":"https:\/\/lenceria69.com\/hn\/wp-json\/wp\/v2\/product\/12915\/revisions\/13188"}],"wp:featuredmedia":[{"embeddable":true,"href":"https:\/\/lenceria69.com\/hn\/wp-json\/wp\/v2\/media\/12917"}],"wp:attachment":[{"href":"https:\/\/lenceria69.com\/hn\/wp-json\/wp\/v2\/media?parent=12915"}],"wp:term":[{"taxonomy":"product_brand","embeddable":true,"href":"https:\/\/lenceria69.com\/hn\/wp-json\/wp\/v2\/product_brand?post=12915"},{"taxonomy":"product_cat","embeddable":true,"href":"https:\/\/lenceria69.com\/hn\/wp-json\/wp\/v2\/product_cat?post=12915"},{"taxonomy":"product_tag","embeddable":true,"href":"https:\/\/lenceria69.com\/hn\/wp-json\/wp\/v2\/product_tag?post=12915"}],"curies":[{"name":"wp","href":"https:\/\/api.w.org\/{rel}","templated":true}]}}