{"id":12911,"date":"2025-12-22T17:28:17","date_gmt":"2025-12-22T23:28:17","guid":{"rendered":"https:\/\/lenceria69.com\/hn\/?post_type=product&#038;p=12911"},"modified":"2026-02-19T11:42:49","modified_gmt":"2026-02-19T17:42:49","slug":"rd63020","status":"publish","type":"product","link":"https:\/\/lenceria69.com\/hn\/producto\/rd63020\/","title":{"rendered":"Masturbador para Hombre: PDX FapFlask HappyCamper"},"content":{"rendered":"<p>Atenci\u00f3n a todos los aventureros, amantes de la naturaleza, entusiastas del deporte y ni\u00f1os militares: \u00a1no habr\u00e1n experimentado la naturaleza hasta que traigan su botella de agua masturbadora Fap Flask Happy Camper!<\/p>\n<p>Dise\u00f1ada pensando en su privacidad, la Fap Flask est\u00e1 dise\u00f1ada para imitar la apariencia de una botella de agua moderna y reutilizable con un estampado de camuflaje tradicional que desaparecer\u00e1 f\u00e1cilmente entre la maleza, sin dejar rastro de sospecha.<\/p>\n<p>Ya sea en una tienda de campa\u00f1a, en un escondite de caza, escondida entre los arbustos o en la parte trasera de una camioneta, la Fap Flask es la discreta masturbadora que tanto anhelaba.<\/p>\n<p>Caracter\u00edsticas<br \/>\n&#8211; Tapa abatible<br \/>\n&#8211; Discreto<br \/>\n&#8211; Realista<br \/>\n&#8211; Texturizado<\/p>\n<p>Dimensiones:<br \/>\n&#8211; Ancho del producto: 8,3 cm (3,3 pulg.)<br \/>\n&#8211; Altura del producto: 23,8 cm (9,4 pulg.)<br \/>\n&#8211; Profundidad de penetraci\u00f3n: 17,8 cm (7 pulg.)<\/p>\n","protected":false},"excerpt":{"rendered":"<p>Atenci\u00f3n a todos los aventureros, amantes de la naturaleza, entusiastas del deporte y ni\u00f1os militares: \u00a1no habr\u00e1n experimentado la naturaleza hasta que traigan su botella de agua masturbadora Fap Flask Happy Camper! Dise\u00f1ada pensando en su privacidad, la Fap Flask est\u00e1 dise\u00f1ada para imitar la apariencia de una botella de agua moderna y reutilizable con&#8230;<\/p>\n","protected":false},"featured_media":12912,"comment_status":"open","ping_status":"closed","template":"","meta":{"_kad_post_transparent":"default","_kad_post_title":"","_kad_post_layout":"default","_kad_post_sidebar_id":"","_kad_post_content_style":"default","_kad_post_vertical_padding":"default","_kad_post_feature":"","_kad_post_feature_position":"","_kad_post_header":false,"_kad_post_footer":false,"_joinchat":[]},"product_brand":[],"product_cat":[24,30],"product_tag":[],"class_list":{"0":"post-12911","1":"product","2":"type-product","3":"status-publish","4":"has-post-thumbnail","6":"product_cat-juguetes-sexuales","7":"product_cat-juguetes_para_ellos","9":"first","10":"instock","11":"shipping-taxable","12":"purchasable","13":"product-type-variable","14":"entry","15":"content-bg","16":"loop-entry"},"_links":{"self":[{"href":"https:\/\/lenceria69.com\/hn\/wp-json\/wp\/v2\/product\/12911","targetHints":{"allow":["GET"]}}],"collection":[{"href":"https:\/\/lenceria69.com\/hn\/wp-json\/wp\/v2\/product"}],"about":[{"href":"https:\/\/lenceria69.com\/hn\/wp-json\/wp\/v2\/types\/product"}],"replies":[{"embeddable":true,"href":"https:\/\/lenceria69.com\/hn\/wp-json\/wp\/v2\/comments?post=12911"}],"version-history":[{"count":4,"href":"https:\/\/lenceria69.com\/hn\/wp-json\/wp\/v2\/product\/12911\/revisions"}],"predecessor-version":[{"id":13189,"href":"https:\/\/lenceria69.com\/hn\/wp-json\/wp\/v2\/product\/12911\/revisions\/13189"}],"wp:featuredmedia":[{"embeddable":true,"href":"https:\/\/lenceria69.com\/hn\/wp-json\/wp\/v2\/media\/12912"}],"wp:attachment":[{"href":"https:\/\/lenceria69.com\/hn\/wp-json\/wp\/v2\/media?parent=12911"}],"wp:term":[{"taxonomy":"product_brand","embeddable":true,"href":"https:\/\/lenceria69.com\/hn\/wp-json\/wp\/v2\/product_brand?post=12911"},{"taxonomy":"product_cat","embeddable":true,"href":"https:\/\/lenceria69.com\/hn\/wp-json\/wp\/v2\/product_cat?post=12911"},{"taxonomy":"product_tag","embeddable":true,"href":"https:\/\/lenceria69.com\/hn\/wp-json\/wp\/v2\/product_tag?post=12911"}],"curies":[{"name":"wp","href":"https:\/\/api.w.org\/{rel}","templated":true}]}}