{"id":12316,"date":"2025-11-04T12:00:09","date_gmt":"2025-11-04T18:00:09","guid":{"rendered":"https:\/\/lenceria69.com\/hn\/?post_type=product&#038;p=12316"},"modified":"2026-01-12T14:52:54","modified_gmt":"2026-01-12T20:52:54","slug":"rd625-21","status":"publish","type":"product","link":"https:\/\/lenceria69.com\/hn\/producto\/rd625-21\/","title":{"rendered":"Masturbador para Hombre: Pick Your Pleasure XL"},"content":{"rendered":"<p>Elige tu orificio y da rienda suelta a todas tus fantas\u00edas con el masturbador extragrande PDX Plus Pick Your Pleasure XL.<\/p>\n<p>Este enorme masturbador cuenta con una textura de piel superdetallada y dos orificios diferentes para la penetraci\u00f3n. Tanto si te apetece vagina como ano, conseguir\u00e1s justo lo que buscas.<\/p>\n<p>Adem\u00e1s, incluye un intrincado t\u00fanel interior con protuberancias que te har\u00e1n vibrar. Fabricado con nuestro exclusivo material Fanta Flesh, el masturbador Pick Your Pleasure XL tiene un aspecto y una sensaci\u00f3n mejores que la realidad.<\/p>\n<p>Pesos y dimensiones<br \/>\nAncho del producto: 12,7 cm (5 pulg.)<br \/>\nAltura del producto: 15,2 cm (6 pulg.)<br \/>\nLongitud del producto: 22,9 cm (9 pulg.)<\/p>\n<p>Dimensiones adicionales<br \/>\nEl di\u00e1metro del t\u00fanel se extiende hasta m\u00e1s de 7,6 cm (3 pulg.)<\/p>\n<p>Peso del producto: 1,2 kg (2,7 lb)<\/p>\n","protected":false},"excerpt":{"rendered":"<p>Elige tu orificio y da rienda suelta a todas tus fantas\u00edas con el masturbador extragrande PDX Plus Pick Your Pleasure XL. Este enorme masturbador cuenta con una textura de piel superdetallada y dos orificios diferentes para la penetraci\u00f3n. Tanto si te apetece vagina como ano, conseguir\u00e1s justo lo que buscas. Adem\u00e1s, incluye un intrincado t\u00fanel&#8230;<\/p>\n","protected":false},"featured_media":12317,"comment_status":"open","ping_status":"closed","template":"","meta":{"_kad_post_transparent":"default","_kad_post_title":"","_kad_post_layout":"default","_kad_post_sidebar_id":"","_kad_post_content_style":"default","_kad_post_vertical_padding":"default","_kad_post_feature":"","_kad_post_feature_position":"","_kad_post_header":false,"_kad_post_footer":false,"_joinchat":[]},"product_brand":[],"product_cat":[24,30],"product_tag":[],"class_list":{"0":"post-12316","1":"product","2":"type-product","3":"status-publish","4":"has-post-thumbnail","6":"product_cat-juguetes-sexuales","7":"product_cat-juguetes_para_ellos","9":"first","10":"instock","11":"shipping-taxable","12":"purchasable","13":"product-type-variable","14":"entry","15":"content-bg","16":"loop-entry"},"_links":{"self":[{"href":"https:\/\/lenceria69.com\/hn\/wp-json\/wp\/v2\/product\/12316","targetHints":{"allow":["GET"]}}],"collection":[{"href":"https:\/\/lenceria69.com\/hn\/wp-json\/wp\/v2\/product"}],"about":[{"href":"https:\/\/lenceria69.com\/hn\/wp-json\/wp\/v2\/types\/product"}],"replies":[{"embeddable":true,"href":"https:\/\/lenceria69.com\/hn\/wp-json\/wp\/v2\/comments?post=12316"}],"version-history":[{"count":3,"href":"https:\/\/lenceria69.com\/hn\/wp-json\/wp\/v2\/product\/12316\/revisions"}],"predecessor-version":[{"id":12961,"href":"https:\/\/lenceria69.com\/hn\/wp-json\/wp\/v2\/product\/12316\/revisions\/12961"}],"wp:featuredmedia":[{"embeddable":true,"href":"https:\/\/lenceria69.com\/hn\/wp-json\/wp\/v2\/media\/12317"}],"wp:attachment":[{"href":"https:\/\/lenceria69.com\/hn\/wp-json\/wp\/v2\/media?parent=12316"}],"wp:term":[{"taxonomy":"product_brand","embeddable":true,"href":"https:\/\/lenceria69.com\/hn\/wp-json\/wp\/v2\/product_brand?post=12316"},{"taxonomy":"product_cat","embeddable":true,"href":"https:\/\/lenceria69.com\/hn\/wp-json\/wp\/v2\/product_cat?post=12316"},{"taxonomy":"product_tag","embeddable":true,"href":"https:\/\/lenceria69.com\/hn\/wp-json\/wp\/v2\/product_tag?post=12316"}],"curies":[{"name":"wp","href":"https:\/\/api.w.org\/{rel}","templated":true}]}}