{"id":12151,"date":"2026-02-26T00:15:27","date_gmt":"2026-02-26T06:15:27","guid":{"rendered":"https:\/\/lenceria69.com\/hn\/?post_type=product&#038;p=12151"},"modified":"2026-02-26T00:27:50","modified_gmt":"2026-02-26T06:27:50","slug":"pd5280-34","status":"publish","type":"product","link":"https:\/\/lenceria69.com\/hn\/producto\/pd5280-34\/","title":{"rendered":"Ultima Rabbit No.2: Dildo Vibrador + Estimulador de Clitoris"},"content":{"rendered":"<p>El Ultimate Rabbit No. 2 est\u00e1 dise\u00f1ado para seducirte en cada punto. Llevando su forma cl\u00e1sica a un nuevo nivel, sus curvas flexibles brindan placer externo e interno con vibraci\u00f3n directa a tus zonas er\u00f3genas m\u00e1s sensibles.<\/p>\n<p>Dos potentes motores duplican la satisfacci\u00f3n con nueve patrones de vibraci\u00f3n \u00fanicos para disfrutar. Su dise\u00f1o de silicona ultrasuave es resistente al agua para que disfrutes en la ducha, el spa o la ba\u00f1era.<\/p>\n","protected":false},"excerpt":{"rendered":"<p>El Ultimate Rabbit No. 2 est\u00e1 dise\u00f1ado para seducirte en cada punto. Llevando su forma cl\u00e1sica a un nuevo nivel, sus curvas flexibles brindan placer externo e interno con vibraci\u00f3n directa a tus zonas er\u00f3genas m\u00e1s sensibles. Dos potentes motores duplican la satisfacci\u00f3n con nueve patrones de vibraci\u00f3n \u00fanicos para disfrutar. Su dise\u00f1o de silicona&#8230;<\/p>\n","protected":false},"featured_media":12154,"comment_status":"open","ping_status":"closed","template":"","meta":{"_kad_post_transparent":"default","_kad_post_title":"","_kad_post_layout":"default","_kad_post_sidebar_id":"","_kad_post_content_style":"default","_kad_post_vertical_padding":"default","_kad_post_feature":"","_kad_post_feature_position":"","_kad_post_header":false,"_kad_post_footer":false,"_joinchat":[]},"product_brand":[],"product_cat":[24,27,31],"product_tag":[],"class_list":{"0":"post-12151","1":"product","2":"type-product","3":"status-publish","4":"has-post-thumbnail","6":"product_cat-juguetes-sexuales","7":"product_cat-juguetebondage","8":"product_cat-jugueterecargable","10":"first","11":"instock","12":"shipping-taxable","13":"purchasable","14":"product-type-variable","15":"has-default-attributes","16":"entry","17":"content-bg","18":"loop-entry"},"_links":{"self":[{"href":"https:\/\/lenceria69.com\/hn\/wp-json\/wp\/v2\/product\/12151","targetHints":{"allow":["GET"]}}],"collection":[{"href":"https:\/\/lenceria69.com\/hn\/wp-json\/wp\/v2\/product"}],"about":[{"href":"https:\/\/lenceria69.com\/hn\/wp-json\/wp\/v2\/types\/product"}],"replies":[{"embeddable":true,"href":"https:\/\/lenceria69.com\/hn\/wp-json\/wp\/v2\/comments?post=12151"}],"version-history":[{"count":2,"href":"https:\/\/lenceria69.com\/hn\/wp-json\/wp\/v2\/product\/12151\/revisions"}],"predecessor-version":[{"id":13677,"href":"https:\/\/lenceria69.com\/hn\/wp-json\/wp\/v2\/product\/12151\/revisions\/13677"}],"wp:featuredmedia":[{"embeddable":true,"href":"https:\/\/lenceria69.com\/hn\/wp-json\/wp\/v2\/media\/12154"}],"wp:attachment":[{"href":"https:\/\/lenceria69.com\/hn\/wp-json\/wp\/v2\/media?parent=12151"}],"wp:term":[{"taxonomy":"product_brand","embeddable":true,"href":"https:\/\/lenceria69.com\/hn\/wp-json\/wp\/v2\/product_brand?post=12151"},{"taxonomy":"product_cat","embeddable":true,"href":"https:\/\/lenceria69.com\/hn\/wp-json\/wp\/v2\/product_cat?post=12151"},{"taxonomy":"product_tag","embeddable":true,"href":"https:\/\/lenceria69.com\/hn\/wp-json\/wp\/v2\/product_tag?post=12151"}],"curies":[{"name":"wp","href":"https:\/\/api.w.org\/{rel}","templated":true}]}}