{"id":12145,"date":"2025-10-18T08:00:50","date_gmt":"2025-10-18T14:00:50","guid":{"rendered":"https:\/\/lenceria69.com\/hn\/?post_type=product&#038;p=12145"},"modified":"2026-03-12T12:50:07","modified_gmt":"2026-03-12T18:50:07","slug":"pd5927-23","status":"publish","type":"product","link":"https:\/\/lenceria69.com\/hn\/producto\/pd5927-23\/","title":{"rendered":"Fantasy Cock Blocker: Candado Bondage P\/Pene"},"content":{"rendered":"<p>\u00a1Encierra a tu pareja con el Bloqueador de Pene de Silicona Extrema!<\/p>\n<p>\u00a1Cierra el candado, esconde la llave y aseg\u00farate de que tu pareja mantenga su pene donde debe!<\/p>\n<p>Esta jaula de castidad de alta gama est\u00e1 hecha de nuestra silicona Elite\u2122 ultrahigi\u00e9nica y est\u00e1 dise\u00f1ada para un uso c\u00f3modo y prolongado. El dispositivo de castidad es ligero, flexible y transpirable, pero una vez que se coloca el candado, \u00a1tu pareja no podr\u00e1 tener una erecci\u00f3n, sin importar lo excitada que est\u00e9!<\/p>\n<p>El Bloqueador de Pene de Silicona Extrema cuenta con un resistente anillo ajustable de acero inoxidable que envuelve todo el pene de tu pareja, dejando su miembro encerrado dentro de la funda de silicona transpirable. Con una comodidad inigualable, esta jaula de castidad de silicona ventilada es el dispositivo de castidad definitivo tanto para principiantes como para entusiastas del fetiche.<\/p>\n<p>\u00a1Disfruta de la emoci\u00f3n de encerrar a tu pareja o cede el control y entr\u00e9gale las llaves!<\/p>\n<p>La jaula de silicona es f\u00e1cil de lavar y s\u00faper higi\u00e9nica. Los orificios de ventilaci\u00f3n permiten limpiar el paquete del sujeto mientras a\u00fan lleva la jaula, y el anillo est\u00e1 hecho de acero inoxidable de alta calidad.<\/p>\n<p>La funda de silicona tiene un peque\u00f1o orificio para orinar, y todo el dispositivo se puede usar debajo de la ropa para disfrutar de unas sensaciones \u00fanicas. Para instalar la funda de silicona en el anillo met\u00e1lico, aseg\u00farese de que la abertura del anillo est\u00e9 hacia arriba y deslice ambos pares de presillas de silicona a cada lado del anillo.<\/p>\n<p>Una vez colocada la funda de silicona en el anillo de acero, elija uno de los tres orificios e instale uno de los cierres.<\/p>\n<p>Medidas:<br \/>\nLargo: 9,5 cm<br \/>\nAncho: 4 cm<\/p>\n<p>El anillo de acero se ajusta de 4,5 cm a 5,2 cm.<\/p>\n","protected":false},"excerpt":{"rendered":"<p>\u00a1Encierra a tu pareja con el Bloqueador de Pene de Silicona Extrema! \u00a1Cierra el candado, esconde la llave y aseg\u00farate de que tu pareja mantenga su pene donde debe! Esta jaula de castidad de alta gama est\u00e1 hecha de nuestra silicona Elite\u2122 ultrahigi\u00e9nica y est\u00e1 dise\u00f1ada para un uso c\u00f3modo y prolongado. El dispositivo de&#8230;<\/p>\n","protected":false},"featured_media":12148,"comment_status":"open","ping_status":"closed","template":"","meta":{"_kad_post_transparent":"default","_kad_post_title":"","_kad_post_layout":"default","_kad_post_sidebar_id":"","_kad_post_content_style":"default","_kad_post_vertical_padding":"default","_kad_post_feature":"","_kad_post_feature_position":"","_kad_post_header":false,"_kad_post_footer":false,"_joinchat":[]},"product_brand":[],"product_cat":[24,27],"product_tag":[],"class_list":{"0":"post-12145","1":"product","2":"type-product","3":"status-publish","4":"has-post-thumbnail","6":"product_cat-juguetes-sexuales","7":"product_cat-juguetebondage","9":"first","10":"instock","11":"shipping-taxable","12":"purchasable","13":"product-type-variable","14":"entry","15":"content-bg","16":"loop-entry"},"_links":{"self":[{"href":"https:\/\/lenceria69.com\/hn\/wp-json\/wp\/v2\/product\/12145","targetHints":{"allow":["GET"]}}],"collection":[{"href":"https:\/\/lenceria69.com\/hn\/wp-json\/wp\/v2\/product"}],"about":[{"href":"https:\/\/lenceria69.com\/hn\/wp-json\/wp\/v2\/types\/product"}],"replies":[{"embeddable":true,"href":"https:\/\/lenceria69.com\/hn\/wp-json\/wp\/v2\/comments?post=12145"}],"version-history":[{"count":3,"href":"https:\/\/lenceria69.com\/hn\/wp-json\/wp\/v2\/product\/12145\/revisions"}],"predecessor-version":[{"id":12524,"href":"https:\/\/lenceria69.com\/hn\/wp-json\/wp\/v2\/product\/12145\/revisions\/12524"}],"wp:featuredmedia":[{"embeddable":true,"href":"https:\/\/lenceria69.com\/hn\/wp-json\/wp\/v2\/media\/12148"}],"wp:attachment":[{"href":"https:\/\/lenceria69.com\/hn\/wp-json\/wp\/v2\/media?parent=12145"}],"wp:term":[{"taxonomy":"product_brand","embeddable":true,"href":"https:\/\/lenceria69.com\/hn\/wp-json\/wp\/v2\/product_brand?post=12145"},{"taxonomy":"product_cat","embeddable":true,"href":"https:\/\/lenceria69.com\/hn\/wp-json\/wp\/v2\/product_cat?post=12145"},{"taxonomy":"product_tag","embeddable":true,"href":"https:\/\/lenceria69.com\/hn\/wp-json\/wp\/v2\/product_tag?post=12145"}],"curies":[{"name":"wp","href":"https:\/\/api.w.org\/{rel}","templated":true}]}}