{"id":12073,"date":"2026-02-26T00:15:47","date_gmt":"2026-02-26T06:15:47","guid":{"rendered":"https:\/\/lenceria69.com\/hn\/?post_type=product&#038;p=12073"},"modified":"2026-03-25T12:48:48","modified_gmt":"2026-03-25T18:48:48","slug":"pd541021","status":"publish","type":"product","link":"https:\/\/lenceria69.com\/hn\/producto\/pd541021\/","title":{"rendered":"King Cock 10&#8243;: Dildo con Bolas + Vibrador"},"content":{"rendered":"<p>\u00bfQuieres que tu primer vibrador se vea y se sienta igual que el semental duro como una roca con el que siempre has so\u00f1ado? \u00a1Deja de so\u00f1ar y l\u00e1nzate al orgasmo!<\/p>\n<p>Cada vena, cada eje y cada cabeza est\u00e1n hechos a mano con exquisitos detalles para brindarte la experiencia m\u00e1s realista jam\u00e1s imaginada. Con una columna articulada, simplemente dobla el pene a tu forma favorita para alcanzar el punto justo en cada ocasi\u00f3n.<\/p>\n<p>Aumenta el placer con un simple giro del dial multivelocidad para obtener vibraciones ultrapotentes que te dejar\u00e1n boquiabierto. \u00a1Incluso puedes llevar este vibrador resistente al agua a la ducha, al jacuzzi o al spa y convertir la hora del ba\u00f1o en un momento de juego!<\/p>\n<p>La base con ventosa superfuerte se adhiere a casi cualquier superficie lisa y plana y es compatible con arn\u00e9s para disfrutar con correas. P\u00e9galo al suelo, la pared, los azulejos o el poste de la cama y se mantendr\u00e1 firmemente en su lugar.<\/p>\n<p>Usa siempre la pesta\u00f1a de liberaci\u00f3n para retirar la ventosa despu\u00e9s de usarlo. La ventosa se puede retirar del vibrador simplemente desenrosc\u00e1ndola de la base para facilitar su manejo durante el juego manual.<\/p>\n<p>Dimensiones:<br \/>\nLongitud: 25,4 cm<br \/>\nDi\u00e1metro: 5,7 cm<br \/>\nCircunferencia: 17,8 cm<\/p>\n<p>Dimensiones Insertable:<br \/>\nLongitud: 20,3 cm<br \/>\nDi\u00e1metro: 5,6 cm<br \/>\nCircunferencia: 16,5 cm<\/p>\n","protected":false},"excerpt":{"rendered":"<p>\u00bfQuieres que tu primer vibrador se vea y se sienta igual que el semental duro como una roca con el que siempre has so\u00f1ado? \u00a1Deja de so\u00f1ar y l\u00e1nzate al orgasmo! Cada vena, cada eje y cada cabeza est\u00e1n hechos a mano con exquisitos detalles para brindarte la experiencia m\u00e1s realista jam\u00e1s imaginada. Con una&#8230;<\/p>\n","protected":false},"featured_media":12122,"comment_status":"open","ping_status":"closed","template":"","meta":{"_kad_post_transparent":"default","_kad_post_title":"","_kad_post_layout":"default","_kad_post_sidebar_id":"","_kad_post_content_style":"default","_kad_post_vertical_padding":"default","_kad_post_feature":"","_kad_post_feature_position":"","_kad_post_header":false,"_kad_post_footer":false,"_joinchat":[]},"product_brand":[],"product_cat":[24,25,28],"product_tag":[],"class_list":{"0":"post-12073","1":"product","2":"type-product","3":"status-publish","4":"has-post-thumbnail","6":"product_cat-juguetes-sexuales","7":"product_cat-dildos","8":"product_cat-juguetebateria","10":"first","11":"instock","12":"shipping-taxable","13":"purchasable","14":"product-type-variable","15":"has-default-attributes","16":"entry","17":"content-bg","18":"loop-entry"},"_links":{"self":[{"href":"https:\/\/lenceria69.com\/hn\/wp-json\/wp\/v2\/product\/12073","targetHints":{"allow":["GET"]}}],"collection":[{"href":"https:\/\/lenceria69.com\/hn\/wp-json\/wp\/v2\/product"}],"about":[{"href":"https:\/\/lenceria69.com\/hn\/wp-json\/wp\/v2\/types\/product"}],"replies":[{"embeddable":true,"href":"https:\/\/lenceria69.com\/hn\/wp-json\/wp\/v2\/comments?post=12073"}],"version-history":[{"count":3,"href":"https:\/\/lenceria69.com\/hn\/wp-json\/wp\/v2\/product\/12073\/revisions"}],"predecessor-version":[{"id":12409,"href":"https:\/\/lenceria69.com\/hn\/wp-json\/wp\/v2\/product\/12073\/revisions\/12409"}],"wp:featuredmedia":[{"embeddable":true,"href":"https:\/\/lenceria69.com\/hn\/wp-json\/wp\/v2\/media\/12122"}],"wp:attachment":[{"href":"https:\/\/lenceria69.com\/hn\/wp-json\/wp\/v2\/media?parent=12073"}],"wp:term":[{"taxonomy":"product_brand","embeddable":true,"href":"https:\/\/lenceria69.com\/hn\/wp-json\/wp\/v2\/product_brand?post=12073"},{"taxonomy":"product_cat","embeddable":true,"href":"https:\/\/lenceria69.com\/hn\/wp-json\/wp\/v2\/product_cat?post=12073"},{"taxonomy":"product_tag","embeddable":true,"href":"https:\/\/lenceria69.com\/hn\/wp-json\/wp\/v2\/product_tag?post=12073"}],"curies":[{"name":"wp","href":"https:\/\/api.w.org\/{rel}","templated":true}]}}