{"id":11997,"date":"2025-10-10T23:11:27","date_gmt":"2025-10-11T05:11:27","guid":{"rendered":"https:\/\/lenceria69.com\/hn\/?post_type=product&#038;p=11997"},"modified":"2026-01-29T13:48:09","modified_gmt":"2026-01-29T19:48:09","slug":"hp3319d","status":"publish","type":"product","link":"https:\/\/lenceria69.com\/hn\/producto\/hp3319d\/","title":{"rendered":"3Pack Endurace Condoms &#8211; Condones Saborizados"},"content":{"rendered":"<p>Los condones Endurance con sabor est\u00e1n hechos del mejor l\u00e1tex y contorneados para brindar un ajuste c\u00f3modo y ce\u00f1ido.<\/p>\n<p>Est\u00e1n aromatizados con lubricante de silicona que proporciona mayor comodidad durante la actividad sexual. Su atractivo disco con una hermosa cubierta de aluminio les da un aspecto discreto y elegante. Paquete de 3 condones.<\/p>\n<p>Caracter\u00edsticas<br \/>\nCondones con sabor<\/p>\n","protected":false},"excerpt":{"rendered":"<p>Este producto se vende en pack de 3 unidades<br \/>\nCondones de sabores mixtos.<\/p>\n","protected":false},"featured_media":11998,"comment_status":"open","ping_status":"closed","template":"","meta":{"_kad_post_transparent":"default","_kad_post_title":"","_kad_post_layout":"default","_kad_post_sidebar_id":"","_kad_post_content_style":"default","_kad_post_vertical_padding":"default","_kad_post_feature":"","_kad_post_feature_position":"","_kad_post_header":false,"_kad_post_footer":false,"_joinchat":[]},"product_brand":[],"product_cat":[38],"product_tag":[],"class_list":{"0":"post-11997","1":"product","2":"type-product","3":"status-publish","4":"has-post-thumbnail","6":"product_cat-lubricantes","8":"first","9":"instock","10":"shipping-taxable","11":"purchasable","12":"product-type-variable","13":"entry","14":"content-bg","15":"loop-entry"},"_links":{"self":[{"href":"https:\/\/lenceria69.com\/hn\/wp-json\/wp\/v2\/product\/11997","targetHints":{"allow":["GET"]}}],"collection":[{"href":"https:\/\/lenceria69.com\/hn\/wp-json\/wp\/v2\/product"}],"about":[{"href":"https:\/\/lenceria69.com\/hn\/wp-json\/wp\/v2\/types\/product"}],"replies":[{"embeddable":true,"href":"https:\/\/lenceria69.com\/hn\/wp-json\/wp\/v2\/comments?post=11997"}],"version-history":[{"count":3,"href":"https:\/\/lenceria69.com\/hn\/wp-json\/wp\/v2\/product\/11997\/revisions"}],"predecessor-version":[{"id":12171,"href":"https:\/\/lenceria69.com\/hn\/wp-json\/wp\/v2\/product\/11997\/revisions\/12171"}],"wp:featuredmedia":[{"embeddable":true,"href":"https:\/\/lenceria69.com\/hn\/wp-json\/wp\/v2\/media\/11998"}],"wp:attachment":[{"href":"https:\/\/lenceria69.com\/hn\/wp-json\/wp\/v2\/media?parent=11997"}],"wp:term":[{"taxonomy":"product_brand","embeddable":true,"href":"https:\/\/lenceria69.com\/hn\/wp-json\/wp\/v2\/product_brand?post=11997"},{"taxonomy":"product_cat","embeddable":true,"href":"https:\/\/lenceria69.com\/hn\/wp-json\/wp\/v2\/product_cat?post=11997"},{"taxonomy":"product_tag","embeddable":true,"href":"https:\/\/lenceria69.com\/hn\/wp-json\/wp\/v2\/product_tag?post=11997"}],"curies":[{"name":"wp","href":"https:\/\/api.w.org\/{rel}","templated":true}]}}