{"id":11722,"date":"2026-02-19T22:00:27","date_gmt":"2026-02-20T04:00:27","guid":{"rendered":"https:\/\/lenceria69.com\/hn\/?post_type=product&#038;p=11722"},"modified":"2026-03-23T22:38:40","modified_gmt":"2026-03-24T04:38:40","slug":"wt20308","status":"publish","type":"product","link":"https:\/\/lenceria69.com\/hn\/producto\/wt20308\/","title":{"rendered":"Lubricante Base Agua Saborizado: Wet Water Luxury 4oz"},"content":{"rendered":"<p>Siente la diferencia con el lubricante a base de agua. Esta f\u00f3rmula de larga duraci\u00f3n es segura para usar con preservativos, hipoalerg\u00e9nica y sin parabenos. Es compatible con preservativos y seguro para usar con cualquier juguete, as\u00ed que el \u00fanico l\u00edmite es tu imaginaci\u00f3n. Al terminar, simplemente enjuaga con agua tibia. <\/p>\n<p>Limpio y sin manchas, el lubricante a base de agua se puede usar libremente donde te apetezca, as\u00ed que ya no est\u00e1s limitado a la habitaci\u00f3n.<br \/>\nCaracter\u00edsticas<br \/>\n&#8211; A base de agua<br \/>\n&#8211; Compatible con preservativos<br \/>\n&#8211; Hipoalerg\u00e9nico<\/p>\n","protected":false},"excerpt":{"rendered":"<p>Siente la diferencia con el lubricante a base de agua. Esta f\u00f3rmula de larga duraci\u00f3n es segura para usar con preservativos, hipoalerg\u00e9nica y sin parabenos. Es compatible con preservativos y seguro para usar con cualquier juguete, as\u00ed que el \u00fanico l\u00edmite es tu imaginaci\u00f3n. Al terminar, simplemente enjuaga con agua tibia. Limpio y sin manchas,&#8230;<\/p>\n","protected":false},"featured_media":11723,"comment_status":"open","ping_status":"closed","template":"","meta":{"_kad_post_transparent":"default","_kad_post_title":"","_kad_post_layout":"default","_kad_post_sidebar_id":"","_kad_post_content_style":"default","_kad_post_vertical_padding":"default","_kad_post_feature":"","_kad_post_feature_position":"","_kad_post_header":false,"_kad_post_footer":false,"_joinchat":[]},"product_brand":[],"product_cat":[38,41,42],"product_tag":[],"class_list":{"0":"post-11722","1":"product","2":"type-product","3":"status-publish","4":"has-post-thumbnail","6":"product_cat-lubricantes","7":"product_cat-saborizados","8":"product_cat-vaginales","10":"first","11":"outofstock","12":"shipping-taxable","13":"product-type-variable","14":"has-default-attributes","15":"entry","16":"content-bg","17":"loop-entry"},"_links":{"self":[{"href":"https:\/\/lenceria69.com\/hn\/wp-json\/wp\/v2\/product\/11722","targetHints":{"allow":["GET"]}}],"collection":[{"href":"https:\/\/lenceria69.com\/hn\/wp-json\/wp\/v2\/product"}],"about":[{"href":"https:\/\/lenceria69.com\/hn\/wp-json\/wp\/v2\/types\/product"}],"replies":[{"embeddable":true,"href":"https:\/\/lenceria69.com\/hn\/wp-json\/wp\/v2\/comments?post=11722"}],"version-history":[{"count":3,"href":"https:\/\/lenceria69.com\/hn\/wp-json\/wp\/v2\/product\/11722\/revisions"}],"predecessor-version":[{"id":13624,"href":"https:\/\/lenceria69.com\/hn\/wp-json\/wp\/v2\/product\/11722\/revisions\/13624"}],"wp:featuredmedia":[{"embeddable":true,"href":"https:\/\/lenceria69.com\/hn\/wp-json\/wp\/v2\/media\/11723"}],"wp:attachment":[{"href":"https:\/\/lenceria69.com\/hn\/wp-json\/wp\/v2\/media?parent=11722"}],"wp:term":[{"taxonomy":"product_brand","embeddable":true,"href":"https:\/\/lenceria69.com\/hn\/wp-json\/wp\/v2\/product_brand?post=11722"},{"taxonomy":"product_cat","embeddable":true,"href":"https:\/\/lenceria69.com\/hn\/wp-json\/wp\/v2\/product_cat?post=11722"},{"taxonomy":"product_tag","embeddable":true,"href":"https:\/\/lenceria69.com\/hn\/wp-json\/wp\/v2\/product_tag?post=11722"}],"curies":[{"name":"wp","href":"https:\/\/api.w.org\/{rel}","templated":true}]}}