{"id":11623,"date":"2025-10-18T12:00:18","date_gmt":"2025-10-18T18:00:18","guid":{"rendered":"https:\/\/lenceria69.com\/hn\/?post_type=product&#038;p=11623"},"modified":"2026-02-13T13:15:06","modified_gmt":"2026-02-13T19:15:06","slug":"hp117","status":"publish","type":"product","link":"https:\/\/lenceria69.com\/hn\/producto\/hp117\/","title":{"rendered":"Jungle Juice Popper &#8211; Platinum Label (10ml)"},"content":{"rendered":"<p>El Jungle Juice Popper favorito de todos los tiempos, en una botella de 10 ml. Este popper de nitrito isoprop\u00edlico es el m\u00e1s famoso del mundo por una buena raz\u00f3n: nos brinda un placer arom\u00e1tico incre\u00edble.<\/p>\n","protected":false},"excerpt":{"rendered":"<p>HP117<\/p>\n","protected":false},"featured_media":11626,"comment_status":"open","ping_status":"closed","template":"","meta":{"_kad_post_transparent":"default","_kad_post_title":"","_kad_post_layout":"default","_kad_post_sidebar_id":"","_kad_post_content_style":"default","_kad_post_vertical_padding":"default","_kad_post_feature":"","_kad_post_feature_position":"","_kad_post_header":false,"_kad_post_footer":false,"_joinchat":[]},"product_brand":[],"product_cat":[22],"product_tag":[192],"class_list":{"0":"post-11623","1":"product","2":"type-product","3":"status-publish","4":"has-post-thumbnail","6":"product_cat-suplementos","7":"product_tag-popper","9":"first","10":"outofstock","11":"shipping-taxable","12":"product-type-variable","13":"entry","14":"content-bg","15":"loop-entry"},"_links":{"self":[{"href":"https:\/\/lenceria69.com\/hn\/wp-json\/wp\/v2\/product\/11623","targetHints":{"allow":["GET"]}}],"collection":[{"href":"https:\/\/lenceria69.com\/hn\/wp-json\/wp\/v2\/product"}],"about":[{"href":"https:\/\/lenceria69.com\/hn\/wp-json\/wp\/v2\/types\/product"}],"replies":[{"embeddable":true,"href":"https:\/\/lenceria69.com\/hn\/wp-json\/wp\/v2\/comments?post=11623"}],"version-history":[{"count":2,"href":"https:\/\/lenceria69.com\/hn\/wp-json\/wp\/v2\/product\/11623\/revisions"}],"predecessor-version":[{"id":12102,"href":"https:\/\/lenceria69.com\/hn\/wp-json\/wp\/v2\/product\/11623\/revisions\/12102"}],"wp:featuredmedia":[{"embeddable":true,"href":"https:\/\/lenceria69.com\/hn\/wp-json\/wp\/v2\/media\/11626"}],"wp:attachment":[{"href":"https:\/\/lenceria69.com\/hn\/wp-json\/wp\/v2\/media?parent=11623"}],"wp:term":[{"taxonomy":"product_brand","embeddable":true,"href":"https:\/\/lenceria69.com\/hn\/wp-json\/wp\/v2\/product_brand?post=11623"},{"taxonomy":"product_cat","embeddable":true,"href":"https:\/\/lenceria69.com\/hn\/wp-json\/wp\/v2\/product_cat?post=11623"},{"taxonomy":"product_tag","embeddable":true,"href":"https:\/\/lenceria69.com\/hn\/wp-json\/wp\/v2\/product_tag?post=11623"}],"curies":[{"name":"wp","href":"https:\/\/api.w.org\/{rel}","templated":true}]}}