{"id":1062,"date":"2023-06-02T18:03:33","date_gmt":"2023-06-03T00:03:33","guid":{"rendered":"http:\/\/lenceria69.com\/hn\/?post_type=product&#038;p=1062"},"modified":"2025-08-26T11:27:55","modified_gmt":"2025-08-26T17:27:55","slug":"rd201","status":"publish","type":"product","link":"https:\/\/lenceria69.com\/hn\/producto\/rd201\/","title":{"rendered":"Masturbador + Vibrador para Hombre: Big Ass Pussy"},"content":{"rendered":"<p>Este co\u00f1o realista se siente tan suave y sensual como el real&#8230; \u00a1solo que mejor! Dale la vuelta e inserta la bala en la abertura debajo.<\/p>\n<p>Disfruta de la sensaci\u00f3n relajante de sus deliciosos labios vaginales y su interior c\u00e1lido y apretado mientras la poderosa bala vibradora produce pulsaciones emocionantes. Elige entre su culito apretado o su tierno co\u00f1o rosa y elige tu pasi\u00f3n.<\/p>\n<p>Ambos orificios tienen un orificio de salida f\u00e1cil de limpiar, lo que facilita la limpieza despu\u00e9s de la diversi\u00f3n. \u00a1Empuje dentro de sus acogedores agujeros de amor y escuche el \u00abSLAP\u00bb realista de piel con piel!<\/p>\n<p>Como siempre, use mucho lubricante para un contacto extra h\u00famedo y un limpiador para juguetes \u00edntimos para una limpieza r\u00e1pida y f\u00e1cil.<\/p>\n<p>Caracteristicas:<br \/>\n&#8211; Peso del paquete: 73,50 oz (4,59 lbs)<br \/>\n&#8211; Fuente de energia: (2) Baterias AA<br \/>\n&#8211; Dos canales de amor ultra apretados: \u00a1penetra su co\u00f1o o golpea su culo!<br \/>\n&#8211; Aspecto y tacto realistas: fabricados con Fanta Flesh ultra realista<br \/>\n&#8211; Siempre lista para ir y nunca dice que no.<br \/>\n&#8211; Viene con un vibrador de huevo de varias velocidades con control remoto<\/p>\n<p>\u00a1Igual que lo real, solo que mejor! Acaricia sus deliciosos labios vaginales y luego deja que ella cuide tu polla<\/p>\n<p>Dimensiones:<br \/>\n&#8211; Longitud del art\u00edculo: 9 pulg. (22,9 cms)<br \/>\n&#8211; Ancho del art\u00edculo: 8 pulg. (20,3 cms)<br \/>\n&#8211; Altura del art\u00edculo: 3 pulg. (7,6 cms)<\/p>\n","protected":false},"excerpt":{"rendered":"<p>Este co\u00f1o realista se siente tan suave y sensual como el real&#8230; \u00a1solo que mejor! Dale la vuelta e inserta la bala en la abertura debajo. Disfruta de la sensaci\u00f3n relajante de sus deliciosos labios vaginales y su interior c\u00e1lido y apretado mientras la poderosa bala vibradora produce pulsaciones emocionantes. Elige entre su culito apretado&#8230;<\/p>\n","protected":false},"featured_media":9786,"comment_status":"open","ping_status":"closed","template":"","meta":{"_kad_post_transparent":"default","_kad_post_title":"","_kad_post_layout":"default","_kad_post_sidebar_id":"","_kad_post_content_style":"default","_kad_post_vertical_padding":"default","_kad_post_feature":"","_kad_post_feature_position":"","_kad_post_header":false,"_kad_post_footer":false,"_joinchat":[]},"product_brand":[],"product_cat":[30,24],"product_tag":[169],"class_list":{"0":"post-1062","1":"product","2":"type-product","3":"status-publish","4":"has-post-thumbnail","6":"product_cat-juguetes_para_ellos","7":"product_cat-juguetes-sexuales","8":"product_tag-masturbador","10":"first","11":"outofstock","12":"shipping-taxable","13":"product-type-variable","14":"entry","15":"content-bg","16":"loop-entry"},"_links":{"self":[{"href":"https:\/\/lenceria69.com\/hn\/wp-json\/wp\/v2\/product\/1062","targetHints":{"allow":["GET"]}}],"collection":[{"href":"https:\/\/lenceria69.com\/hn\/wp-json\/wp\/v2\/product"}],"about":[{"href":"https:\/\/lenceria69.com\/hn\/wp-json\/wp\/v2\/types\/product"}],"replies":[{"embeddable":true,"href":"https:\/\/lenceria69.com\/hn\/wp-json\/wp\/v2\/comments?post=1062"}],"version-history":[{"count":3,"href":"https:\/\/lenceria69.com\/hn\/wp-json\/wp\/v2\/product\/1062\/revisions"}],"predecessor-version":[{"id":9790,"href":"https:\/\/lenceria69.com\/hn\/wp-json\/wp\/v2\/product\/1062\/revisions\/9790"}],"wp:featuredmedia":[{"embeddable":true,"href":"https:\/\/lenceria69.com\/hn\/wp-json\/wp\/v2\/media\/9786"}],"wp:attachment":[{"href":"https:\/\/lenceria69.com\/hn\/wp-json\/wp\/v2\/media?parent=1062"}],"wp:term":[{"taxonomy":"product_brand","embeddable":true,"href":"https:\/\/lenceria69.com\/hn\/wp-json\/wp\/v2\/product_brand?post=1062"},{"taxonomy":"product_cat","embeddable":true,"href":"https:\/\/lenceria69.com\/hn\/wp-json\/wp\/v2\/product_cat?post=1062"},{"taxonomy":"product_tag","embeddable":true,"href":"https:\/\/lenceria69.com\/hn\/wp-json\/wp\/v2\/product_tag?post=1062"}],"curies":[{"name":"wp","href":"https:\/\/api.w.org\/{rel}","templated":true}]}}