{"id":1047,"date":"2023-06-02T16:20:24","date_gmt":"2023-06-02T22:20:24","guid":{"rendered":"http:\/\/lenceria69.com\/hn\/?post_type=product&#038;p=1047"},"modified":"2025-05-27T15:40:13","modified_gmt":"2025-05-27T21:40:13","slug":"rd602-21","status":"publish","type":"product","link":"https:\/\/lenceria69.com\/hn\/producto\/rd602-21\/","title":{"rendered":"PDX Glory Stroker &#8211; Masturbador en Forma de Vagina"},"content":{"rendered":"<p>\u00a1El Glory Stroker se siente tan bien como se ve! \u00a1Desl\u00edzate dentro de este co\u00f1o de bolsillo flexible y ultra realista! \u00a1De tama\u00f1o inteligente para ser realista y compacto, este satisfactor solo est\u00e1 hecho de Fanta-Flesh\u00ae s\u00faper suave y presenta detalles incre\u00edblemente intrincados!<\/p>\n<p>Caracter\u00edsticas y beneficios:<br \/>\n&#8211; Detalles hiperrealistas<br \/>\n&#8211; Dise\u00f1o de t\u00fanel cerrado de acci\u00f3n de succi\u00f3n<br \/>\n&#8211; Textura de piel realista<br \/>\n&#8211; Carne de fanta<\/p>\n<p>El paquete incluye: (1) Glory Stroker<br \/>\n&#8211; Material: TPR<\/p>\n<p>Dimensiones:<br \/>\n&#8211; Longitud total: 14,6 cm (5,7 pulg.)<br \/>\n&#8211; Ancho total: 2 pulg. (5,2 cm)<br \/>\n&#8211; Longitud del t\u00fanel: 4,5 pulgadas (11,4 cm)<br \/>\n&#8211; Di\u00e1metro del t\u00fanel: se extiende a m\u00e1s de 3 pulgadas (7,6 cm)<\/p>\n","protected":false},"excerpt":{"rendered":"<p>\u00a1El Glory Stroker se siente tan bien como se ve! \u00a1Desl\u00edzate dentro de este co\u00f1o de bolsillo flexible y ultra realista! \u00a1De tama\u00f1o inteligente para ser realista y compacto, este satisfactor solo est\u00e1 hecho de Fanta-Flesh\u00ae s\u00faper suave y presenta detalles incre\u00edblemente intrincados! Caracter\u00edsticas y beneficios: &#8211; Detalles hiperrealistas &#8211; Dise\u00f1o de t\u00fanel cerrado de&#8230;<\/p>\n","protected":false},"featured_media":1000001562,"comment_status":"open","ping_status":"closed","template":"","meta":{"_kad_post_transparent":"default","_kad_post_title":"","_kad_post_layout":"default","_kad_post_sidebar_id":"","_kad_post_content_style":"default","_kad_post_vertical_padding":"default","_kad_post_feature":"","_kad_post_feature_position":"","_kad_post_header":false,"_kad_post_footer":false,"_joinchat":[]},"product_brand":[],"product_cat":[30,24],"product_tag":[169],"class_list":{"0":"post-1047","1":"product","2":"type-product","3":"status-publish","4":"has-post-thumbnail","6":"product_cat-juguetes_para_ellos","7":"product_cat-juguetes-sexuales","8":"product_tag-masturbador","10":"first","11":"outofstock","12":"shipping-taxable","13":"product-type-variable","14":"entry","15":"content-bg","16":"loop-entry"},"_links":{"self":[{"href":"https:\/\/lenceria69.com\/hn\/wp-json\/wp\/v2\/product\/1047","targetHints":{"allow":["GET"]}}],"collection":[{"href":"https:\/\/lenceria69.com\/hn\/wp-json\/wp\/v2\/product"}],"about":[{"href":"https:\/\/lenceria69.com\/hn\/wp-json\/wp\/v2\/types\/product"}],"replies":[{"embeddable":true,"href":"https:\/\/lenceria69.com\/hn\/wp-json\/wp\/v2\/comments?post=1047"}],"version-history":[{"count":1,"href":"https:\/\/lenceria69.com\/hn\/wp-json\/wp\/v2\/product\/1047\/revisions"}],"predecessor-version":[{"id":4347,"href":"https:\/\/lenceria69.com\/hn\/wp-json\/wp\/v2\/product\/1047\/revisions\/4347"}],"wp:featuredmedia":[{"embeddable":true,"href":"https:\/\/lenceria69.com\/hn\/wp-json\/"}],"wp:attachment":[{"href":"https:\/\/lenceria69.com\/hn\/wp-json\/wp\/v2\/media?parent=1047"}],"wp:term":[{"taxonomy":"product_brand","embeddable":true,"href":"https:\/\/lenceria69.com\/hn\/wp-json\/wp\/v2\/product_brand?post=1047"},{"taxonomy":"product_cat","embeddable":true,"href":"https:\/\/lenceria69.com\/hn\/wp-json\/wp\/v2\/product_cat?post=1047"},{"taxonomy":"product_tag","embeddable":true,"href":"https:\/\/lenceria69.com\/hn\/wp-json\/wp\/v2\/product_tag?post=1047"}],"curies":[{"name":"wp","href":"https:\/\/api.w.org\/{rel}","templated":true}]}}