{"id":10352,"date":"2026-01-28T16:00:17","date_gmt":"2026-01-28T22:00:17","guid":{"rendered":"https:\/\/lenceria69.com\/hn\/?post_type=product&#038;p=10352"},"modified":"2026-04-04T13:37:06","modified_gmt":"2026-04-04T19:37:06","slug":"se1633-30-3","status":"publish","type":"product","link":"https:\/\/lenceria69.com\/hn\/producto\/se1633-30-3\/","title":{"rendered":"Funda Hueca P\/Pene + Arnes: Performance Maxx"},"content":{"rendered":"<p>Maximiza tu placer y ll\u00e9valo a nuevas cotas con la Extensi\u00f3n Realista con Arn\u00e9s Performance Maxx. Su funda realista con dise\u00f1o hueco a\u00f1ade 5 cm a tu longitud para una experiencia de placer a\u00fan mayor.<\/p>\n<p>El arn\u00e9s incluido ofrece un soporte firme con correas ultra gruesas para la cintura y los muslos. La base ancha garantiza un ajuste seguro y el anillo met\u00e1lico s\u00f3lido mantiene la extensi\u00f3n firmemente en su lugar incluso durante los juegos m\u00e1s intensos.<\/p>\n<p>Caracter\u00edsticas<br \/>\nExtensi\u00f3n de Silicona<br \/>\nUltrasuave<br \/>\nHueco<\/p>\n<p>Contenido de la Caja<br \/>\nExtensi\u00f3n<br \/>\nArn\u00e9s<\/p>\n<p>MEDIDAS:<br \/>\nEje hueco: 12,75 cm<br \/>\nDimensiones totales: 17,25 cm x 7,5 cm<br \/>\nDi\u00e1metro interior: 5 cm<\/p>\n","protected":false},"excerpt":{"rendered":"<p>Maximiza tu placer y ll\u00e9valo a nuevas cotas con la Extensi\u00f3n Realista con Arn\u00e9s Performance Maxx. Su funda realista con dise\u00f1o hueco a\u00f1ade 5 cm a tu longitud para una experiencia de placer a\u00fan mayor. El arn\u00e9s incluido ofrece un soporte firme con correas ultra gruesas para la cintura y los muslos. La base ancha&#8230;<\/p>\n","protected":false},"featured_media":10353,"comment_status":"open","ping_status":"closed","template":"","meta":{"_kad_post_transparent":"default","_kad_post_title":"","_kad_post_layout":"default","_kad_post_sidebar_id":"","_kad_post_content_style":"default","_kad_post_vertical_padding":"default","_kad_post_feature":"","_kad_post_feature_position":"","_kad_post_header":false,"_kad_post_footer":false,"_joinchat":[]},"product_brand":[],"product_cat":[24,25,27],"product_tag":[174],"class_list":{"0":"post-10352","1":"product","2":"type-product","3":"status-publish","4":"has-post-thumbnail","6":"product_cat-juguetes-sexuales","7":"product_cat-dildos","8":"product_cat-juguetebondage","9":"product_tag-arnesplus","11":"first","12":"instock","13":"shipping-taxable","14":"purchasable","15":"product-type-variable","16":"entry","17":"content-bg","18":"loop-entry"},"_links":{"self":[{"href":"https:\/\/lenceria69.com\/hn\/wp-json\/wp\/v2\/product\/10352","targetHints":{"allow":["GET"]}}],"collection":[{"href":"https:\/\/lenceria69.com\/hn\/wp-json\/wp\/v2\/product"}],"about":[{"href":"https:\/\/lenceria69.com\/hn\/wp-json\/wp\/v2\/types\/product"}],"replies":[{"embeddable":true,"href":"https:\/\/lenceria69.com\/hn\/wp-json\/wp\/v2\/comments?post=10352"}],"version-history":[{"count":3,"href":"https:\/\/lenceria69.com\/hn\/wp-json\/wp\/v2\/product\/10352\/revisions"}],"predecessor-version":[{"id":13636,"href":"https:\/\/lenceria69.com\/hn\/wp-json\/wp\/v2\/product\/10352\/revisions\/13636"}],"wp:featuredmedia":[{"embeddable":true,"href":"https:\/\/lenceria69.com\/hn\/wp-json\/wp\/v2\/media\/10353"}],"wp:attachment":[{"href":"https:\/\/lenceria69.com\/hn\/wp-json\/wp\/v2\/media?parent=10352"}],"wp:term":[{"taxonomy":"product_brand","embeddable":true,"href":"https:\/\/lenceria69.com\/hn\/wp-json\/wp\/v2\/product_brand?post=10352"},{"taxonomy":"product_cat","embeddable":true,"href":"https:\/\/lenceria69.com\/hn\/wp-json\/wp\/v2\/product_cat?post=10352"},{"taxonomy":"product_tag","embeddable":true,"href":"https:\/\/lenceria69.com\/hn\/wp-json\/wp\/v2\/product_tag?post=10352"}],"curies":[{"name":"wp","href":"https:\/\/api.w.org\/{rel}","templated":true}]}}