{"id":1034,"date":"2025-08-24T14:00:09","date_gmt":"2025-08-24T20:00:09","guid":{"rendered":"http:\/\/lenceria69.com\/hn\/?post_type=product&#038;p=1034"},"modified":"2025-11-29T18:54:59","modified_gmt":"2025-11-30T00:54:59","slug":"rd523","status":"publish","type":"product","link":"https:\/\/lenceria69.com\/hn\/producto\/rd523\/","title":{"rendered":"PDX Elite Oral Stroker &#8211; Boca Vibradora con Succci\u00f3n"},"content":{"rendered":"<p>La succi\u00f3n herm\u00e9tica asegura que la punta hacia adentro o las bolas profundamente, el PDX Oral Stroker le brindar\u00e1 la mejor experiencia de masturbaci\u00f3n de su vida. Con un robusto estuche exterior acanalado para un agarre s\u00f3lido, el PDX Elite Oral Stroker crea una poderosa succi\u00f3n que orde\u00f1a cada cent\u00edmetro de su pene.<\/p>\n<p>Una funda interior s\u00faper suave y realista de Fanta Flesh forrada con nervaduras de masaje, protuberancias y texturas agradables har\u00e1 realidad tus fantas\u00edas con cada embestida.<\/p>\n<p>Para una variedad de sensaciones estimulantes, simplemente retire la etiqueta de control de succi\u00f3n y use su pulgar para ajustar los niveles manualmente. La funda interior de Fanta Flesh tambi\u00e9n es extra\u00edble para el placer de la mano.<\/p>\n<p>Dimensiones:<br \/>\n&#8211; Longitud del art\u00edculo 7.1 in (18 cms)<br \/>\n&#8211; Ancho 2.8 in, profundidad 2.8 in (7,1 cms)<br \/>\n&#8211; Di\u00e1metro interior 1.5 in (3,81 cms)<br \/>\n&#8211; Longitud insertable de 5.5 in (13,97 cms)<\/p>\n","protected":false},"excerpt":{"rendered":"<p>La succi\u00f3n herm\u00e9tica asegura que la punta hacia adentro o las bolas profundamente, el PDX Oral Stroker le brindar\u00e1 la mejor experiencia de masturbaci\u00f3n de su vida. Con un robusto estuche exterior acanalado para un agarre s\u00f3lido, el PDX Elite Oral Stroker crea una poderosa succi\u00f3n que orde\u00f1a cada cent\u00edmetro de su pene. Una funda&#8230;<\/p>\n","protected":false},"featured_media":1000001568,"comment_status":"open","ping_status":"closed","template":"","meta":{"_kad_post_transparent":"default","_kad_post_title":"","_kad_post_layout":"default","_kad_post_sidebar_id":"","_kad_post_content_style":"default","_kad_post_vertical_padding":"default","_kad_post_feature":"","_kad_post_feature_position":"","_kad_post_header":false,"_kad_post_footer":false,"_joinchat":[]},"product_brand":[],"product_cat":[30,24],"product_tag":[],"class_list":{"0":"post-1034","1":"product","2":"type-product","3":"status-publish","4":"has-post-thumbnail","6":"product_cat-juguetes_para_ellos","7":"product_cat-juguetes-sexuales","9":"first","10":"outofstock","11":"shipping-taxable","12":"product-type-variable","13":"entry","14":"content-bg","15":"loop-entry"},"_links":{"self":[{"href":"https:\/\/lenceria69.com\/hn\/wp-json\/wp\/v2\/product\/1034","targetHints":{"allow":["GET"]}}],"collection":[{"href":"https:\/\/lenceria69.com\/hn\/wp-json\/wp\/v2\/product"}],"about":[{"href":"https:\/\/lenceria69.com\/hn\/wp-json\/wp\/v2\/types\/product"}],"replies":[{"embeddable":true,"href":"https:\/\/lenceria69.com\/hn\/wp-json\/wp\/v2\/comments?post=1034"}],"version-history":[{"count":2,"href":"https:\/\/lenceria69.com\/hn\/wp-json\/wp\/v2\/product\/1034\/revisions"}],"predecessor-version":[{"id":11239,"href":"https:\/\/lenceria69.com\/hn\/wp-json\/wp\/v2\/product\/1034\/revisions\/11239"}],"wp:featuredmedia":[{"embeddable":true,"href":"https:\/\/lenceria69.com\/hn\/wp-json\/"}],"wp:attachment":[{"href":"https:\/\/lenceria69.com\/hn\/wp-json\/wp\/v2\/media?parent=1034"}],"wp:term":[{"taxonomy":"product_brand","embeddable":true,"href":"https:\/\/lenceria69.com\/hn\/wp-json\/wp\/v2\/product_brand?post=1034"},{"taxonomy":"product_cat","embeddable":true,"href":"https:\/\/lenceria69.com\/hn\/wp-json\/wp\/v2\/product_cat?post=1034"},{"taxonomy":"product_tag","embeddable":true,"href":"https:\/\/lenceria69.com\/hn\/wp-json\/wp\/v2\/product_tag?post=1034"}],"curies":[{"name":"wp","href":"https:\/\/api.w.org\/{rel}","templated":true}]}}