{"id":10333,"date":"2025-05-24T10:51:33","date_gmt":"2025-05-24T16:51:33","guid":{"rendered":"https:\/\/lenceria69.com\/hn\/?post_type=product&#038;p=10333"},"modified":"2026-03-17T16:16:28","modified_gmt":"2026-03-17T22:16:28","slug":"cbdc006","status":"publish","type":"product","link":"https:\/\/lenceria69.com\/hn\/producto\/cbdc006\/","title":{"rendered":"Vela para Masajes con CBD: Daily Massage 3-1"},"content":{"rendered":"<p>Relaja tus sentidos con esta exclusiva vela de masaje CBD Daily 3 en 1, que se funde en un aceite concentrado.<\/p>\n<p>Contiene potente CBD de c\u00e1\u00f1amo para hidratar y calmar tu piel, a la vez que elimina el estr\u00e9s. \u00a1\u00dasala como vela arom\u00e1tica, aceite de masaje y crema hidratante corporal!<\/p>\n<p>Caracter\u00edsticas<br \/>\nCBD de c\u00e1\u00f1amo natural<br \/>\n100 % vegano<br \/>\nSin THC<br \/>\nCruelty-free<br \/>\nNo psicoactivo<br \/>\nReduce el estr\u00e9s<br \/>\nSe funde en un aceite concentrado<br \/>\nMezcla exclusiva de aceites esenciales CBD Daily<\/p>\n","protected":false},"excerpt":{"rendered":"<p>Relaja tus sentidos con esta exclusiva vela de masaje CBD Daily 3 en 1, que se funde en un aceite concentrado. Contiene potente CBD de c\u00e1\u00f1amo para hidratar y calmar tu piel, a la vez que elimina el estr\u00e9s. \u00a1\u00dasala como vela arom\u00e1tica, aceite de masaje y crema hidratante corporal! Caracter\u00edsticas CBD de c\u00e1\u00f1amo natural&#8230;<\/p>\n","protected":false},"featured_media":10334,"comment_status":"open","ping_status":"closed","template":"","meta":{"_kad_post_transparent":"default","_kad_post_title":"","_kad_post_layout":"default","_kad_post_sidebar_id":"","_kad_post_content_style":"default","_kad_post_vertical_padding":"default","_kad_post_feature":"","_kad_post_feature_position":"","_kad_post_header":false,"_kad_post_footer":false,"_joinchat":[]},"product_brand":[],"product_cat":[24],"product_tag":[],"class_list":{"0":"post-10333","1":"product","2":"type-product","3":"status-publish","4":"has-post-thumbnail","6":"product_cat-juguetes-sexuales","8":"first","9":"instock","10":"shipping-taxable","11":"purchasable","12":"product-type-simple","13":"entry","14":"content-bg","15":"loop-entry"},"_links":{"self":[{"href":"https:\/\/lenceria69.com\/hn\/wp-json\/wp\/v2\/product\/10333","targetHints":{"allow":["GET"]}}],"collection":[{"href":"https:\/\/lenceria69.com\/hn\/wp-json\/wp\/v2\/product"}],"about":[{"href":"https:\/\/lenceria69.com\/hn\/wp-json\/wp\/v2\/types\/product"}],"replies":[{"embeddable":true,"href":"https:\/\/lenceria69.com\/hn\/wp-json\/wp\/v2\/comments?post=10333"}],"version-history":[{"count":1,"href":"https:\/\/lenceria69.com\/hn\/wp-json\/wp\/v2\/product\/10333\/revisions"}],"predecessor-version":[{"id":10336,"href":"https:\/\/lenceria69.com\/hn\/wp-json\/wp\/v2\/product\/10333\/revisions\/10336"}],"wp:featuredmedia":[{"embeddable":true,"href":"https:\/\/lenceria69.com\/hn\/wp-json\/wp\/v2\/media\/10334"}],"wp:attachment":[{"href":"https:\/\/lenceria69.com\/hn\/wp-json\/wp\/v2\/media?parent=10333"}],"wp:term":[{"taxonomy":"product_brand","embeddable":true,"href":"https:\/\/lenceria69.com\/hn\/wp-json\/wp\/v2\/product_brand?post=10333"},{"taxonomy":"product_cat","embeddable":true,"href":"https:\/\/lenceria69.com\/hn\/wp-json\/wp\/v2\/product_cat?post=10333"},{"taxonomy":"product_tag","embeddable":true,"href":"https:\/\/lenceria69.com\/hn\/wp-json\/wp\/v2\/product_tag?post=10333"}],"curies":[{"name":"wp","href":"https:\/\/api.w.org\/{rel}","templated":true}]}}