{"id":1000,"date":"2026-02-26T00:00:20","date_gmt":"2026-02-26T06:00:20","guid":{"rendered":"http:\/\/lenceria69.com\/hn\/?post_type=product&#038;p=1000"},"modified":"2026-03-12T12:50:07","modified_gmt":"2026-03-12T18:50:07","slug":"pd3921-23","status":"publish","type":"product","link":"https:\/\/lenceria69.com\/hn\/producto\/pd3921-23\/","title":{"rendered":"Fetish Fantasy Douche &#8211; Enema Limpiador"},"content":{"rendered":"<p>\u00a1Limpiarse nunca ha sido tan sucio y divertido con el sistema Curved Douche\/Enema!<\/p>\n<p>Dise\u00f1ado para ser placentero y pr\u00e1ctico, este bulbo limpiador a base de silicona es c\u00f3modo, f\u00e1cil de usar y perfecto para principiantes. El bulbo de compresi\u00f3n es suave y flexible, lo que facilita enroscar el aplicador en su parte superior.<\/p>\n<p><strong>Como usar el Enema:<\/strong><br \/>\nEl aplicador curvo est\u00e1 dise\u00f1ado para estimular esos puntos dif\u00edciles de alcanzar, lo que permite una estimulaci\u00f3n incre\u00edble y una diversi\u00f3n limpia para el juego vaginal o anal. Simplemente llene la bombilla con l\u00edquido, luego apriete la bombilla para liberarla.<\/p>\n<p>Perfecto para \u00e9l y para ella.<\/p>\n<p>Caracteristicas:<br \/>\n&#8211; Ducha anal<br \/>\n&#8211; Capacidad 300ml<br \/>\n&#8211; Aplicador 12cm en direcci\u00f3n 360\u00b0<br \/>\n&#8211; Material de silic\u00f3n<\/p>\n","protected":false},"excerpt":{"rendered":"<p>\u00a1Limpiarse nunca ha sido tan sucio y divertido con el sistema Curved Douche\/Enema! Dise\u00f1ado para ser placentero y pr\u00e1ctico, este bulbo limpiador a base de silicona es c\u00f3modo, f\u00e1cil de usar y perfecto para principiantes. El bulbo de compresi\u00f3n es suave y flexible, lo que facilita enroscar el aplicador en su parte superior. Como usar&#8230;<\/p>\n","protected":false},"featured_media":1000001134,"comment_status":"open","ping_status":"closed","template":"","meta":{"_kad_post_transparent":"default","_kad_post_title":"","_kad_post_layout":"default","_kad_post_sidebar_id":"","_kad_post_content_style":"default","_kad_post_vertical_padding":"default","_kad_post_feature":"","_kad_post_feature_position":"","_kad_post_header":false,"_kad_post_footer":false,"_joinchat":[]},"product_brand":[],"product_cat":[26,24],"product_tag":[],"class_list":{"0":"post-1000","1":"product","2":"type-product","3":"status-publish","4":"has-post-thumbnail","6":"product_cat-jugueteanal","7":"product_cat-juguetes-sexuales","9":"first","10":"instock","11":"shipping-taxable","12":"purchasable","13":"product-type-variable","14":"entry","15":"content-bg","16":"loop-entry"},"_links":{"self":[{"href":"https:\/\/lenceria69.com\/hn\/wp-json\/wp\/v2\/product\/1000","targetHints":{"allow":["GET"]}}],"collection":[{"href":"https:\/\/lenceria69.com\/hn\/wp-json\/wp\/v2\/product"}],"about":[{"href":"https:\/\/lenceria69.com\/hn\/wp-json\/wp\/v2\/types\/product"}],"replies":[{"embeddable":true,"href":"https:\/\/lenceria69.com\/hn\/wp-json\/wp\/v2\/comments?post=1000"}],"version-history":[{"count":4,"href":"https:\/\/lenceria69.com\/hn\/wp-json\/wp\/v2\/product\/1000\/revisions"}],"predecessor-version":[{"id":13676,"href":"https:\/\/lenceria69.com\/hn\/wp-json\/wp\/v2\/product\/1000\/revisions\/13676"}],"wp:featuredmedia":[{"embeddable":true,"href":"https:\/\/lenceria69.com\/hn\/wp-json\/"}],"wp:attachment":[{"href":"https:\/\/lenceria69.com\/hn\/wp-json\/wp\/v2\/media?parent=1000"}],"wp:term":[{"taxonomy":"product_brand","embeddable":true,"href":"https:\/\/lenceria69.com\/hn\/wp-json\/wp\/v2\/product_brand?post=1000"},{"taxonomy":"product_cat","embeddable":true,"href":"https:\/\/lenceria69.com\/hn\/wp-json\/wp\/v2\/product_cat?post=1000"},{"taxonomy":"product_tag","embeddable":true,"href":"https:\/\/lenceria69.com\/hn\/wp-json\/wp\/v2\/product_tag?post=1000"}],"curies":[{"name":"wp","href":"https:\/\/api.w.org\/{rel}","templated":true}]}}