{"id":73,"date":"2023-03-20T19:25:14","date_gmt":"2023-03-20T19:25:14","guid":{"rendered":"http:\/\/lenceria69.com\/hn\/?page_id=73"},"modified":"2025-10-06T10:31:35","modified_gmt":"2025-10-06T16:31:35","slug":"quienes-somos","status":"publish","type":"page","link":"https:\/\/lenceria69.com\/hn\/quienes-somos\/","title":{"rendered":"QUIENES SOMOS"},"content":{"rendered":"\t\t<div data-elementor-type=\"wp-page\" data-elementor-id=\"73\" class=\"elementor elementor-73\" data-elementor-post-type=\"page\">\n\t\t\t\t\t\t<section class=\"elementor-section elementor-top-section elementor-element elementor-element-28e45668 elementor-section-height-min-height elementor-section-boxed elementor-section-height-default elementor-section-items-middle\" data-id=\"28e45668\" data-element_type=\"section\" data-settings=\"{&quot;background_background&quot;:&quot;classic&quot;}\">\n\t\t\t\t\t\t<div class=\"elementor-container elementor-column-gap-default\">\n\t\t\t\t\t<div class=\"elementor-column elementor-col-50 elementor-top-column elementor-element elementor-element-5a6aa6d\" data-id=\"5a6aa6d\" data-element_type=\"column\">\n\t\t\t<div class=\"elementor-widget-wrap elementor-element-populated\">\n\t\t\t\t\t\t<div class=\"elementor-element elementor-element-4d525be4 elementor-widget elementor-widget-heading\" data-id=\"4d525be4\" data-element_type=\"widget\" data-widget_type=\"heading.default\">\n\t\t\t\t<div class=\"elementor-widget-container\">\n\t\t\t\t\t<h1 class=\"elementor-heading-title elementor-size-default\">Lencer\u00eda 69: la tienda er\u00f3tica l\u00edder en Centroam\u00e9rica<\/h1>\t\t\t\t<\/div>\n\t\t\t\t<\/div>\n\t\t\t\t<div class=\"elementor-element elementor-element-76daeffb elementor-widget elementor-widget-text-editor\" data-id=\"76daeffb\" data-element_type=\"widget\" data-widget_type=\"text-editor.default\">\n\t\t\t\t<div class=\"elementor-widget-container\">\n\t\t\t\t\t\t\t\t\t<p>Tenemos 13 a\u00f1os en el mercado de <strong>juguetes sexuales y lencer\u00eda er\u00f3tica.<\/strong> Nos impulsa conseguir los productos m\u00e1s innovadores para nuestra distinguida clientela<\/p>\t\t\t\t\t\t\t\t<\/div>\n\t\t\t\t<\/div>\n\t\t\t\t\t<\/div>\n\t\t<\/div>\n\t\t\t\t<div class=\"elementor-column elementor-col-50 elementor-top-column elementor-element elementor-element-8a8f7fe\" data-id=\"8a8f7fe\" data-element_type=\"column\">\n\t\t\t<div class=\"elementor-widget-wrap elementor-element-populated\">\n\t\t\t\t\t\t<div class=\"elementor-element elementor-element-66847ff elementor-widget elementor-widget-image\" data-id=\"66847ff\" data-element_type=\"widget\" data-widget_type=\"image.default\">\n\t\t\t\t<div class=\"elementor-widget-container\">\n\t\t\t\t\t\t\t\t\t\t\t\t\t\t\t<img fetchpriority=\"high\" decoding=\"async\" width=\"1024\" height=\"1024\" src=\"https:\/\/lenceria69.com\/hn\/wp-content\/uploads\/sites\/7\/2025\/09\/BG-2-1024x1024.png\" class=\"attachment-large size-large wp-image-11554\" alt=\"\" srcset=\"https:\/\/lenceria69.com\/hn\/wp-content\/uploads\/sites\/7\/2025\/09\/BG-2-1024x1024.png 1024w, https:\/\/lenceria69.com\/hn\/wp-content\/uploads\/sites\/7\/2025\/09\/BG-2-300x300.png 300w, https:\/\/lenceria69.com\/hn\/wp-content\/uploads\/sites\/7\/2025\/09\/BG-2-150x150.png 150w, https:\/\/lenceria69.com\/hn\/wp-content\/uploads\/sites\/7\/2025\/09\/BG-2-768x768.png 768w, https:\/\/lenceria69.com\/hn\/wp-content\/uploads\/sites\/7\/2025\/09\/BG-2-600x600.png 600w, https:\/\/lenceria69.com\/hn\/wp-content\/uploads\/sites\/7\/2025\/09\/BG-2-100x100.png 100w, https:\/\/lenceria69.com\/hn\/wp-content\/uploads\/sites\/7\/2025\/09\/BG-2-64x64.png 64w, https:\/\/lenceria69.com\/hn\/wp-content\/uploads\/sites\/7\/2025\/09\/BG-2.png 1500w\" sizes=\"(max-width: 1024px) 100vw, 1024px\" \/>\t\t\t\t\t\t\t\t\t\t\t\t\t\t\t<\/div>\n\t\t\t\t<\/div>\n\t\t\t\t\t<\/div>\n\t\t<\/div>\n\t\t\t\t\t<\/div>\n\t\t<\/section>\n\t\t\t\t<section class=\"elementor-section elementor-top-section elementor-element elementor-element-3848a7f4 elementor-section-boxed elementor-section-height-default elementor-section-height-default\" data-id=\"3848a7f4\" data-element_type=\"section\">\n\t\t\t\t\t\t<div class=\"elementor-container elementor-column-gap-default\">\n\t\t\t\t\t<div class=\"elementor-column elementor-col-100 elementor-top-column elementor-element elementor-element-5d58eaba\" data-id=\"5d58eaba\" data-element_type=\"column\">\n\t\t\t<div class=\"elementor-widget-wrap elementor-element-populated\">\n\t\t\t\t\t\t<section class=\"elementor-section elementor-inner-section elementor-element elementor-element-f60c32d elementor-section-boxed elementor-section-height-default elementor-section-height-default\" data-id=\"f60c32d\" data-element_type=\"section\">\n\t\t\t\t\t\t<div class=\"elementor-container elementor-column-gap-default\">\n\t\t\t\t\t<div class=\"elementor-column elementor-col-50 elementor-inner-column elementor-element elementor-element-67edd34a\" data-id=\"67edd34a\" data-element_type=\"column\">\n\t\t\t<div class=\"elementor-widget-wrap elementor-element-populated\">\n\t\t\t\t\t\t<div class=\"elementor-element elementor-element-764540c6 elementor-widget elementor-widget-image\" data-id=\"764540c6\" data-element_type=\"widget\" data-widget_type=\"image.default\">\n\t\t\t\t<div class=\"elementor-widget-container\">\n\t\t\t\t\t\t\t\t\t\t\t\t\t\t\t<img decoding=\"async\" width=\"1024\" height=\"663\" src=\"https:\/\/lenceria69.com\/hn\/wp-content\/uploads\/sites\/7\/2023\/03\/IMG_20190830_200733-scaled-e1674052948689-1024x663.jpg\" class=\"attachment-large size-large wp-image-75\" alt=\"\" srcset=\"https:\/\/lenceria69.com\/hn\/wp-content\/uploads\/sites\/7\/2023\/03\/IMG_20190830_200733-scaled-e1674052948689-1024x663.jpg 1024w, https:\/\/lenceria69.com\/hn\/wp-content\/uploads\/sites\/7\/2023\/03\/IMG_20190830_200733-scaled-e1674052948689-300x194.jpg 300w, https:\/\/lenceria69.com\/hn\/wp-content\/uploads\/sites\/7\/2023\/03\/IMG_20190830_200733-scaled-e1674052948689-768x497.jpg 768w, https:\/\/lenceria69.com\/hn\/wp-content\/uploads\/sites\/7\/2023\/03\/IMG_20190830_200733-scaled-e1674052948689-1536x994.jpg 1536w, https:\/\/lenceria69.com\/hn\/wp-content\/uploads\/sites\/7\/2023\/03\/IMG_20190830_200733-scaled-e1674052948689-600x388.jpg 600w, https:\/\/lenceria69.com\/hn\/wp-content\/uploads\/sites\/7\/2023\/03\/IMG_20190830_200733-scaled-e1674052948689.jpg 1798w\" sizes=\"(max-width: 1024px) 100vw, 1024px\" \/>\t\t\t\t\t\t\t\t\t\t\t\t\t\t\t<\/div>\n\t\t\t\t<\/div>\n\t\t\t\t\t<\/div>\n\t\t<\/div>\n\t\t\t\t<div class=\"elementor-column elementor-col-50 elementor-inner-column elementor-element elementor-element-6469390a\" data-id=\"6469390a\" data-element_type=\"column\">\n\t\t\t<div class=\"elementor-widget-wrap elementor-element-populated\">\n\t\t\t\t\t\t<div class=\"elementor-element elementor-element-2e82fb8c elementor-widget elementor-widget-heading\" data-id=\"2e82fb8c\" data-element_type=\"widget\" data-widget_type=\"heading.default\">\n\t\t\t\t<div class=\"elementor-widget-container\">\n\t\t\t\t\t<h2 class=\"elementor-heading-title elementor-size-default\">Nuestra historia<\/h2>\t\t\t\t<\/div>\n\t\t\t\t<\/div>\n\t\t\t\t<div class=\"elementor-element elementor-element-316be909 elementor-widget elementor-widget-text-editor\" data-id=\"316be909\" data-element_type=\"widget\" data-widget_type=\"text-editor.default\">\n\t\t\t\t<div class=\"elementor-widget-container\">\n\t\t\t\t\t\t\t\t\t<p>Lencer\u00eda 69 fue fundada por <strong>dos hermanos hondure\u00f1os<\/strong>, con el \u00e1nimo de comenzar un emprendimiento propio.<\/p><p>Aunque la tienda comenz\u00f3 en <strong>2012<\/strong> como un medio para generar ingreso extras, eventualmente creci\u00f3 hasta convertirse en el <strong>sustento familiar<\/strong> de nuestros colaboradores y socios.<\/p>\t\t\t\t\t\t\t\t<\/div>\n\t\t\t\t<\/div>\n\t\t\t\t\t<\/div>\n\t\t<\/div>\n\t\t\t\t\t<\/div>\n\t\t<\/section>\n\t\t\t\t\t<\/div>\n\t\t<\/div>\n\t\t\t\t\t<\/div>\n\t\t<\/section>\n\t\t\t\t<section class=\"elementor-section elementor-top-section elementor-element elementor-element-585f2ab elementor-section-boxed elementor-section-height-default elementor-section-height-default\" data-id=\"585f2ab\" data-element_type=\"section\" data-settings=\"{&quot;background_background&quot;:&quot;classic&quot;}\">\n\t\t\t\t\t\t<div class=\"elementor-container elementor-column-gap-default\">\n\t\t\t\t\t<div class=\"elementor-column elementor-col-50 elementor-top-column elementor-element elementor-element-9348c44\" data-id=\"9348c44\" data-element_type=\"column\">\n\t\t\t<div class=\"elementor-widget-wrap elementor-element-populated\">\n\t\t\t\t\t\t<div class=\"elementor-element elementor-element-cabc4e0 elementor-widget elementor-widget-heading\" data-id=\"cabc4e0\" data-element_type=\"widget\" data-widget_type=\"heading.default\">\n\t\t\t\t<div class=\"elementor-widget-container\">\n\t\t\t\t\t<h2 class=\"elementor-heading-title elementor-size-default\">Lo que nos motiva<\/h2>\t\t\t\t<\/div>\n\t\t\t\t<\/div>\n\t\t\t\t<div class=\"elementor-element elementor-element-8d2898c elementor-widget elementor-widget-text-editor\" data-id=\"8d2898c\" data-element_type=\"widget\" data-widget_type=\"text-editor.default\">\n\t\t\t\t<div class=\"elementor-widget-container\">\n\t\t\t\t\t\t\t\t\t<p>Creemos y defendemos el derecho de la libertad sexual y trabajamos d\u00eda a d\u00eda para garantizar tanto la <strong>privacidad<\/strong> como la <strong>satisfacci\u00f3n<\/strong> de nuestros clientes.<\/p><p>Actualmente, hacemos env\u00edos en <strong>Honduras, El Salvador, Guatemala, Costa Rica, Mexico, Estados Unidos y Canad\u00e1.<\/strong><\/p>\t\t\t\t\t\t\t\t<\/div>\n\t\t\t\t<\/div>\n\t\t\t\t<div class=\"elementor-element elementor-element-7700c4c elementor-mobile-align-center elementor-widget elementor-widget-button\" data-id=\"7700c4c\" data-element_type=\"widget\" data-widget_type=\"button.default\">\n\t\t\t\t<div class=\"elementor-widget-container\">\n\t\t\t\t\t\t\t\t\t<div class=\"elementor-button-wrapper\">\n\t\t\t\t\t<a class=\"elementor-button elementor-button-link elementor-size-sm\" href=\"https:\/\/lenceria69.com\/hn\/quienes-somos\/\">\n\t\t\t\t\t\t<span class=\"elementor-button-content-wrapper\">\n\t\t\t\t\t\t\t\t\t<span class=\"elementor-button-text\">Leer m\u00e1s<\/span>\n\t\t\t\t\t<\/span>\n\t\t\t\t\t<\/a>\n\t\t\t\t<\/div>\n\t\t\t\t\t\t\t\t<\/div>\n\t\t\t\t<\/div>\n\t\t\t\t\t<\/div>\n\t\t<\/div>\n\t\t\t\t<div class=\"elementor-column elementor-col-50 elementor-top-column elementor-element elementor-element-818a1e5\" data-id=\"818a1e5\" data-element_type=\"column\">\n\t\t\t<div class=\"elementor-widget-wrap elementor-element-populated\">\n\t\t\t\t\t\t<div class=\"elementor-element elementor-element-d6e2fd6 elementor-widget elementor-widget-image\" data-id=\"d6e2fd6\" data-element_type=\"widget\" data-widget_type=\"image.default\">\n\t\t\t\t<div class=\"elementor-widget-container\">\n\t\t\t\t\t\t\t\t\t\t\t\t\t\t\t<img decoding=\"async\" width=\"1000\" height=\"720\" src=\"https:\/\/lenceria69.com\/hn\/wp-content\/uploads\/sites\/7\/2024\/11\/Mapa-Lenceria-69-1.gif\" class=\"attachment-large size-large wp-image-7594\" alt=\"\" \/>\t\t\t\t\t\t\t\t\t\t\t\t\t\t\t<\/div>\n\t\t\t\t<\/div>\n\t\t\t\t\t<\/div>\n\t\t<\/div>\n\t\t\t\t\t<\/div>\n\t\t<\/section>\n\t\t<div class=\"elementor-element elementor-element-602531b e-flex e-con-boxed e-con e-parent\" data-id=\"602531b\" data-element_type=\"container\">\n\t\t\t\t\t<div class=\"e-con-inner\">\n\t\t\t\t<div class=\"elementor-element elementor-element-c5d32c4 elementor-widget elementor-widget-heading\" data-id=\"c5d32c4\" data-element_type=\"widget\" data-widget_type=\"heading.default\">\n\t\t\t\t<div class=\"elementor-widget-container\">\n\t\t\t\t\t<h2 class=\"elementor-heading-title elementor-size-default\">Valores que nos definen<\/h2>\t\t\t\t<\/div>\n\t\t\t\t<\/div>\n\t\t\t\t\t<\/div>\n\t\t\t\t<\/div>\n\t\t<div class=\"elementor-element elementor-element-56b6b42 e-flex e-con-boxed e-con e-parent\" data-id=\"56b6b42\" data-element_type=\"container\">\n\t\t\t\t\t<div class=\"e-con-inner\">\n\t\t<div class=\"elementor-element elementor-element-bdc4ee5 e-con-full e-flex e-con e-child\" data-id=\"bdc4ee5\" data-element_type=\"container\" data-settings=\"{&quot;background_background&quot;:&quot;classic&quot;}\">\n\t\t<div class=\"elementor-element elementor-element-0f45cee e-con-full e-flex e-con e-child\" data-id=\"0f45cee\" data-element_type=\"container\">\n\t\t\t\t<div class=\"elementor-element elementor-element-920a069 elementor-widget elementor-widget-heading\" data-id=\"920a069\" data-element_type=\"widget\" data-widget_type=\"heading.default\">\n\t\t\t\t<div class=\"elementor-widget-container\">\n\t\t\t\t\t<h6 class=\"elementor-heading-title elementor-size-default\">Privacidad y discreci\u00f3n<\/h6>\t\t\t\t<\/div>\n\t\t\t\t<\/div>\n\t\t\t\t<div class=\"elementor-element elementor-element-fcaad68 elementor-widget elementor-widget-text-editor\" data-id=\"fcaad68\" data-element_type=\"widget\" data-widget_type=\"text-editor.default\">\n\t\t\t\t<div class=\"elementor-widget-container\">\n\t\t\t\t\t\t\t\t\t<p>Tenemos identificadores gen\u00e9ricos en los recibos y nuestros empaques son 100% discretos. Velamos por tu privacidad.<\/p>\t\t\t\t\t\t\t\t<\/div>\n\t\t\t\t<\/div>\n\t\t\t\t<\/div>\n\t\t\t\t<\/div>\n\t\t<div class=\"elementor-element elementor-element-27e61b1 e-con-full e-flex e-con e-child\" data-id=\"27e61b1\" data-element_type=\"container\" data-settings=\"{&quot;background_background&quot;:&quot;classic&quot;}\">\n\t\t<div class=\"elementor-element elementor-element-dee49e9 e-con-full e-flex e-con e-child\" data-id=\"dee49e9\" data-element_type=\"container\">\n\t\t\t\t<div class=\"elementor-element elementor-element-bf091e7 elementor-widget elementor-widget-heading\" data-id=\"bf091e7\" data-element_type=\"widget\" data-widget_type=\"heading.default\">\n\t\t\t\t<div class=\"elementor-widget-container\">\n\t\t\t\t\t<h6 class=\"elementor-heading-title elementor-size-default\">Servicio al cliente<\/h6>\t\t\t\t<\/div>\n\t\t\t\t<\/div>\n\t\t\t\t<div class=\"elementor-element elementor-element-2bded80 elementor-widget elementor-widget-text-editor\" data-id=\"2bded80\" data-element_type=\"widget\" data-widget_type=\"text-editor.default\">\n\t\t\t\t<div class=\"elementor-widget-container\">\n\t\t\t\t\t\t\t\t\t<p>Ustedes son lo primero. Contamos con atenci\u00f3n personalizada para dedicarnos a cada cliente como si fuese el \u00fanico.<\/p>\t\t\t\t\t\t\t\t<\/div>\n\t\t\t\t<\/div>\n\t\t\t\t<\/div>\n\t\t\t\t<\/div>\n\t\t<div class=\"elementor-element elementor-element-e69c3e2 e-con-full e-flex e-con e-child\" data-id=\"e69c3e2\" data-element_type=\"container\" data-settings=\"{&quot;background_background&quot;:&quot;classic&quot;}\">\n\t\t<div class=\"elementor-element elementor-element-cc6c7b2 e-con-full e-flex e-con e-child\" data-id=\"cc6c7b2\" data-element_type=\"container\">\n\t\t\t\t<div class=\"elementor-element elementor-element-3ab7e05 elementor-widget elementor-widget-heading\" data-id=\"3ab7e05\" data-element_type=\"widget\" data-widget_type=\"heading.default\">\n\t\t\t\t<div class=\"elementor-widget-container\">\n\t\t\t\t\t<h6 class=\"elementor-heading-title elementor-size-default\">Garant\u00edas y pol\u00edticas<\/h6>\t\t\t\t<\/div>\n\t\t\t\t<\/div>\n\t\t\t\t<div class=\"elementor-element elementor-element-584e717 elementor-widget elementor-widget-text-editor\" data-id=\"584e717\" data-element_type=\"widget\" data-widget_type=\"text-editor.default\">\n\t\t\t\t<div class=\"elementor-widget-container\">\n\t\t\t\t\t\t\t\t\t<p>Tenemos una pol\u00edtica de devoluciones y garant\u00eda dise\u00f1ada para cuidar a nuestros clientes. Puedes revisarla <a href=\"https:\/\/lenceria69.com\/hn\/politicas\/\" target=\"_blank\" rel=\"noopener\">aqu\u00ed<\/a>.<\/p>\t\t\t\t\t\t\t\t<\/div>\n\t\t\t\t<\/div>\n\t\t\t\t<\/div>\n\t\t\t\t<\/div>\n\t\t<div class=\"elementor-element elementor-element-be217dc e-con-full e-flex e-con e-child\" data-id=\"be217dc\" data-element_type=\"container\" data-settings=\"{&quot;background_background&quot;:&quot;classic&quot;}\">\n\t\t<div class=\"elementor-element elementor-element-4788c73 e-con-full e-flex e-con e-child\" data-id=\"4788c73\" data-element_type=\"container\">\n\t\t\t\t<div class=\"elementor-element elementor-element-df24ebc elementor-widget elementor-widget-heading\" data-id=\"df24ebc\" data-element_type=\"widget\" data-widget_type=\"heading.default\">\n\t\t\t\t<div class=\"elementor-widget-container\">\n\t\t\t\t\t<h6 class=\"elementor-heading-title elementor-size-default\">Salud y transparencia<\/h6>\t\t\t\t<\/div>\n\t\t\t\t<\/div>\n\t\t\t\t<div class=\"elementor-element elementor-element-799567f elementor-widget elementor-widget-text-editor\" data-id=\"799567f\" data-element_type=\"widget\" data-widget_type=\"text-editor.default\">\n\t\t\t\t<div class=\"elementor-widget-container\">\n\t\t\t\t\t\t\t\t\t<p>El sexo deber\u00eda normalizarse como lo que es: una actividad de autodescubrimiento y diversi\u00f3n. \u00a1Abajo los tab\u00faes!<\/p>\t\t\t\t\t\t\t\t<\/div>\n\t\t\t\t<\/div>\n\t\t\t\t<\/div>\n\t\t\t\t<\/div>\n\t\t\t\t\t<\/div>\n\t\t\t\t<\/div>\n\t\t<div class=\"elementor-element elementor-element-797143e e-flex e-con-boxed e-con e-parent\" data-id=\"797143e\" data-element_type=\"container\">\n\t\t\t\t\t<div class=\"e-con-inner\">\n\t\t\t\t<div class=\"elementor-element elementor-element-a161829 elementor-widget elementor-widget-heading\" data-id=\"a161829\" data-element_type=\"widget\" data-widget_type=\"heading.default\">\n\t\t\t\t<div class=\"elementor-widget-container\">\n\t\t\t\t\t<h2 class=\"elementor-heading-title elementor-size-default\">\u00bfQuieres trabajar con nosotros?<\/h2>\t\t\t\t<\/div>\n\t\t\t\t<\/div>\n\t\t\t\t<div class=\"elementor-element elementor-element-f2213b5 elementor-align-center elementor-widget elementor-widget-button\" data-id=\"f2213b5\" data-element_type=\"widget\" data-widget_type=\"button.default\">\n\t\t\t\t<div class=\"elementor-widget-container\">\n\t\t\t\t\t\t\t\t\t<div class=\"elementor-button-wrapper\">\n\t\t\t\t\t<a class=\"elementor-button elementor-button-link elementor-size-sm\" href=\"#elementor-action%3Aaction%3Dpopup%3Aopen%26settings%3DeyJpZCI6IjQxOTEiLCJ0b2dnbGUiOmZhbHNlfQ%3D%3D\">\n\t\t\t\t\t\t<span class=\"elementor-button-content-wrapper\">\n\t\t\t\t\t\t\t\t\t<span class=\"elementor-button-text\">\u00a1Llena este formulario!<\/span>\n\t\t\t\t\t<\/span>\n\t\t\t\t\t<\/a>\n\t\t\t\t<\/div>\n\t\t\t\t\t\t\t\t<\/div>\n\t\t\t\t<\/div>\n\t\t\t\t\t<\/div>\n\t\t\t\t<\/div>\n\t\t\t\t<\/div>\n\t\t","protected":false},"excerpt":{"rendered":"<p>Lencer\u00eda 69: la tienda er\u00f3tica l\u00edder en Centroam\u00e9rica Tenemos 13 a\u00f1os en el mercado de juguetes sexuales y lencer\u00eda er\u00f3tica. Nos impulsa conseguir los productos m\u00e1s innovadores para nuestra distinguida clientela Nuestra historia Lencer\u00eda 69 fue fundada por dos hermanos hondure\u00f1os, con el \u00e1nimo de comenzar un emprendimiento propio. Aunque la tienda comenz\u00f3 en 2012&#8230;<\/p>\n","protected":false},"author":1,"featured_media":0,"parent":0,"menu_order":0,"comment_status":"closed","ping_status":"closed","template":"","meta":{"_kad_post_transparent":"","_kad_post_title":"hide","_kad_post_layout":"fullwidth","_kad_post_sidebar_id":"","_kad_post_content_style":"unboxed","_kad_post_vertical_padding":"hide","_kad_post_feature":"hide","_kad_post_feature_position":"","_kad_post_header":false,"_kad_post_footer":false,"_joinchat":[],"footnotes":""},"class_list":["post-73","page","type-page","status-publish","hentry"],"_links":{"self":[{"href":"https:\/\/lenceria69.com\/hn\/wp-json\/wp\/v2\/pages\/73","targetHints":{"allow":["GET"]}}],"collection":[{"href":"https:\/\/lenceria69.com\/hn\/wp-json\/wp\/v2\/pages"}],"about":[{"href":"https:\/\/lenceria69.com\/hn\/wp-json\/wp\/v2\/types\/page"}],"author":[{"embeddable":true,"href":"https:\/\/lenceria69.com\/hn\/wp-json\/wp\/v2\/users\/1"}],"replies":[{"embeddable":true,"href":"https:\/\/lenceria69.com\/hn\/wp-json\/wp\/v2\/comments?post=73"}],"version-history":[{"count":5,"href":"https:\/\/lenceria69.com\/hn\/wp-json\/wp\/v2\/pages\/73\/revisions"}],"predecessor-version":[{"id":11957,"href":"https:\/\/lenceria69.com\/hn\/wp-json\/wp\/v2\/pages\/73\/revisions\/11957"}],"wp:attachment":[{"href":"https:\/\/lenceria69.com\/hn\/wp-json\/wp\/v2\/media?parent=73"}],"curies":[{"name":"wp","href":"https:\/\/api.w.org\/{rel}","templated":true}]}}