{"id":19442,"date":"2026-03-17T14:30:30","date_gmt":"2026-03-17T20:30:30","guid":{"rendered":"https:\/\/lenceria69.com\/gt\/?post_type=product&#038;p=19442"},"modified":"2026-03-17T16:18:29","modified_gmt":"2026-03-17T22:18:29","slug":"pd3367","status":"publish","type":"product","link":"https:\/\/lenceria69.com\/gt\/producto\/pd3367\/","title":{"rendered":"Dildo Vibrador + Arnes: FetishFantasy HIM\/HER-6\u2033"},"content":{"rendered":"<p>Aqu\u00ed ten\u00e9is el arn\u00e9s vibratorio perfecto para ambos. Perfecto para encuentros de mujer a mujer o para esa experiencia especial por detr\u00e1s. A muchos hombres les encanta una emoci\u00f3n sexual anal profunda y este arn\u00e9s puede proporcionar esa emoci\u00f3n. Encienda la alimentaci\u00f3n con el control remoto con cable, seleccione la velocidad de vibraci\u00f3n adecuada y sienta c\u00f3mo la punta cobra vida con un placer pulsante. El pene hueco tambi\u00e9n puede ayudar a los hombres con dificultades de erecci\u00f3n.<\/p>\n<p>Caracter\u00edsticas:<br \/>\n\u2013 Vibraciones de varias velocidades con consolador hueco de 6\u2033 (15 cm) con manos<br \/>\n\u2013 Arn\u00e9s el\u00e1stico remoto gratuito<\/p>\n<p>Dimensiones:<br \/>\n* Longitud insertable: 6 pulg. (15 cm)<br \/>\n* Ancho: 1,75 pulgadas (4,5 cm)<br \/>\n* Longitud interior: 4 pulgadas (10 cm)<br \/>\n* Di\u00e1metro interior: 1,5 pulg. (3,5 cm)<\/p>\n","protected":false},"excerpt":{"rendered":"<p>Aqu\u00ed ten\u00e9is el arn\u00e9s vibratorio perfecto para ambos. Perfecto para encuentros de mujer a mujer o para esa experiencia especial por detr\u00e1s. A muchos hombres les encanta una emoci\u00f3n sexual anal profunda y este arn\u00e9s puede proporcionar esa emoci\u00f3n. Encienda la alimentaci\u00f3n con el control remoto con cable, seleccione la velocidad de vibraci\u00f3n adecuada y&#8230;<\/p>\n","protected":false},"featured_media":19443,"comment_status":"open","ping_status":"closed","template":"","meta":{"_kad_post_transparent":"default","_kad_post_title":"","_kad_post_layout":"default","_kad_post_sidebar_id":"","_kad_post_content_style":"default","_kad_post_vertical_padding":"default","_kad_post_feature":"","_kad_post_feature_position":"","_kad_post_header":false,"_kad_post_footer":false,"_joinchat":[]},"product_brand":[],"product_cat":[24,107],"product_tag":[],"class_list":{"0":"post-19442","1":"product","2":"type-product","3":"status-publish","4":"has-post-thumbnail","6":"product_cat-juguetes-sexuales","7":"product_cat-dildos","9":"first","10":"instock","11":"shipping-taxable","12":"purchasable","13":"product-type-variable","14":"has-default-attributes","15":"entry","16":"content-bg","17":"loop-entry"},"_links":{"self":[{"href":"https:\/\/lenceria69.com\/gt\/wp-json\/wp\/v2\/product\/19442","targetHints":{"allow":["GET"]}}],"collection":[{"href":"https:\/\/lenceria69.com\/gt\/wp-json\/wp\/v2\/product"}],"about":[{"href":"https:\/\/lenceria69.com\/gt\/wp-json\/wp\/v2\/types\/product"}],"replies":[{"embeddable":true,"href":"https:\/\/lenceria69.com\/gt\/wp-json\/wp\/v2\/comments?post=19442"}],"version-history":[{"count":1,"href":"https:\/\/lenceria69.com\/gt\/wp-json\/wp\/v2\/product\/19442\/revisions"}],"predecessor-version":[{"id":19445,"href":"https:\/\/lenceria69.com\/gt\/wp-json\/wp\/v2\/product\/19442\/revisions\/19445"}],"wp:featuredmedia":[{"embeddable":true,"href":"https:\/\/lenceria69.com\/gt\/wp-json\/wp\/v2\/media\/19443"}],"wp:attachment":[{"href":"https:\/\/lenceria69.com\/gt\/wp-json\/wp\/v2\/media?parent=19442"}],"wp:term":[{"taxonomy":"product_brand","embeddable":true,"href":"https:\/\/lenceria69.com\/gt\/wp-json\/wp\/v2\/product_brand?post=19442"},{"taxonomy":"product_cat","embeddable":true,"href":"https:\/\/lenceria69.com\/gt\/wp-json\/wp\/v2\/product_cat?post=19442"},{"taxonomy":"product_tag","embeddable":true,"href":"https:\/\/lenceria69.com\/gt\/wp-json\/wp\/v2\/product_tag?post=19442"}],"curies":[{"name":"wp","href":"https:\/\/api.w.org\/{rel}","templated":true}]}}