{"id":19434,"date":"2026-03-17T14:30:34","date_gmt":"2026-03-17T20:30:34","guid":{"rendered":"https:\/\/lenceria69.com\/gt\/?post_type=product&#038;p=19434"},"modified":"2026-03-24T15:48:22","modified_gmt":"2026-03-24T21:48:22","slug":"pd5503-21","status":"publish","type":"product","link":"https:\/\/lenceria69.com\/gt\/producto\/pd5503-21\/","title":{"rendered":"King Cock 8\u2033 \u2013 Dildo con Ventosa"},"content":{"rendered":"<p>Una pieza de penetraci\u00f3n gruesa y abundante con un realismo de nivel extremo, una textura afelpada y exprimible y perfecta capacidad de manos libres, el King Cock 8\u2033 de Pipedream ofrece su Forma vers\u00e1til y emocionantemente realista para todo tipo de fantas\u00eda situaciones de satisfacci\u00f3n, juegos previos y amor propio.<\/p>\n<p>Detallado a mano para muestran una punta y un eje suavemente c\u00f3nicos entrecruzados con venas hinchadas, esta versi\u00f3n del Rey cuenta con una bonita base ancha que no solo act\u00faan como una barrera sin preocupaciones en lo m\u00e1s profundo penetraci\u00f3n, pero tambi\u00e9n proporciona mucha estabilidad en un arn\u00e9s o cuando asegurado agasint una superficie plana. Una ventosa extremadamente robusta debajo se mantiene firme, colocando el King verticalmente en el suelo o encimera, o horizontalmente en la pared o ventana.<\/p>\n<p>En el PVC seguro y de bajo mantenimiento, el King Cock 8\u2033 se limpia f\u00e1cilmente con un simple jab\u00f3n agua o un buen l\u00edquido limpiador de juguetes. Para obtener el m\u00e1ximo placer, utilice un gran Lubricante a base de agua de calidad para agregar mucha resbaladicidad. Hecho en los EE. UU.<\/p>\n<p>Dimensiones:<br \/>\n\u2013 Longitud: 8\u2033<br \/>\n\u2013 Longitud insertable: 7.25\u2033<br \/>\n\u2013 Circunferencia: 5.9\u2033 en el punto m\u00e1s grande<br \/>\n\u2013 Ancho: 1.75\u2033 en el punto m\u00e1s grande<\/p>\n","protected":false},"excerpt":{"rendered":"<p>Una pieza de penetraci\u00f3n gruesa y abundante con un realismo de nivel extremo, una textura afelpada y exprimible y perfecta capacidad de manos libres, el King Cock 8\u2033 de Pipedream ofrece su Forma vers\u00e1til y emocionantemente realista para todo tipo de fantas\u00eda situaciones de satisfacci\u00f3n, juegos previos y amor propio. Detallado a mano para muestran&#8230;<\/p>\n","protected":false},"featured_media":19435,"comment_status":"open","ping_status":"closed","template":"","meta":{"_kad_post_transparent":"default","_kad_post_title":"","_kad_post_layout":"default","_kad_post_sidebar_id":"","_kad_post_content_style":"default","_kad_post_vertical_padding":"default","_kad_post_feature":"","_kad_post_feature_position":"","_kad_post_header":false,"_kad_post_footer":false,"_joinchat":[]},"product_brand":[],"product_cat":[24,107],"product_tag":[],"class_list":{"0":"post-19434","1":"product","2":"type-product","3":"status-publish","4":"has-post-thumbnail","6":"product_cat-juguetes-sexuales","7":"product_cat-dildos","9":"first","10":"instock","11":"shipping-taxable","12":"purchasable","13":"product-type-variable","14":"has-default-attributes","15":"entry","16":"content-bg","17":"loop-entry"},"_links":{"self":[{"href":"https:\/\/lenceria69.com\/gt\/wp-json\/wp\/v2\/product\/19434","targetHints":{"allow":["GET"]}}],"collection":[{"href":"https:\/\/lenceria69.com\/gt\/wp-json\/wp\/v2\/product"}],"about":[{"href":"https:\/\/lenceria69.com\/gt\/wp-json\/wp\/v2\/types\/product"}],"replies":[{"embeddable":true,"href":"https:\/\/lenceria69.com\/gt\/wp-json\/wp\/v2\/comments?post=19434"}],"version-history":[{"count":1,"href":"https:\/\/lenceria69.com\/gt\/wp-json\/wp\/v2\/product\/19434\/revisions"}],"predecessor-version":[{"id":19437,"href":"https:\/\/lenceria69.com\/gt\/wp-json\/wp\/v2\/product\/19434\/revisions\/19437"}],"wp:featuredmedia":[{"embeddable":true,"href":"https:\/\/lenceria69.com\/gt\/wp-json\/wp\/v2\/media\/19435"}],"wp:attachment":[{"href":"https:\/\/lenceria69.com\/gt\/wp-json\/wp\/v2\/media?parent=19434"}],"wp:term":[{"taxonomy":"product_brand","embeddable":true,"href":"https:\/\/lenceria69.com\/gt\/wp-json\/wp\/v2\/product_brand?post=19434"},{"taxonomy":"product_cat","embeddable":true,"href":"https:\/\/lenceria69.com\/gt\/wp-json\/wp\/v2\/product_cat?post=19434"},{"taxonomy":"product_tag","embeddable":true,"href":"https:\/\/lenceria69.com\/gt\/wp-json\/wp\/v2\/product_tag?post=19434"}],"curies":[{"name":"wp","href":"https:\/\/api.w.org\/{rel}","templated":true}]}}