{"id":19424,"date":"2026-03-17T14:30:39","date_gmt":"2026-03-17T20:30:39","guid":{"rendered":"https:\/\/lenceria69.com\/gt\/?post_type=product&#038;p=19424"},"modified":"2026-04-24T13:54:47","modified_gmt":"2026-04-24T19:54:47","slug":"wt20308","status":"publish","type":"product","link":"https:\/\/lenceria69.com\/gt\/producto\/wt20308\/","title":{"rendered":"Lubricante Base Agua Saborizado: Wet Water Luxury 4oz"},"content":{"rendered":"<p>Siente la diferencia con el lubricante a base de agua. Esta f\u00f3rmula de larga duraci\u00f3n es segura para usar con preservativos, hipoalerg\u00e9nica y sin parabenos. Es compatible con preservativos y seguro para usar con cualquier juguete, as\u00ed que el \u00fanico l\u00edmite es tu imaginaci\u00f3n. Al terminar, simplemente enjuaga con agua tibia.<\/p>\n<p>Limpio y sin manchas, el lubricante a base de agua se puede usar libremente donde te apetezca, as\u00ed que ya no est\u00e1s limitado a la habitaci\u00f3n.<br \/>\nCaracter\u00edsticas<br \/>\n\u2013 A base de agua<br \/>\n\u2013 Compatible con preservativos<br \/>\n\u2013 Hipoalerg\u00e9nico<\/p>\n","protected":false},"excerpt":{"rendered":"<p>Siente la diferencia con el lubricante a base de agua. Esta f\u00f3rmula de larga duraci\u00f3n es segura para usar con preservativos, hipoalerg\u00e9nica y sin parabenos. Es compatible con preservativos y seguro para usar con cualquier juguete, as\u00ed que el \u00fanico l\u00edmite es tu imaginaci\u00f3n. Al terminar, simplemente enjuaga con agua tibia. Limpio y sin manchas,&#8230;<\/p>\n","protected":false},"featured_media":19425,"comment_status":"open","ping_status":"closed","template":"","meta":{"_kad_post_transparent":"default","_kad_post_title":"","_kad_post_layout":"default","_kad_post_sidebar_id":"","_kad_post_content_style":"default","_kad_post_vertical_padding":"default","_kad_post_feature":"","_kad_post_feature_position":"","_kad_post_header":false,"_kad_post_footer":false,"_joinchat":[]},"product_brand":[],"product_cat":[38],"product_tag":[],"class_list":{"0":"post-19424","1":"product","2":"type-product","3":"status-publish","4":"has-post-thumbnail","6":"product_cat-lubricantes","8":"first","9":"instock","10":"shipping-taxable","11":"purchasable","12":"product-type-simple","13":"entry","14":"content-bg","15":"loop-entry"},"_links":{"self":[{"href":"https:\/\/lenceria69.com\/gt\/wp-json\/wp\/v2\/product\/19424","targetHints":{"allow":["GET"]}}],"collection":[{"href":"https:\/\/lenceria69.com\/gt\/wp-json\/wp\/v2\/product"}],"about":[{"href":"https:\/\/lenceria69.com\/gt\/wp-json\/wp\/v2\/types\/product"}],"replies":[{"embeddable":true,"href":"https:\/\/lenceria69.com\/gt\/wp-json\/wp\/v2\/comments?post=19424"}],"version-history":[{"count":1,"href":"https:\/\/lenceria69.com\/gt\/wp-json\/wp\/v2\/product\/19424\/revisions"}],"predecessor-version":[{"id":19426,"href":"https:\/\/lenceria69.com\/gt\/wp-json\/wp\/v2\/product\/19424\/revisions\/19426"}],"wp:featuredmedia":[{"embeddable":true,"href":"https:\/\/lenceria69.com\/gt\/wp-json\/wp\/v2\/media\/19425"}],"wp:attachment":[{"href":"https:\/\/lenceria69.com\/gt\/wp-json\/wp\/v2\/media?parent=19424"}],"wp:term":[{"taxonomy":"product_brand","embeddable":true,"href":"https:\/\/lenceria69.com\/gt\/wp-json\/wp\/v2\/product_brand?post=19424"},{"taxonomy":"product_cat","embeddable":true,"href":"https:\/\/lenceria69.com\/gt\/wp-json\/wp\/v2\/product_cat?post=19424"},{"taxonomy":"product_tag","embeddable":true,"href":"https:\/\/lenceria69.com\/gt\/wp-json\/wp\/v2\/product_tag?post=19424"}],"curies":[{"name":"wp","href":"https:\/\/api.w.org\/{rel}","templated":true}]}}