{"id":19418,"date":"2026-03-17T14:30:58","date_gmt":"2026-03-17T20:30:58","guid":{"rendered":"https:\/\/lenceria69.com\/gt\/?post_type=product&#038;p=19418"},"modified":"2026-03-17T16:18:29","modified_gmt":"2026-03-17T22:18:29","slug":"se0883-70-3","status":"publish","type":"product","link":"https:\/\/lenceria69.com\/gt\/producto\/se0883-70-3\/","title":{"rendered":"Masturbador para Hombre: The French Maid"},"content":{"rendered":"<p>Disfruta de emocionantes sue\u00f1os h\u00famedos con el suculento masturbador The French Maid de Cheap Thrills.<\/p>\n<p>Su dise\u00f1o de extremo cerrado proporciona una succi\u00f3n superior, mientras que la c\u00e1mara con textura \u00fanica y el material PureSkin ultrasuave y el\u00e1stico te brindan una sensaci\u00f3n realista.<\/p>\n<p>Caracter\u00edsticas<br \/>\n\u2013 Hecho de TPE<br \/>\n\u2013 Multitextura<br \/>\n\u2013 Extremo cerrado<br \/>\n\u2013 Succi\u00f3n superior<\/p>\n<p>Dimensiones:<br \/>\nLargo: 14 cm<br \/>\nAncho: 7,6 cm<br \/>\nCircunferencia: 24,1 cm<\/p>\n","protected":false},"excerpt":{"rendered":"<p>Disfruta de emocionantes sue\u00f1os h\u00famedos con el suculento masturbador The French Maid de Cheap Thrills. Su dise\u00f1o de extremo cerrado proporciona una succi\u00f3n superior, mientras que la c\u00e1mara con textura \u00fanica y el material PureSkin ultrasuave y el\u00e1stico te brindan una sensaci\u00f3n realista. Caracter\u00edsticas \u2013 Hecho de TPE \u2013 Multitextura \u2013 Extremo cerrado \u2013 Succi\u00f3n&#8230;<\/p>\n","protected":false},"featured_media":19419,"comment_status":"open","ping_status":"closed","template":"","meta":{"_kad_post_transparent":"default","_kad_post_title":"","_kad_post_layout":"default","_kad_post_sidebar_id":"","_kad_post_content_style":"default","_kad_post_vertical_padding":"default","_kad_post_feature":"","_kad_post_feature_position":"","_kad_post_header":false,"_kad_post_footer":false,"_joinchat":[]},"product_brand":[],"product_cat":[24,104],"product_tag":[],"class_list":{"0":"post-19418","1":"product","2":"type-product","3":"status-publish","4":"has-post-thumbnail","6":"product_cat-juguetes-sexuales","7":"product_cat-para_ellos","9":"first","10":"instock","11":"shipping-taxable","12":"purchasable","13":"product-type-simple","14":"entry","15":"content-bg","16":"loop-entry"},"_links":{"self":[{"href":"https:\/\/lenceria69.com\/gt\/wp-json\/wp\/v2\/product\/19418","targetHints":{"allow":["GET"]}}],"collection":[{"href":"https:\/\/lenceria69.com\/gt\/wp-json\/wp\/v2\/product"}],"about":[{"href":"https:\/\/lenceria69.com\/gt\/wp-json\/wp\/v2\/types\/product"}],"replies":[{"embeddable":true,"href":"https:\/\/lenceria69.com\/gt\/wp-json\/wp\/v2\/comments?post=19418"}],"version-history":[{"count":1,"href":"https:\/\/lenceria69.com\/gt\/wp-json\/wp\/v2\/product\/19418\/revisions"}],"predecessor-version":[{"id":19420,"href":"https:\/\/lenceria69.com\/gt\/wp-json\/wp\/v2\/product\/19418\/revisions\/19420"}],"wp:featuredmedia":[{"embeddable":true,"href":"https:\/\/lenceria69.com\/gt\/wp-json\/wp\/v2\/media\/19419"}],"wp:attachment":[{"href":"https:\/\/lenceria69.com\/gt\/wp-json\/wp\/v2\/media?parent=19418"}],"wp:term":[{"taxonomy":"product_brand","embeddable":true,"href":"https:\/\/lenceria69.com\/gt\/wp-json\/wp\/v2\/product_brand?post=19418"},{"taxonomy":"product_cat","embeddable":true,"href":"https:\/\/lenceria69.com\/gt\/wp-json\/wp\/v2\/product_cat?post=19418"},{"taxonomy":"product_tag","embeddable":true,"href":"https:\/\/lenceria69.com\/gt\/wp-json\/wp\/v2\/product_tag?post=19418"}],"curies":[{"name":"wp","href":"https:\/\/api.w.org\/{rel}","templated":true}]}}