{"id":19411,"date":"2026-03-17T14:30:18","date_gmt":"2026-03-17T20:30:18","guid":{"rendered":"https:\/\/lenceria69.com\/gt\/?post_type=product&#038;p=19411"},"modified":"2026-03-17T16:18:29","modified_gmt":"2026-03-17T22:18:29","slug":"fws2","status":"publish","type":"product","link":"https:\/\/lenceria69.com\/gt\/producto\/fws2\/","title":{"rendered":"Lubricante Anal de Silicona: Fuck Water 2oz"},"content":{"rendered":"<p>Apto para l\u00e1tex, de larga duraci\u00f3n, nunca pegajoso y se mantiene resbaladizo. Primero lo comprar\u00e1s por el nombre, luego lo volver\u00e1s a comprar porque te gust\u00f3.<\/p>\n<p>Ingredientes: Dimeticona, Ciclopentasiloxano, Ciclotetrasiloxano, Dimeticonol.<\/p>\n<p>Caracter\u00edsticas<br \/>\n\u2013 Lubricante a base de silicona<\/p>\n","protected":false},"excerpt":{"rendered":"<p>Apto para l\u00e1tex, de larga duraci\u00f3n, nunca pegajoso y se mantiene resbaladizo. Primero lo comprar\u00e1s por el nombre, luego lo volver\u00e1s a comprar porque te gust\u00f3. Ingredientes: Dimeticona, Ciclopentasiloxano, Ciclotetrasiloxano, Dimeticonol. Caracter\u00edsticas \u2013 Lubricante a base de silicona<\/p>\n","protected":false},"featured_media":19412,"comment_status":"open","ping_status":"closed","template":"","meta":{"_kad_post_transparent":"default","_kad_post_title":"","_kad_post_layout":"default","_kad_post_sidebar_id":"","_kad_post_content_style":"default","_kad_post_vertical_padding":"default","_kad_post_feature":"","_kad_post_feature_position":"","_kad_post_header":false,"_kad_post_footer":false,"_joinchat":[]},"product_brand":[],"product_cat":[38],"product_tag":[],"class_list":{"0":"post-19411","1":"product","2":"type-product","3":"status-publish","4":"has-post-thumbnail","6":"product_cat-lubricantes","8":"first","9":"instock","10":"shipping-taxable","11":"purchasable","12":"product-type-simple","13":"entry","14":"content-bg","15":"loop-entry"},"_links":{"self":[{"href":"https:\/\/lenceria69.com\/gt\/wp-json\/wp\/v2\/product\/19411","targetHints":{"allow":["GET"]}}],"collection":[{"href":"https:\/\/lenceria69.com\/gt\/wp-json\/wp\/v2\/product"}],"about":[{"href":"https:\/\/lenceria69.com\/gt\/wp-json\/wp\/v2\/types\/product"}],"replies":[{"embeddable":true,"href":"https:\/\/lenceria69.com\/gt\/wp-json\/wp\/v2\/comments?post=19411"}],"version-history":[{"count":1,"href":"https:\/\/lenceria69.com\/gt\/wp-json\/wp\/v2\/product\/19411\/revisions"}],"predecessor-version":[{"id":19413,"href":"https:\/\/lenceria69.com\/gt\/wp-json\/wp\/v2\/product\/19411\/revisions\/19413"}],"wp:featuredmedia":[{"embeddable":true,"href":"https:\/\/lenceria69.com\/gt\/wp-json\/wp\/v2\/media\/19412"}],"wp:attachment":[{"href":"https:\/\/lenceria69.com\/gt\/wp-json\/wp\/v2\/media?parent=19411"}],"wp:term":[{"taxonomy":"product_brand","embeddable":true,"href":"https:\/\/lenceria69.com\/gt\/wp-json\/wp\/v2\/product_brand?post=19411"},{"taxonomy":"product_cat","embeddable":true,"href":"https:\/\/lenceria69.com\/gt\/wp-json\/wp\/v2\/product_cat?post=19411"},{"taxonomy":"product_tag","embeddable":true,"href":"https:\/\/lenceria69.com\/gt\/wp-json\/wp\/v2\/product_tag?post=19411"}],"curies":[{"name":"wp","href":"https:\/\/api.w.org\/{rel}","templated":true}]}}