{"id":18966,"date":"2025-10-04T00:00:13","date_gmt":"2025-10-04T06:00:13","guid":{"rendered":"https:\/\/lenceria69.com\/gt\/?post_type=product&#038;p=18966"},"modified":"2025-10-04T10:37:51","modified_gmt":"2025-10-04T16:37:51","slug":"se0260-00-2","status":"publish","type":"product","link":"https:\/\/lenceria69.com\/gt\/producto\/se0260-00-2\/","title":{"rendered":"Dildo con bolas realista: Queen Size 6\u2033"},"content":{"rendered":"<p>Para la reina del tama\u00f1o que todos llevamos dentro, nos complace presentar uno de nuestros productos m\u00e1s deliciosos: el tama\u00f1o Queen de 15 cm. Con una sensaci\u00f3n firme y realista, no podr\u00e1s distinguirlo de uno real, y eso es precisamente lo que buscamos.<\/p>\n<p>Dimensiones:<br \/>\n\u2013 Largo insertable: 16,25 cm<br \/>\n\u2013 Largo: 20,25 cm<\/p>\n<p>Con cabeza y venas realistas.<\/p>\n","protected":false},"excerpt":{"rendered":"<p>Para la reina del tama\u00f1o que todos llevamos dentro, nos complace presentar uno de nuestros productos m\u00e1s deliciosos: el tama\u00f1o Queen de 15 cm. Con una sensaci\u00f3n firme y realista, no podr\u00e1s distinguirlo de uno real, y eso es precisamente lo que buscamos. Dimensiones: \u2013 Largo insertable: 16,25 cm \u2013 Largo: 20,25 cm Con cabeza&#8230;<\/p>\n","protected":false},"featured_media":18960,"comment_status":"open","ping_status":"closed","template":"","meta":{"_kad_post_transparent":"default","_kad_post_title":"","_kad_post_layout":"default","_kad_post_sidebar_id":"","_kad_post_content_style":"default","_kad_post_vertical_padding":"default","_kad_post_feature":"","_kad_post_feature_position":"","_kad_post_header":false,"_kad_post_footer":false,"_joinchat":[]},"product_brand":[],"product_cat":[24,104],"product_tag":[],"class_list":{"0":"post-18966","1":"product","2":"type-product","3":"status-publish","4":"has-post-thumbnail","6":"product_cat-juguetes-sexuales","7":"product_cat-para_ellos","9":"first","10":"instock","11":"shipping-taxable","12":"purchasable","13":"product-type-simple","14":"entry","15":"content-bg","16":"loop-entry"},"_links":{"self":[{"href":"https:\/\/lenceria69.com\/gt\/wp-json\/wp\/v2\/product\/18966","targetHints":{"allow":["GET"]}}],"collection":[{"href":"https:\/\/lenceria69.com\/gt\/wp-json\/wp\/v2\/product"}],"about":[{"href":"https:\/\/lenceria69.com\/gt\/wp-json\/wp\/v2\/types\/product"}],"replies":[{"embeddable":true,"href":"https:\/\/lenceria69.com\/gt\/wp-json\/wp\/v2\/comments?post=18966"}],"version-history":[{"count":2,"href":"https:\/\/lenceria69.com\/gt\/wp-json\/wp\/v2\/product\/18966\/revisions"}],"predecessor-version":[{"id":18968,"href":"https:\/\/lenceria69.com\/gt\/wp-json\/wp\/v2\/product\/18966\/revisions\/18968"}],"wp:featuredmedia":[{"embeddable":true,"href":"https:\/\/lenceria69.com\/gt\/wp-json\/wp\/v2\/media\/18960"}],"wp:attachment":[{"href":"https:\/\/lenceria69.com\/gt\/wp-json\/wp\/v2\/media?parent=18966"}],"wp:term":[{"taxonomy":"product_brand","embeddable":true,"href":"https:\/\/lenceria69.com\/gt\/wp-json\/wp\/v2\/product_brand?post=18966"},{"taxonomy":"product_cat","embeddable":true,"href":"https:\/\/lenceria69.com\/gt\/wp-json\/wp\/v2\/product_cat?post=18966"},{"taxonomy":"product_tag","embeddable":true,"href":"https:\/\/lenceria69.com\/gt\/wp-json\/wp\/v2\/product_tag?post=18966"}],"curies":[{"name":"wp","href":"https:\/\/api.w.org\/{rel}","templated":true}]}}