{"id":18864,"date":"2025-08-15T10:00:12","date_gmt":"2025-08-15T16:00:12","guid":{"rendered":"https:\/\/lenceria69.com\/gt\/?post_type=product&#038;p=18864"},"modified":"2026-02-26T15:19:57","modified_gmt":"2026-02-26T21:19:57","slug":"hp100-d","status":"publish","type":"product","link":"https:\/\/lenceria69.com\/gt\/producto\/hp100-d\/","title":{"rendered":"Rush Poppers (10ml)"},"content":{"rendered":"<p>El popper original Rush Popper favorito de todos los tiempos, en una botella de 10 ml. Este popper de nitrito isoprop\u00edlico es el m\u00e1s famoso del mundo por una buena raz\u00f3n: nos brinda un placer arom\u00e1tico incre\u00edble.<\/p>\n<p>Volumen: 10ml<\/p>\n","protected":false},"excerpt":{"rendered":"<p>HP100-D<\/p>\n","protected":false},"featured_media":18865,"comment_status":"open","ping_status":"closed","template":"","meta":{"_kad_post_transparent":"default","_kad_post_title":"","_kad_post_layout":"default","_kad_post_sidebar_id":"","_kad_post_content_style":"default","_kad_post_vertical_padding":"default","_kad_post_feature":"","_kad_post_feature_position":"","_kad_post_header":false,"_kad_post_footer":false,"_joinchat":[]},"product_brand":[],"product_cat":[22],"product_tag":[],"class_list":{"0":"post-18864","1":"product","2":"type-product","3":"status-publish","4":"has-post-thumbnail","6":"product_cat-suplementos","8":"first","9":"outofstock","10":"shipping-taxable","11":"purchasable","12":"product-type-simple","13":"entry","14":"content-bg","15":"loop-entry"},"_links":{"self":[{"href":"https:\/\/lenceria69.com\/gt\/wp-json\/wp\/v2\/product\/18864","targetHints":{"allow":["GET"]}}],"collection":[{"href":"https:\/\/lenceria69.com\/gt\/wp-json\/wp\/v2\/product"}],"about":[{"href":"https:\/\/lenceria69.com\/gt\/wp-json\/wp\/v2\/types\/product"}],"replies":[{"embeddable":true,"href":"https:\/\/lenceria69.com\/gt\/wp-json\/wp\/v2\/comments?post=18864"}],"version-history":[{"count":2,"href":"https:\/\/lenceria69.com\/gt\/wp-json\/wp\/v2\/product\/18864\/revisions"}],"predecessor-version":[{"id":18867,"href":"https:\/\/lenceria69.com\/gt\/wp-json\/wp\/v2\/product\/18864\/revisions\/18867"}],"wp:featuredmedia":[{"embeddable":true,"href":"https:\/\/lenceria69.com\/gt\/wp-json\/wp\/v2\/media\/18865"}],"wp:attachment":[{"href":"https:\/\/lenceria69.com\/gt\/wp-json\/wp\/v2\/media?parent=18864"}],"wp:term":[{"taxonomy":"product_brand","embeddable":true,"href":"https:\/\/lenceria69.com\/gt\/wp-json\/wp\/v2\/product_brand?post=18864"},{"taxonomy":"product_cat","embeddable":true,"href":"https:\/\/lenceria69.com\/gt\/wp-json\/wp\/v2\/product_cat?post=18864"},{"taxonomy":"product_tag","embeddable":true,"href":"https:\/\/lenceria69.com\/gt\/wp-json\/wp\/v2\/product_tag?post=18864"}],"curies":[{"name":"wp","href":"https:\/\/api.w.org\/{rel}","templated":true}]}}