{"id":18763,"date":"2026-03-17T14:30:54","date_gmt":"2026-03-17T20:30:54","guid":{"rendered":"https:\/\/lenceria69.com\/gt\/?post_type=product&#038;p=18763"},"modified":"2026-03-17T16:18:29","modified_gmt":"2026-03-17T22:18:29","slug":"lh5150","status":"publish","type":"product","link":"https:\/\/lenceria69.com\/gt\/producto\/lh5150\/","title":{"rendered":"ButtPlug Pack \u2013 Paquete Plug Anal de Silicona"},"content":{"rendered":"<p>Nuestros tapones anales satisfacen las necesidades de todos. Los juguetes anales resistentes pero flexibles son perfectos para principiantes, est\u00e1n dise\u00f1ados con estilo para horas de uso c\u00f3modo. Puedes utilizar estos juguetes en la oficina, el autom\u00f3vil o en una cita sin preocupaciones<\/p>\n<p>El plug anal es un producto muy \u00edntimo, solo tienes que usarlo sin mostrarlo delante de los dem\u00e1s.<\/p>\n<p>Recomendamos utilizar lubricante a base de agua para una mejor experiencia, y es f\u00e1cil de limpiar con agua y jab\u00f3n despu\u00e9s de su uso.<\/p>\n<p>Los 4 plugs anales en diferentes tama\u00f1os y formas incluyen:<br \/>\n\u2013 Comienza a experimentar con el lindo y curvil\u00edneo Bubble Plug<br \/>\n\u2013 La textura estimulante Ribbed Plug se siente genial al entrar y salir<br \/>\n\u2013 Smooth Plug tiene una forma cl\u00e1sica y probada para una diversi\u00f3n segura<br \/>\n\u2013 Ball Plug te llena con su tama\u00f1o m\u00e1s grande<br \/>\n\u2013 Usar con lubricantes anales a base de agua<br \/>\n\u2013 La amplia base permanece en su lugar para mayor seguridad y control.<\/p>\n","protected":false},"excerpt":{"rendered":"<p>LH5150<\/p>\n","protected":false},"featured_media":18766,"comment_status":"open","ping_status":"closed","template":"","meta":{"_kad_post_transparent":"default","_kad_post_title":"","_kad_post_layout":"default","_kad_post_sidebar_id":"","_kad_post_content_style":"default","_kad_post_vertical_padding":"default","_kad_post_feature":"","_kad_post_feature_position":"","_kad_post_header":false,"_kad_post_footer":false,"_joinchat":[]},"product_brand":[],"product_cat":[24,108],"product_tag":[],"class_list":{"0":"post-18763","1":"product","2":"type-product","3":"status-publish","4":"has-post-thumbnail","6":"product_cat-juguetes-sexuales","7":"product_cat-anales","9":"first","10":"instock","11":"shipping-taxable","12":"purchasable","13":"product-type-variable","14":"entry","15":"content-bg","16":"loop-entry"},"_links":{"self":[{"href":"https:\/\/lenceria69.com\/gt\/wp-json\/wp\/v2\/product\/18763","targetHints":{"allow":["GET"]}}],"collection":[{"href":"https:\/\/lenceria69.com\/gt\/wp-json\/wp\/v2\/product"}],"about":[{"href":"https:\/\/lenceria69.com\/gt\/wp-json\/wp\/v2\/types\/product"}],"replies":[{"embeddable":true,"href":"https:\/\/lenceria69.com\/gt\/wp-json\/wp\/v2\/comments?post=18763"}],"version-history":[{"count":2,"href":"https:\/\/lenceria69.com\/gt\/wp-json\/wp\/v2\/product\/18763\/revisions"}],"predecessor-version":[{"id":18777,"href":"https:\/\/lenceria69.com\/gt\/wp-json\/wp\/v2\/product\/18763\/revisions\/18777"}],"wp:featuredmedia":[{"embeddable":true,"href":"https:\/\/lenceria69.com\/gt\/wp-json\/wp\/v2\/media\/18766"}],"wp:attachment":[{"href":"https:\/\/lenceria69.com\/gt\/wp-json\/wp\/v2\/media?parent=18763"}],"wp:term":[{"taxonomy":"product_brand","embeddable":true,"href":"https:\/\/lenceria69.com\/gt\/wp-json\/wp\/v2\/product_brand?post=18763"},{"taxonomy":"product_cat","embeddable":true,"href":"https:\/\/lenceria69.com\/gt\/wp-json\/wp\/v2\/product_cat?post=18763"},{"taxonomy":"product_tag","embeddable":true,"href":"https:\/\/lenceria69.com\/gt\/wp-json\/wp\/v2\/product_tag?post=18763"}],"curies":[{"name":"wp","href":"https:\/\/api.w.org\/{rel}","templated":true}]}}