{"id":18597,"date":"2025-06-12T12:00:59","date_gmt":"2025-06-12T18:00:59","guid":{"rendered":"https:\/\/lenceria69.com\/gt\/?post_type=product&#038;p=18597"},"modified":"2026-01-04T20:23:21","modified_gmt":"2026-01-05T02:23:21","slug":"lh3013-34","status":"publish","type":"product","link":"https:\/\/lenceria69.com\/gt\/producto\/lh3013-34\/","title":{"rendered":"Sensual conjunto de lenceria de dos piezas"},"content":{"rendered":"<p>Aqu\u00ed tenemos el conjunto que estabas esperando para que tu pareja no te quite los ojos de encima, un bello Conjunto de dos piezas con detalles de encaje semitraslucido que deja volar a la imaginaci\u00f3n, har\u00e1 que tu pareja solo tenga ojos para ti y para nadie m\u00e1s.<\/p>\n","protected":false},"excerpt":{"rendered":"<p>LH3013-34<\/p>\n","protected":false},"featured_media":18609,"comment_status":"open","ping_status":"closed","template":"","meta":{"_kad_post_transparent":"default","_kad_post_title":"","_kad_post_layout":"default","_kad_post_sidebar_id":"","_kad_post_content_style":"default","_kad_post_vertical_padding":"default","_kad_post_feature":"","_kad_post_feature_position":"","_kad_post_header":false,"_kad_post_footer":false,"_joinchat":[]},"product_brand":[],"product_cat":[32],"product_tag":[],"class_list":{"0":"post-18597","1":"product","2":"type-product","3":"status-publish","4":"has-post-thumbnail","6":"product_cat-lenceria","8":"first","9":"instock","10":"shipping-taxable","11":"purchasable","12":"product-type-simple","13":"entry","14":"content-bg","15":"loop-entry"},"_links":{"self":[{"href":"https:\/\/lenceria69.com\/gt\/wp-json\/wp\/v2\/product\/18597","targetHints":{"allow":["GET"]}}],"collection":[{"href":"https:\/\/lenceria69.com\/gt\/wp-json\/wp\/v2\/product"}],"about":[{"href":"https:\/\/lenceria69.com\/gt\/wp-json\/wp\/v2\/types\/product"}],"replies":[{"embeddable":true,"href":"https:\/\/lenceria69.com\/gt\/wp-json\/wp\/v2\/comments?post=18597"}],"version-history":[{"count":1,"href":"https:\/\/lenceria69.com\/gt\/wp-json\/wp\/v2\/product\/18597\/revisions"}],"predecessor-version":[{"id":18608,"href":"https:\/\/lenceria69.com\/gt\/wp-json\/wp\/v2\/product\/18597\/revisions\/18608"}],"wp:featuredmedia":[{"embeddable":true,"href":"https:\/\/lenceria69.com\/gt\/wp-json\/wp\/v2\/media\/18609"}],"wp:attachment":[{"href":"https:\/\/lenceria69.com\/gt\/wp-json\/wp\/v2\/media?parent=18597"}],"wp:term":[{"taxonomy":"product_brand","embeddable":true,"href":"https:\/\/lenceria69.com\/gt\/wp-json\/wp\/v2\/product_brand?post=18597"},{"taxonomy":"product_cat","embeddable":true,"href":"https:\/\/lenceria69.com\/gt\/wp-json\/wp\/v2\/product_cat?post=18597"},{"taxonomy":"product_tag","embeddable":true,"href":"https:\/\/lenceria69.com\/gt\/wp-json\/wp\/v2\/product_tag?post=18597"}],"curies":[{"name":"wp","href":"https:\/\/api.w.org\/{rel}","templated":true}]}}