{"id":18046,"date":"2026-03-17T14:30:40","date_gmt":"2026-03-17T20:30:40","guid":{"rendered":"https:\/\/lenceria69.com\/gt\/?post_type=product&#038;p=18046"},"modified":"2026-03-17T16:18:29","modified_gmt":"2026-03-17T22:18:29","slug":"lh5250","status":"publish","type":"product","link":"https:\/\/lenceria69.com\/gt\/producto\/lh5250\/","title":{"rendered":"Dildo Vibrador con Estimulador de Cl\u00edtoris: Sube&#038;Baja"},"content":{"rendered":"<p>Descubre una experiencia de placer personalizada con Sube y Baja, un dispositivo de alta calidad dise\u00f1ado para ofrecer un rendimiento excepcional y adaptable a diferentes preferencias. Su dise\u00f1o ergon\u00f3mico y flexible lo convierte en una excelente opci\u00f3n para quienes buscan comodidad, estimulaci\u00f3n variada y facilidad de uso.<\/p>\n<p>Este dispositivo cuenta con un potente motor que proporciona 36 vibraciones ajustables, 8 funciones de empuje diferentes y 3 patrones de rotaci\u00f3n, permitiendo una personalizaci\u00f3n completa de la experiencia. Gracias a su tecnolog\u00eda avanzada, podr\u00e1s ajustar la velocidad y la intensidad de acuerdo con lo que m\u00e1s te guste.<\/p>\n<p>Su estructura est\u00e1 hecha de silicona m\u00e9dica, un material suave, seguro para el cuerpo y de tacto agradable. Adem\u00e1s, su dise\u00f1o realista y curvado permite una estimulaci\u00f3n \u00f3ptima en zonas estrat\u00e9gicas, maximizando las sensaciones y garantizando un uso c\u00f3modo y seguro.<\/p>\n<p>Sube y Baja es muy f\u00e1cil de manejar gracias a su agarre ergon\u00f3mico y su panel de control intuitivo, que permite cambiar entre los diferentes modos con facilidad. Tambi\u00e9n es resistente al agua, por lo que puedes utilizarlo en la ducha o la ba\u00f1era sin preocupaciones.<\/p>\n<p>La bater\u00eda recargable mediante USB ofrece hasta 120 minutos de uso continuo con una sola carga completa, asegurando sesiones prolongadas sin interrupciones.<\/p>\n<p>Si buscas un producto vers\u00e1til, con m\u00faltiples funciones y una calidad superior, Sube y Baja es la opci\u00f3n perfecta para llevar tu placer a otro nivel.<\/p>\n<p>Caracteristicas:<br \/>\n\u2013 Elaborado con material de silicona medica<br \/>\n\u2013 Cuenta con (12) modos de velocidad y vibracion<br \/>\n\u2013 Estimulador de clitoris y Punto G<br \/>\n\u2013 Modo de carga: Carga USB [Una carga completa dura hasta 120 minutos de uso]<br \/>\n\u2013 Resistente al agua para utilizarlo en la ducha o ba\u00f1era<\/p>\n<p>Dimensiones:<br \/>\n\u2013 Longitud: 25 cms (9,84 in)<br \/>\n\u2013 Diametro: 3,5 cms (1,37 in)<\/p>\n","protected":false},"excerpt":{"rendered":"<p>El vibrador Sube y Baja es un juguete realista de m\u00faltiples velocidades que ofrece 36 vibraciones ajustables, 8 funciones de empuje y 3 patrones de rotaci\u00f3n. Dise\u00f1ado para estimular el punto G y el cl\u00edtoris simult\u00e1neamente, est\u00e1 fabricado con silicona m\u00e9dica segura para el cuerpo. Su potente motor proporciona sensaciones intensas y controlables. Cuenta con carga USB y una bater\u00eda de larga duraci\u00f3n de hasta 120 minutos. Adem\u00e1s, es resistente al agua, permitiendo su uso en la ducha o la ba\u00f1era. Su dise\u00f1o ergon\u00f3mico y su flexibilidad lo convierten en un accesorio imprescindible para experiencias m\u00e1s placenteras.<\/p>\n","protected":false},"featured_media":18198,"comment_status":"open","ping_status":"closed","template":"","meta":{"_kad_post_transparent":"default","_kad_post_title":"","_kad_post_layout":"default","_kad_post_sidebar_id":"","_kad_post_content_style":"default","_kad_post_vertical_padding":"default","_kad_post_feature":"","_kad_post_feature_position":"","_kad_post_header":false,"_kad_post_footer":false,"_joinchat":[]},"product_brand":[],"product_cat":[24,106],"product_tag":[],"class_list":{"0":"post-18046","1":"product","2":"type-product","3":"status-publish","4":"has-post-thumbnail","6":"product_cat-juguetes-sexuales","7":"product_cat-vibradores","9":"first","10":"instock","11":"shipping-taxable","12":"purchasable","13":"product-type-variable","14":"entry","15":"content-bg","16":"loop-entry"},"_links":{"self":[{"href":"https:\/\/lenceria69.com\/gt\/wp-json\/wp\/v2\/product\/18046","targetHints":{"allow":["GET"]}}],"collection":[{"href":"https:\/\/lenceria69.com\/gt\/wp-json\/wp\/v2\/product"}],"about":[{"href":"https:\/\/lenceria69.com\/gt\/wp-json\/wp\/v2\/types\/product"}],"replies":[{"embeddable":true,"href":"https:\/\/lenceria69.com\/gt\/wp-json\/wp\/v2\/comments?post=18046"}],"version-history":[{"count":1,"href":"https:\/\/lenceria69.com\/gt\/wp-json\/wp\/v2\/product\/18046\/revisions"}],"predecessor-version":[{"id":18048,"href":"https:\/\/lenceria69.com\/gt\/wp-json\/wp\/v2\/product\/18046\/revisions\/18048"}],"wp:featuredmedia":[{"embeddable":true,"href":"https:\/\/lenceria69.com\/gt\/wp-json\/wp\/v2\/media\/18198"}],"wp:attachment":[{"href":"https:\/\/lenceria69.com\/gt\/wp-json\/wp\/v2\/media?parent=18046"}],"wp:term":[{"taxonomy":"product_brand","embeddable":true,"href":"https:\/\/lenceria69.com\/gt\/wp-json\/wp\/v2\/product_brand?post=18046"},{"taxonomy":"product_cat","embeddable":true,"href":"https:\/\/lenceria69.com\/gt\/wp-json\/wp\/v2\/product_cat?post=18046"},{"taxonomy":"product_tag","embeddable":true,"href":"https:\/\/lenceria69.com\/gt\/wp-json\/wp\/v2\/product_tag?post=18046"}],"curies":[{"name":"wp","href":"https:\/\/api.w.org\/{rel}","templated":true}]}}