{"id":18043,"date":"2026-01-28T12:00:30","date_gmt":"2026-01-28T18:00:30","guid":{"rendered":"https:\/\/lenceria69.com\/gt\/?post_type=product&#038;p=18043"},"modified":"2026-03-23T16:40:35","modified_gmt":"2026-03-23T22:40:35","slug":"lh5240","status":"publish","type":"product","link":"https:\/\/lenceria69.com\/gt\/producto\/lh5240\/","title":{"rendered":"Dildo Vibrador y Funcion de Succion: S-Hande Rabbit"},"content":{"rendered":"<p>Te presentamos el nuevo Rabbit Vib, No te quedes con las ganas de sentir nuevas experiencias al momento de estar a solas, ahora no solamente puedes disfrutar las vibraciones que te ofrece un consolador convencional sino que tambien podras disfrutar de una sutil sensacion de succion en tu cuerpo, ya sea que lo pases por tus genitales o bien puedes sentir esa misma sensacion en tus pezones, con este nuevo juguete no podras decidir en que parte de tu cuerpo lo deseas dejar.<\/p>\n<p>M\u00e9todo de uso:<br \/>\n\u2013 Mant\u00e9n pulsado el bot\u00f3n de encendido durante 3seg, el vibrador est\u00e1 encendido, cada clic en el bot\u00f3n de encendido, el vibrador cambiar\u00e1 el modo de vibraci\u00f3n<br \/>\n\u2013 Cada clic en el bot\u00f3n de succi\u00f3n, el modo de succi\u00f3n cambiar\u00e1<\/p>\n<p>Descripcion del Rabbit Vib:<br \/>\n\u2013 9 modos de vibraci\u00f3n 9 modos de succi\u00f3n: puedes cambiar los modos de vibraci\u00f3n y los modos de succi\u00f3n de acuerdo a tus necesidades, \u00a1puede ayudarte a tener un orgasmo en unos minutos!<br \/>\n\u2013 Dise\u00f1o de hilo 9 tipos de m\u00e9todo de succi\u00f3n silicona suave<br \/>\n\u2013 Carga: Cargador r\u00e1pido magn\u00e9tico USB ecol\u00f3gico, \u00a1M\u00e1s f\u00e1cil que cargar tu tel\u00e9fono inteligente!<br \/>\n\u2013 Tiempo de carga: alrededor de 2 horas<br \/>\n\u2013 Tiempo de uso: alrededor de 2 horas<br \/>\n\u2013 Dise\u00f1o perfecto: pecho de succi\u00f3n y cl\u00edtoris Punto de est\u00edmulo cabeza de succi\u00f3n<br \/>\n\u2013 Grado de Impermeabilidad: IPX7. Significa que puede estar bajo el agua durante 30 minutos, puede usarse en el ba\u00f1o o en cualquier otro lugar h\u00famedo y es f\u00e1cil de limpiar.<br \/>\n\u2013 Silencio como un par de Susurros en el o\u00eddo.<br \/>\n\u2013 M\u00faltiples formas de explorar: m\u00e1s placer, esperando a que lo descubras<br \/>\n\u2013 Material:100% material de silicona seguro para el cuerpo<br \/>\n\u2013 Tama\u00f1o perfecto para transportarlo f\u00e1cilmente: puedes llevarlo cuando vayas a trabajar o tambalearte<\/p>\n<p>Dimensiones:<br \/>\n\u2013 Longitud: 8,18 in (20,9 cms)<br \/>\n\u2013 Ancho: 3,22 in (8,2 cms)<br \/>\n\u2013 Altura: 1,41 in (3,6 cms)<br \/>\n\u2013 Diametro de Boquilla: 0,86 in (2,2 cms)<\/p>\n","protected":false},"excerpt":{"rendered":"<p>Te presentamos el nuevo Rabbit Vib, No te quedes con las ganas de sentir nuevas experiencias al momento de estar a solas, ahora no solamente puedes disfrutar las vibraciones que te ofrece un consolador convencional sino que tambien podras disfrutar de una sutil sensacion de succion en tu cuerpo, ya sea que lo pases por&#8230;<\/p>\n","protected":false},"featured_media":18272,"comment_status":"open","ping_status":"closed","template":"","meta":{"_kad_post_transparent":"default","_kad_post_title":"","_kad_post_layout":"default","_kad_post_sidebar_id":"","_kad_post_content_style":"default","_kad_post_vertical_padding":"default","_kad_post_feature":"","_kad_post_feature_position":"","_kad_post_header":false,"_kad_post_footer":false,"_joinchat":[]},"product_brand":[],"product_cat":[24,106],"product_tag":[],"class_list":{"0":"post-18043","1":"product","2":"type-product","3":"status-publish","4":"has-post-thumbnail","6":"product_cat-juguetes-sexuales","7":"product_cat-vibradores","9":"first","10":"instock","11":"shipping-taxable","12":"purchasable","13":"product-type-variable","14":"entry","15":"content-bg","16":"loop-entry"},"_links":{"self":[{"href":"https:\/\/lenceria69.com\/gt\/wp-json\/wp\/v2\/product\/18043","targetHints":{"allow":["GET"]}}],"collection":[{"href":"https:\/\/lenceria69.com\/gt\/wp-json\/wp\/v2\/product"}],"about":[{"href":"https:\/\/lenceria69.com\/gt\/wp-json\/wp\/v2\/types\/product"}],"replies":[{"embeddable":true,"href":"https:\/\/lenceria69.com\/gt\/wp-json\/wp\/v2\/comments?post=18043"}],"version-history":[{"count":3,"href":"https:\/\/lenceria69.com\/gt\/wp-json\/wp\/v2\/product\/18043\/revisions"}],"predecessor-version":[{"id":19129,"href":"https:\/\/lenceria69.com\/gt\/wp-json\/wp\/v2\/product\/18043\/revisions\/19129"}],"wp:featuredmedia":[{"embeddable":true,"href":"https:\/\/lenceria69.com\/gt\/wp-json\/wp\/v2\/media\/18272"}],"wp:attachment":[{"href":"https:\/\/lenceria69.com\/gt\/wp-json\/wp\/v2\/media?parent=18043"}],"wp:term":[{"taxonomy":"product_brand","embeddable":true,"href":"https:\/\/lenceria69.com\/gt\/wp-json\/wp\/v2\/product_brand?post=18043"},{"taxonomy":"product_cat","embeddable":true,"href":"https:\/\/lenceria69.com\/gt\/wp-json\/wp\/v2\/product_cat?post=18043"},{"taxonomy":"product_tag","embeddable":true,"href":"https:\/\/lenceria69.com\/gt\/wp-json\/wp\/v2\/product_tag?post=18043"}],"curies":[{"name":"wp","href":"https:\/\/api.w.org\/{rel}","templated":true}]}}