{"id":17983,"date":"2025-05-03T04:10:09","date_gmt":"2025-05-03T10:10:09","guid":{"rendered":"https:\/\/lenceria69.com\/gt\/?post_type=product&#038;p=17983"},"modified":"2025-08-07T16:31:17","modified_gmt":"2025-08-07T22:31:17","slug":"ba5025bu","status":"publish","type":"product","link":"https:\/\/lenceria69.com\/gt\/producto\/ba5025bu\/","title":{"rendered":"Health Gummies \u2013 Gomitas dulces m\u00e1gicas"},"content":{"rendered":"<p>Te ofrecemos un producto premium de alta calidad que ayuda a promover la relajaci\u00f3n y un estilo de vida saludable. Despu\u00e9s de innumerables investigaciones, hemos creado productos para ayudar al bienestar general de la mente y el cuerpo.<\/p>\n<p>Cultivado a partir de c\u00e1\u00f1amo industrial 100% org\u00e1nico.<br \/>\nUtilizar los beneficios del c\u00e1\u00f1amo industrializado nos permite ofrecer productos de C-B-D limpios de primera calidad.<\/p>\n<p>Todos los productos contienen de cero a 0.3% de T-H-C<\/p>\n","protected":false},"excerpt":{"rendered":"<p>Te ofrecemos un producto premium de alta calidad que ayuda a promover la relajaci\u00f3n y un estilo de vida saludable. Despu\u00e9s de innumerables investigaciones, hemos creado productos para ayudar al bienestar general de la mente y el cuerpo. Cultivado a partir de c\u00e1\u00f1amo industrial 100% org\u00e1nico. Utilizar los beneficios del c\u00e1\u00f1amo industrializado nos permite ofrecer&#8230;<\/p>\n","protected":false},"featured_media":18266,"comment_status":"open","ping_status":"closed","template":"","meta":{"_kad_post_transparent":"default","_kad_post_title":"","_kad_post_layout":"default","_kad_post_sidebar_id":"","_kad_post_content_style":"default","_kad_post_vertical_padding":"default","_kad_post_feature":"","_kad_post_feature_position":"","_kad_post_header":false,"_kad_post_footer":false,"_joinchat":[]},"product_brand":[],"product_cat":[22],"product_tag":[],"class_list":{"0":"post-17983","1":"product","2":"type-product","3":"status-publish","4":"has-post-thumbnail","6":"product_cat-suplementos","8":"first","9":"outofstock","10":"shipping-taxable","11":"purchasable","12":"product-type-simple","13":"entry","14":"content-bg","15":"loop-entry"},"_links":{"self":[{"href":"https:\/\/lenceria69.com\/gt\/wp-json\/wp\/v2\/product\/17983","targetHints":{"allow":["GET"]}}],"collection":[{"href":"https:\/\/lenceria69.com\/gt\/wp-json\/wp\/v2\/product"}],"about":[{"href":"https:\/\/lenceria69.com\/gt\/wp-json\/wp\/v2\/types\/product"}],"replies":[{"embeddable":true,"href":"https:\/\/lenceria69.com\/gt\/wp-json\/wp\/v2\/comments?post=17983"}],"version-history":[{"count":1,"href":"https:\/\/lenceria69.com\/gt\/wp-json\/wp\/v2\/product\/17983\/revisions"}],"predecessor-version":[{"id":17984,"href":"https:\/\/lenceria69.com\/gt\/wp-json\/wp\/v2\/product\/17983\/revisions\/17984"}],"wp:featuredmedia":[{"embeddable":true,"href":"https:\/\/lenceria69.com\/gt\/wp-json\/wp\/v2\/media\/18266"}],"wp:attachment":[{"href":"https:\/\/lenceria69.com\/gt\/wp-json\/wp\/v2\/media?parent=17983"}],"wp:term":[{"taxonomy":"product_brand","embeddable":true,"href":"https:\/\/lenceria69.com\/gt\/wp-json\/wp\/v2\/product_brand?post=17983"},{"taxonomy":"product_cat","embeddable":true,"href":"https:\/\/lenceria69.com\/gt\/wp-json\/wp\/v2\/product_cat?post=17983"},{"taxonomy":"product_tag","embeddable":true,"href":"https:\/\/lenceria69.com\/gt\/wp-json\/wp\/v2\/product_tag?post=17983"}],"curies":[{"name":"wp","href":"https:\/\/api.w.org\/{rel}","templated":true}]}}