{"id":847,"date":"2023-04-10T16:27:36","date_gmt":"2023-04-10T22:27:36","guid":{"rendered":"http:\/\/lenceria69.com\/cr\/?post_type=product&#038;p=847"},"modified":"2023-05-24T12:41:18","modified_gmt":"2023-05-24T18:41:18","slug":"lhn145-sensual-conjunto-de-dos-piezas","status":"publish","type":"product","link":"https:\/\/lenceria69.com\/cr\/producto\/lhn145-sensual-conjunto-de-dos-piezas\/","title":{"rendered":"LHN145 &#8211; Sensual Conjunto de Dos Piezas"},"content":{"rendered":"<p>Aqu\u00ed tenemos el conjunto que estabas esperando para que tu pareja no te quite los ojos de encima, un sensual Conjunto de dos piezas con detalles satinado que deja volar a la imaginaci\u00f3n, har\u00e1 que tu pareja solo tenga ojos para ti y para nadie m\u00e1s.<\/p>\n","protected":false},"excerpt":{"rendered":"<p>Aqu\u00ed tenemos el conjunto que estabas esperando para que tu pareja no te quite los ojos de encima, un sensual Conjunto de dos piezas con detalles satinado que deja volar a la imaginaci\u00f3n, har\u00e1 que tu pareja solo tenga ojos para ti y para nadie m\u00e1s.<\/p>\n","protected":false},"featured_media":100000530,"comment_status":"open","ping_status":"closed","template":"","meta":{"_kad_post_transparent":"default","_kad_post_title":"","_kad_post_layout":"default","_kad_post_sidebar_id":"","_kad_post_content_style":"default","_kad_post_vertical_padding":"default","_kad_post_feature":"","_kad_post_feature_position":"","_kad_post_header":false,"_kad_post_footer":false,"_joinchat":[]},"product_brand":[],"product_cat":[32,37],"product_tag":[],"class_list":{"0":"post-847","1":"product","2":"type-product","3":"status-publish","4":"has-post-thumbnail","6":"product_cat-lenceria","7":"product_cat-unitalla","9":"first","10":"instock","11":"shipping-taxable","12":"purchasable","13":"product-type-simple","14":"entry","15":"content-bg","16":"loop-entry"},"_links":{"self":[{"href":"https:\/\/lenceria69.com\/cr\/wp-json\/wp\/v2\/product\/847","targetHints":{"allow":["GET"]}}],"collection":[{"href":"https:\/\/lenceria69.com\/cr\/wp-json\/wp\/v2\/product"}],"about":[{"href":"https:\/\/lenceria69.com\/cr\/wp-json\/wp\/v2\/types\/product"}],"replies":[{"embeddable":true,"href":"https:\/\/lenceria69.com\/cr\/wp-json\/wp\/v2\/comments?post=847"}],"version-history":[{"count":0,"href":"https:\/\/lenceria69.com\/cr\/wp-json\/wp\/v2\/product\/847\/revisions"}],"wp:featuredmedia":[{"embeddable":true,"href":"https:\/\/lenceria69.com\/cr\/wp-json\/"}],"wp:attachment":[{"href":"https:\/\/lenceria69.com\/cr\/wp-json\/wp\/v2\/media?parent=847"}],"wp:term":[{"taxonomy":"product_brand","embeddable":true,"href":"https:\/\/lenceria69.com\/cr\/wp-json\/wp\/v2\/product_brand?post=847"},{"taxonomy":"product_cat","embeddable":true,"href":"https:\/\/lenceria69.com\/cr\/wp-json\/wp\/v2\/product_cat?post=847"},{"taxonomy":"product_tag","embeddable":true,"href":"https:\/\/lenceria69.com\/cr\/wp-json\/wp\/v2\/product_tag?post=847"}],"curies":[{"name":"wp","href":"https:\/\/api.w.org\/{rel}","templated":true}]}}